{"id":385135,"date":"2025-05-18T21:33:04","date_gmt":"2025-05-18T21:33:04","guid":{"rendered":"https:\/\/staging2.stylingagenten.com\/no\/produkt\/2-pack-ace-of-joker-pliable-moulding-paste-100ml\/"},"modified":"2026-03-31T07:38:36","modified_gmt":"2026-03-31T07:38:36","slug":"2-pack-ace-of-joker-pliable-moulding-paste-100ml","status":"publish","type":"product","link":"https:\/\/stylingagenten.com\/no\/produkt\/2-pack-ace-of-joker-pliable-moulding-paste-100ml\/","title":{"rendered":"2-pack Ace of Joker Pliable Moulding Paste 100ml"},"content":{"rendered":"<p>Ace of Joker Pliable Molding Paste er en unik voks utviklet for \u00e5 skape det lille ekstra n\u00e5r det kommer til langt og kort h\u00e5r. Med sin fleksible f\u00f8lelse kan du finne en \u00f8nsket form i h\u00e5ret som du aldri har opplevd f\u00f8r med noen annen voks. <br \/>Ace of Joker kan brukes i v\u00e5tt eller t\u00f8rt h\u00e5r. Hold 5 av 5.<\/p>\n","protected":false},"excerpt":{"rendered":"<p>Ace of Joker Pliable Molding Paste er en unik voks utviklet for \u00e5 skape det lille ekstra n\u00e5r det kommer til langt og kort h\u00e5r. Med sin fleksible f\u00f8lelse kan du finne en \u00f8nsket form i h\u00e5ret som du aldri har opplevd f\u00f8r med noen annen voks. Ace of Joker kan brukes i v\u00e5tt eller [&hellip;]<\/p>\n","protected":false},"featured_media":385129,"comment_status":"open","ping_status":"closed","template":"","meta":{"_trash_the_other_posts":false},"product_brand":[],"product_cat":[671],"product_tag":[],"berocket_brand":[1183],"class_list":{"0":"post-385135","1":"product","2":"type-product","3":"status-publish","4":"has-post-thumbnail","6":"product_cat-multipakke-voks","7":"pa_brand-ace","8":"berocket_brand-ace","10":"first","11":"instock","12":"sale","13":"taxable","14":"shipping-taxable","15":"purchasable","16":"product-type-simple"},"_links":{"self":[{"href":"https:\/\/stylingagenten.com\/no\/wp-json\/wp\/v2\/product\/385135","targetHints":{"allow":["GET"]}}],"collection":[{"href":"https:\/\/stylingagenten.com\/no\/wp-json\/wp\/v2\/product"}],"about":[{"href":"https:\/\/stylingagenten.com\/no\/wp-json\/wp\/v2\/types\/product"}],"replies":[{"embeddable":true,"href":"https:\/\/stylingagenten.com\/no\/wp-json\/wp\/v2\/comments?post=385135"}],"version-history":[{"count":0,"href":"https:\/\/stylingagenten.com\/no\/wp-json\/wp\/v2\/product\/385135\/revisions"}],"wp:featuredmedia":[{"embeddable":true,"href":"https:\/\/stylingagenten.com\/no\/wp-json\/wp\/v2\/media\/385129"}],"wp:attachment":[{"href":"https:\/\/stylingagenten.com\/no\/wp-json\/wp\/v2\/media?parent=385135"}],"wp:term":[{"taxonomy":"product_brand","embeddable":true,"href":"https:\/\/stylingagenten.com\/no\/wp-json\/wp\/v2\/product_brand?post=385135"},{"taxonomy":"product_cat","embeddable":true,"href":"https:\/\/stylingagenten.com\/no\/wp-json\/wp\/v2\/product_cat?post=385135"},{"taxonomy":"product_tag","embeddable":true,"href":"https:\/\/stylingagenten.com\/no\/wp-json\/wp\/v2\/product_tag?post=385135"},{"taxonomy":"berocket_brand","embeddable":true,"href":"https:\/\/stylingagenten.com\/no\/wp-json\/wp\/v2\/berocket_brand?post=385135"}],"curies":[{"name":"wp","href":"https:\/\/api.w.org\/{rel}","templated":true}]}}