{"id":385073,"date":"2025-05-18T21:32:54","date_gmt":"2025-05-18T21:32:54","guid":{"rendered":"https:\/\/staging2.stylingagenten.com\/no\/produkt\/wet-n-wild-coloricon-kohl-eyeliner-black-e601a\/"},"modified":"2026-04-11T00:58:48","modified_gmt":"2026-04-11T00:58:48","slug":"wet-n-wild-coloricon-kohl-eyeliner-black-e601a","status":"publish","type":"product","link":"https:\/\/stylingagenten.com\/no\/produkt\/wet-n-wild-coloricon-kohl-eyeliner-black-e601a\/","title":{"rendered":"Wet n Wild Coloricon Kohl Eyeliner Black E601A"},"content":{"rendered":"<p>Wet n Wild Coloricon Khol Eyeliner Black E601A er en h\u00f8ypigmentert eyeliner og dens kremaktige tekstur gj\u00f8r den enkel og jevn \u00e5 p\u00e5f\u00f8re.<\/p>\n","protected":false},"excerpt":{"rendered":"<p>Wet n Wild Coloricon Khol Eyeliner Black E601A er en h\u00f8ypigmentert eyeliner og dens kremaktige tekstur gj\u00f8r den enkel og jevn \u00e5 p\u00e5f\u00f8re.<\/p>\n","protected":false},"featured_media":385070,"comment_status":"open","ping_status":"closed","template":"","meta":{"_trash_the_other_posts":false},"product_brand":[],"product_cat":[568],"product_tag":[4084],"berocket_brand":[1035],"class_list":{"0":"post-385073","1":"product","2":"type-product","3":"status-publish","4":"has-post-thumbnail","6":"product_cat-eyeliner-kajal","7":"product_tag-wet-n-wild-color-icon-lipliner-pencil","8":"pa_brand-wet-n-wild","9":"pa_variant-black-e601a","10":"berocket_brand-wet-n-wild","12":"first","13":"instock","14":"sale","15":"taxable","16":"shipping-taxable","17":"purchasable","18":"product-type-simple"},"_links":{"self":[{"href":"https:\/\/stylingagenten.com\/no\/wp-json\/wp\/v2\/product\/385073","targetHints":{"allow":["GET"]}}],"collection":[{"href":"https:\/\/stylingagenten.com\/no\/wp-json\/wp\/v2\/product"}],"about":[{"href":"https:\/\/stylingagenten.com\/no\/wp-json\/wp\/v2\/types\/product"}],"replies":[{"embeddable":true,"href":"https:\/\/stylingagenten.com\/no\/wp-json\/wp\/v2\/comments?post=385073"}],"version-history":[{"count":0,"href":"https:\/\/stylingagenten.com\/no\/wp-json\/wp\/v2\/product\/385073\/revisions"}],"wp:featuredmedia":[{"embeddable":true,"href":"https:\/\/stylingagenten.com\/no\/wp-json\/wp\/v2\/media\/385070"}],"wp:attachment":[{"href":"https:\/\/stylingagenten.com\/no\/wp-json\/wp\/v2\/media?parent=385073"}],"wp:term":[{"taxonomy":"product_brand","embeddable":true,"href":"https:\/\/stylingagenten.com\/no\/wp-json\/wp\/v2\/product_brand?post=385073"},{"taxonomy":"product_cat","embeddable":true,"href":"https:\/\/stylingagenten.com\/no\/wp-json\/wp\/v2\/product_cat?post=385073"},{"taxonomy":"product_tag","embeddable":true,"href":"https:\/\/stylingagenten.com\/no\/wp-json\/wp\/v2\/product_tag?post=385073"},{"taxonomy":"berocket_brand","embeddable":true,"href":"https:\/\/stylingagenten.com\/no\/wp-json\/wp\/v2\/berocket_brand?post=385073"}],"curies":[{"name":"wp","href":"https:\/\/api.w.org\/{rel}","templated":true}]}}