{"id":384933,"date":"2025-05-18T21:32:31","date_gmt":"2025-05-18T21:32:31","guid":{"rendered":"https:\/\/staging2.stylingagenten.com\/no\/produkt\/max-factor-kohl-pencil-010-white\/"},"modified":"2026-04-01T07:38:58","modified_gmt":"2026-04-01T07:38:58","slug":"max-factor-kohl-pencil-010-white","status":"publish","type":"product","link":"https:\/\/stylingagenten.com\/no\/produkt\/max-factor-kohl-pencil-010-white\/","title":{"rendered":"Max Factor Kohl Pencil 010 White"},"content":{"rendered":"<p>Max Factor Kohl Pencil Eyeliner er sk\u00e5nsom og enkel \u00e5 p\u00e5f\u00f8re. <br \/>Blyanten er fast nok for elegant definisjon og myk nok for en sofistikert r\u00f8ykfylt finish.<\/p>\n","protected":false},"excerpt":{"rendered":"<p>Max Factor Kohl Pencil Eyeliner er sk\u00e5nsom og enkel \u00e5 p\u00e5f\u00f8re. Blyanten er fast nok for elegant definisjon og myk nok for en sofistikert r\u00f8ykfylt finish.<\/p>\n","protected":false},"featured_media":384923,"comment_status":"open","ping_status":"closed","template":"","meta":{"_trash_the_other_posts":false},"product_brand":[],"product_cat":[568],"product_tag":[3476],"berocket_brand":[1013],"class_list":{"0":"post-384933","1":"product","2":"type-product","3":"status-publish","4":"has-post-thumbnail","6":"product_cat-eyeliner-kajal","7":"product_tag-max-factor-kohl-pencil","8":"pa_brand-max-factor","9":"pa_variant-010-white","10":"berocket_brand-max-factor","12":"first","13":"instock","14":"sale","15":"taxable","16":"shipping-taxable","17":"purchasable","18":"product-type-simple"},"_links":{"self":[{"href":"https:\/\/stylingagenten.com\/no\/wp-json\/wp\/v2\/product\/384933","targetHints":{"allow":["GET"]}}],"collection":[{"href":"https:\/\/stylingagenten.com\/no\/wp-json\/wp\/v2\/product"}],"about":[{"href":"https:\/\/stylingagenten.com\/no\/wp-json\/wp\/v2\/types\/product"}],"replies":[{"embeddable":true,"href":"https:\/\/stylingagenten.com\/no\/wp-json\/wp\/v2\/comments?post=384933"}],"version-history":[{"count":0,"href":"https:\/\/stylingagenten.com\/no\/wp-json\/wp\/v2\/product\/384933\/revisions"}],"wp:featuredmedia":[{"embeddable":true,"href":"https:\/\/stylingagenten.com\/no\/wp-json\/wp\/v2\/media\/384923"}],"wp:attachment":[{"href":"https:\/\/stylingagenten.com\/no\/wp-json\/wp\/v2\/media?parent=384933"}],"wp:term":[{"taxonomy":"product_brand","embeddable":true,"href":"https:\/\/stylingagenten.com\/no\/wp-json\/wp\/v2\/product_brand?post=384933"},{"taxonomy":"product_cat","embeddable":true,"href":"https:\/\/stylingagenten.com\/no\/wp-json\/wp\/v2\/product_cat?post=384933"},{"taxonomy":"product_tag","embeddable":true,"href":"https:\/\/stylingagenten.com\/no\/wp-json\/wp\/v2\/product_tag?post=384933"},{"taxonomy":"berocket_brand","embeddable":true,"href":"https:\/\/stylingagenten.com\/no\/wp-json\/wp\/v2\/berocket_brand?post=384933"}],"curies":[{"name":"wp","href":"https:\/\/api.w.org\/{rel}","templated":true}]}}