{"id":384859,"date":"2025-05-18T21:32:23","date_gmt":"2025-05-18T21:32:23","guid":{"rendered":"https:\/\/staging2.stylingagenten.com\/no\/produkt\/nyx-prof-makeup-epic-wear-liquid-liner-red\/"},"modified":"2025-12-18T21:55:51","modified_gmt":"2025-12-18T21:55:51","slug":"nyx-prof-makeup-epic-wear-liquid-liner-red","status":"publish","type":"product","link":"https:\/\/stylingagenten.com\/no\/produkt\/nyx-prof-makeup-epic-wear-liquid-liner-red\/","title":{"rendered":"NYX PROF. MAKEUP Epic Wear Liquid Liner &#8211; Red"},"content":{"rendered":"<p>NYX PROF. MAKEUP Epic Wear Liquid Liner &#8211; R\u00f8d &#8211; 3ml<br \/>Med en slank og fleksibel filtb\u00f8rstespiss gir denne intenst pigmenterte, vanntette eyelinerpennen deg presise, s\u00f8te, brune linjer uten problemer. Hvert slag er utrolig flytende og kontrollert for en definert finish. Sjekk tykkelsen p\u00e5 linjene dine ved \u00e5 trykke forsiktig. Fin og naturlig til bred og dristig &#8211; eyeliner-looken er alltid opp til deg!<\/p>\n","protected":false},"excerpt":{"rendered":"<p>NYX PROF. MAKEUP Epic Wear Liquid Liner &#8211; R\u00f8d &#8211; 3mlMed en slank og fleksibel filtb\u00f8rstespiss gir denne intenst pigmenterte, vanntette eyelinerpennen deg presise, s\u00f8te, brune linjer uten problemer. Hvert slag er utrolig flytende og kontrollert for en definert finish. Sjekk tykkelsen p\u00e5 linjene dine ved \u00e5 trykke forsiktig. Fin og naturlig til bred og [&hellip;]<\/p>\n","protected":false},"featured_media":384848,"comment_status":"open","ping_status":"closed","template":"","meta":{"_trash_the_other_posts":false},"product_brand":[],"product_cat":[568],"product_tag":[3659],"berocket_brand":[1025],"class_list":{"0":"post-384859","1":"product","2":"type-product","3":"status-publish","4":"has-post-thumbnail","6":"product_cat-eyeliner-kajal","7":"product_tag-nyx-prof-makeup-epic-wear-liquid-liner","8":"pa_brand-nyx","9":"pa_variant-red","10":"berocket_brand-nyx","12":"first","13":"instock","14":"sale","15":"taxable","16":"shipping-taxable","17":"purchasable","18":"product-type-simple"},"_links":{"self":[{"href":"https:\/\/stylingagenten.com\/no\/wp-json\/wp\/v2\/product\/384859","targetHints":{"allow":["GET"]}}],"collection":[{"href":"https:\/\/stylingagenten.com\/no\/wp-json\/wp\/v2\/product"}],"about":[{"href":"https:\/\/stylingagenten.com\/no\/wp-json\/wp\/v2\/types\/product"}],"replies":[{"embeddable":true,"href":"https:\/\/stylingagenten.com\/no\/wp-json\/wp\/v2\/comments?post=384859"}],"version-history":[{"count":0,"href":"https:\/\/stylingagenten.com\/no\/wp-json\/wp\/v2\/product\/384859\/revisions"}],"wp:featuredmedia":[{"embeddable":true,"href":"https:\/\/stylingagenten.com\/no\/wp-json\/wp\/v2\/media\/384848"}],"wp:attachment":[{"href":"https:\/\/stylingagenten.com\/no\/wp-json\/wp\/v2\/media?parent=384859"}],"wp:term":[{"taxonomy":"product_brand","embeddable":true,"href":"https:\/\/stylingagenten.com\/no\/wp-json\/wp\/v2\/product_brand?post=384859"},{"taxonomy":"product_cat","embeddable":true,"href":"https:\/\/stylingagenten.com\/no\/wp-json\/wp\/v2\/product_cat?post=384859"},{"taxonomy":"product_tag","embeddable":true,"href":"https:\/\/stylingagenten.com\/no\/wp-json\/wp\/v2\/product_tag?post=384859"},{"taxonomy":"berocket_brand","embeddable":true,"href":"https:\/\/stylingagenten.com\/no\/wp-json\/wp\/v2\/berocket_brand?post=384859"}],"curies":[{"name":"wp","href":"https:\/\/api.w.org\/{rel}","templated":true}]}}