{"id":384845,"date":"2025-05-18T21:32:21","date_gmt":"2025-05-18T21:32:21","guid":{"rendered":"https:\/\/staging2.stylingagenten.com\/no\/produkt\/max-factor-kohl-eye-pencil-black-020-4g\/"},"modified":"2026-04-06T09:21:33","modified_gmt":"2026-04-06T09:21:33","slug":"max-factor-kohl-eye-pencil-black-020-4g","status":"publish","type":"product","link":"https:\/\/stylingagenten.com\/no\/produkt\/max-factor-kohl-eye-pencil-black-020-4g\/","title":{"rendered":"Max Factor Kohl Eye Pencil Black 020 4g"},"content":{"rendered":"<p>Max Factor Khol Eye Pencil er ditt hemmelige v\u00e5pen n\u00e5r du vil ha sexy og i\u00f8ynefallende \u00f8yne! Den myke blyanten er enkel \u00e5 p\u00e5f\u00f8re og skaper \u00f8yeblikkelig en f\u00f8lelse av glamour enten du skal fra jobb til jobb, treningsstudio eller dansegulvet!<\/p>\n","protected":false},"excerpt":{"rendered":"<p>Max Factor Khol Eye Pencil er ditt hemmelige v\u00e5pen n\u00e5r du vil ha sexy og i\u00f8ynefallende \u00f8yne! Den myke blyanten er enkel \u00e5 p\u00e5f\u00f8re og skaper \u00f8yeblikkelig en f\u00f8lelse av glamour enten du skal fra jobb til jobb, treningsstudio eller dansegulvet!<\/p>\n","protected":false},"featured_media":384838,"comment_status":"open","ping_status":"closed","template":"","meta":{"_trash_the_other_posts":false},"product_brand":[],"product_cat":[1003,568],"product_tag":[],"berocket_brand":[1013],"class_list":{"0":"post-384845","1":"product","2":"type-product","3":"status-publish","4":"has-post-thumbnail","6":"product_cat-bestselgere","7":"product_cat-eyeliner-kajal","8":"pa_brand-max-factor","9":"berocket_brand-max-factor","11":"first","12":"instock","13":"sale","14":"taxable","15":"shipping-taxable","16":"purchasable","17":"product-type-simple"},"_links":{"self":[{"href":"https:\/\/stylingagenten.com\/no\/wp-json\/wp\/v2\/product\/384845","targetHints":{"allow":["GET"]}}],"collection":[{"href":"https:\/\/stylingagenten.com\/no\/wp-json\/wp\/v2\/product"}],"about":[{"href":"https:\/\/stylingagenten.com\/no\/wp-json\/wp\/v2\/types\/product"}],"replies":[{"embeddable":true,"href":"https:\/\/stylingagenten.com\/no\/wp-json\/wp\/v2\/comments?post=384845"}],"version-history":[{"count":0,"href":"https:\/\/stylingagenten.com\/no\/wp-json\/wp\/v2\/product\/384845\/revisions"}],"wp:featuredmedia":[{"embeddable":true,"href":"https:\/\/stylingagenten.com\/no\/wp-json\/wp\/v2\/media\/384838"}],"wp:attachment":[{"href":"https:\/\/stylingagenten.com\/no\/wp-json\/wp\/v2\/media?parent=384845"}],"wp:term":[{"taxonomy":"product_brand","embeddable":true,"href":"https:\/\/stylingagenten.com\/no\/wp-json\/wp\/v2\/product_brand?post=384845"},{"taxonomy":"product_cat","embeddable":true,"href":"https:\/\/stylingagenten.com\/no\/wp-json\/wp\/v2\/product_cat?post=384845"},{"taxonomy":"product_tag","embeddable":true,"href":"https:\/\/stylingagenten.com\/no\/wp-json\/wp\/v2\/product_tag?post=384845"},{"taxonomy":"berocket_brand","embeddable":true,"href":"https:\/\/stylingagenten.com\/no\/wp-json\/wp\/v2\/berocket_brand?post=384845"}],"curies":[{"name":"wp","href":"https:\/\/api.w.org\/{rel}","templated":true}]}}