{"id":384841,"date":"2025-05-18T21:32:21","date_gmt":"2025-05-18T21:32:21","guid":{"rendered":"https:\/\/staging2.stylingagenten.com\/no\/produkt\/thebalm-mr-write-now-eyeliner-brian-beige-028g\/"},"modified":"2025-12-18T21:58:25","modified_gmt":"2025-12-18T21:58:25","slug":"thebalm-mr-write-now-eyeliner-brian-beige-028g","status":"publish","type":"product","link":"https:\/\/stylingagenten.com\/no\/produkt\/thebalm-mr-write-now-eyeliner-brian-beige-028g\/","title":{"rendered":"theBalm Mr Write Now Eyeliner Brian Beige 0,28g"},"content":{"rendered":"<p>theBalm Mr Write (n\u00e5) har en nyanse for hver dag i uken &#8230; og litt til! M\u00f8t den nye kolleksjonen av attraktive eyeliners som virkelig flater \u00f8ynene. Disse blyantene gir de langvarige fargene du har lett etter, og har innebygde spissere. de er alltid klare n\u00e5r du er det. B\u00e6rbare nyanser og en satengmyk tekstur.<\/p>\n<p>Farge: Beige<\/p>\n","protected":false},"excerpt":{"rendered":"<p>theBalm Mr Write (n\u00e5) har en nyanse for hver dag i uken &#8230; og litt til! M\u00f8t den nye kolleksjonen av attraktive eyeliners som virkelig flater \u00f8ynene. Disse blyantene gir de langvarige fargene du har lett etter, og har innebygde spissere. de er alltid klare n\u00e5r du er det. B\u00e6rbare nyanser og en satengmyk tekstur. [&hellip;]<\/p>\n","protected":false},"featured_media":384839,"comment_status":"open","ping_status":"closed","template":"","meta":{"_trash_the_other_posts":false},"product_brand":[],"product_cat":[568],"product_tag":[4003],"berocket_brand":[1118],"class_list":{"0":"post-384841","1":"product","2":"type-product","3":"status-publish","4":"has-post-thumbnail","6":"product_cat-eyeliner-kajal","7":"product_tag-thebalm-mr-write-now-eyeliner-028g","8":"pa_brand-thebalm","9":"pa_variant-brian-beige","10":"berocket_brand-thebalm","12":"first","13":"instock","14":"taxable","15":"shipping-taxable","16":"purchasable","17":"product-type-simple"},"_links":{"self":[{"href":"https:\/\/stylingagenten.com\/no\/wp-json\/wp\/v2\/product\/384841","targetHints":{"allow":["GET"]}}],"collection":[{"href":"https:\/\/stylingagenten.com\/no\/wp-json\/wp\/v2\/product"}],"about":[{"href":"https:\/\/stylingagenten.com\/no\/wp-json\/wp\/v2\/types\/product"}],"replies":[{"embeddable":true,"href":"https:\/\/stylingagenten.com\/no\/wp-json\/wp\/v2\/comments?post=384841"}],"version-history":[{"count":0,"href":"https:\/\/stylingagenten.com\/no\/wp-json\/wp\/v2\/product\/384841\/revisions"}],"wp:featuredmedia":[{"embeddable":true,"href":"https:\/\/stylingagenten.com\/no\/wp-json\/wp\/v2\/media\/384839"}],"wp:attachment":[{"href":"https:\/\/stylingagenten.com\/no\/wp-json\/wp\/v2\/media?parent=384841"}],"wp:term":[{"taxonomy":"product_brand","embeddable":true,"href":"https:\/\/stylingagenten.com\/no\/wp-json\/wp\/v2\/product_brand?post=384841"},{"taxonomy":"product_cat","embeddable":true,"href":"https:\/\/stylingagenten.com\/no\/wp-json\/wp\/v2\/product_cat?post=384841"},{"taxonomy":"product_tag","embeddable":true,"href":"https:\/\/stylingagenten.com\/no\/wp-json\/wp\/v2\/product_tag?post=384841"},{"taxonomy":"berocket_brand","embeddable":true,"href":"https:\/\/stylingagenten.com\/no\/wp-json\/wp\/v2\/berocket_brand?post=384841"}],"curies":[{"name":"wp","href":"https:\/\/api.w.org\/{rel}","templated":true}]}}