{"id":384833,"date":"2025-05-18T21:32:19","date_gmt":"2025-05-18T21:32:19","guid":{"rendered":"https:\/\/staging2.stylingagenten.com\/no\/produkt\/beauty-uk-pro-gel-eyeliner-cobalt-blue-45g\/"},"modified":"2026-01-26T08:07:05","modified_gmt":"2026-01-26T08:07:05","slug":"beauty-uk-pro-gel-eyeliner-cobalt-blue-45g","status":"publish","type":"product","link":"https:\/\/stylingagenten.com\/no\/produkt\/beauty-uk-pro-gel-eyeliner-cobalt-blue-45g\/","title":{"rendered":"Beauty UK Pro Gel Eyeliner Cobalt Blue 4,5g"},"content":{"rendered":"<p>Beauty UK Pro Gel Eyeliner Cobalt Blue er en kremaktig eyeliner i gelform som sitter p\u00e5 hele dagen. Legg til de fineste linjene for \u00e5 ramme inn utseendet, det er superenkelt \u00e5 jobbe med s\u00e5; at du kan forme linjene som du vil.<\/p>\n<p data-empty=\"true\"><\/p>\n<p data-empty=\"true\"><\/p>\n<p> &nbsp;<\/p>\n<p data-empty=\"true\"><\/p>\n","protected":false},"excerpt":{"rendered":"<p>Beauty UK Pro Gel Eyeliner Cobalt Blue er en kremaktig eyeliner i gelform som sitter p\u00e5 hele dagen. Legg til de fineste linjene for \u00e5 ramme inn utseendet, det er superenkelt \u00e5 jobbe med s\u00e5; at du kan forme linjene som du vil. &nbsp;<\/p>\n","protected":false},"featured_media":384831,"comment_status":"open","ping_status":"closed","template":"","meta":{"_trash_the_other_posts":false},"product_brand":[],"product_cat":[568],"product_tag":[],"berocket_brand":[1059],"class_list":{"0":"post-384833","1":"product","2":"type-product","3":"status-publish","4":"has-post-thumbnail","6":"product_cat-eyeliner-kajal","7":"pa_brand-beautyuk","8":"berocket_brand-beautyuk","10":"first","11":"instock","12":"sale","13":"taxable","14":"shipping-taxable","15":"purchasable","16":"product-type-simple"},"_links":{"self":[{"href":"https:\/\/stylingagenten.com\/no\/wp-json\/wp\/v2\/product\/384833","targetHints":{"allow":["GET"]}}],"collection":[{"href":"https:\/\/stylingagenten.com\/no\/wp-json\/wp\/v2\/product"}],"about":[{"href":"https:\/\/stylingagenten.com\/no\/wp-json\/wp\/v2\/types\/product"}],"replies":[{"embeddable":true,"href":"https:\/\/stylingagenten.com\/no\/wp-json\/wp\/v2\/comments?post=384833"}],"version-history":[{"count":0,"href":"https:\/\/stylingagenten.com\/no\/wp-json\/wp\/v2\/product\/384833\/revisions"}],"wp:featuredmedia":[{"embeddable":true,"href":"https:\/\/stylingagenten.com\/no\/wp-json\/wp\/v2\/media\/384831"}],"wp:attachment":[{"href":"https:\/\/stylingagenten.com\/no\/wp-json\/wp\/v2\/media?parent=384833"}],"wp:term":[{"taxonomy":"product_brand","embeddable":true,"href":"https:\/\/stylingagenten.com\/no\/wp-json\/wp\/v2\/product_brand?post=384833"},{"taxonomy":"product_cat","embeddable":true,"href":"https:\/\/stylingagenten.com\/no\/wp-json\/wp\/v2\/product_cat?post=384833"},{"taxonomy":"product_tag","embeddable":true,"href":"https:\/\/stylingagenten.com\/no\/wp-json\/wp\/v2\/product_tag?post=384833"},{"taxonomy":"berocket_brand","embeddable":true,"href":"https:\/\/stylingagenten.com\/no\/wp-json\/wp\/v2\/berocket_brand?post=384833"}],"curies":[{"name":"wp","href":"https:\/\/api.w.org\/{rel}","templated":true}]}}