{"id":384795,"date":"2025-05-18T21:32:12","date_gmt":"2025-05-18T21:32:12","guid":{"rendered":"https:\/\/staging2.stylingagenten.com\/no\/produkt\/beauty-uk-double-ended-jumbo-pencil-no-1-blackwhite\/"},"modified":"2026-03-16T12:07:51","modified_gmt":"2026-03-16T12:07:51","slug":"beauty-uk-double-ended-jumbo-pencil-no-1-blackwhite","status":"publish","type":"product","link":"https:\/\/stylingagenten.com\/no\/produkt\/beauty-uk-double-ended-jumbo-pencil-no-1-blackwhite\/","title":{"rendered":"Beauty UK Double Ended Jumbo Pencil no.1 &#8211; Black&amp;White"},"content":{"rendered":"<p>Beauty UK Jumbo-blyant med dobbel ende nr. 1 &#8211; Svart og hvit. En revolusjon innen stil og bekvemmelighet &#8211; denne dobbeltsidige pennen gir med den svarte &ouml;pennen et perfekt og fl\u00f8yelsmykt resultat og en &quot;metallisk finish&quot; med &ouml;gon-skyggen. Den ideelle vingevispen for \u00e5 lage en pre-risikabel fargetone p\u00e5; &ouml; tullingen. Fungerer perfekt som base for \u00e5 bygge \u00f8yenskyggen og skape \u00f8nsket utseende.<\/p>\n<p>Farge &#8211; Black Eyeliner \/ White Eyeshadow<\/p>\n","protected":false},"excerpt":{"rendered":"<p>Beauty UK Jumbo-blyant med dobbel ende nr. 1 &#8211; Svart og hvit. En revolusjon innen stil og bekvemmelighet &#8211; denne dobbeltsidige pennen gir med den svarte &ouml;pennen et perfekt og fl\u00f8yelsmykt resultat og en &quot;metallisk finish&quot; med &ouml;gon-skyggen. Den ideelle vingevispen for \u00e5 lage en pre-risikabel fargetone p\u00e5; &ouml; tullingen. Fungerer perfekt som base for [&hellip;]<\/p>\n","protected":false},"featured_media":384791,"comment_status":"open","ping_status":"closed","template":"","meta":{"_trash_the_other_posts":false},"product_brand":[],"product_cat":[568],"product_tag":[2488],"berocket_brand":[1059],"class_list":{"0":"post-384795","1":"product","2":"type-product","3":"status-publish","4":"has-post-thumbnail","6":"product_cat-eyeliner-kajal","7":"product_tag-beauty-uk-double-ended-jumbo-pencil","8":"pa_brand-beautyuk","9":"pa_variant-no-1-blackwhite","10":"berocket_brand-beautyuk","12":"first","13":"instock","14":"sale","15":"taxable","16":"shipping-taxable","17":"purchasable","18":"product-type-simple"},"_links":{"self":[{"href":"https:\/\/stylingagenten.com\/no\/wp-json\/wp\/v2\/product\/384795","targetHints":{"allow":["GET"]}}],"collection":[{"href":"https:\/\/stylingagenten.com\/no\/wp-json\/wp\/v2\/product"}],"about":[{"href":"https:\/\/stylingagenten.com\/no\/wp-json\/wp\/v2\/types\/product"}],"replies":[{"embeddable":true,"href":"https:\/\/stylingagenten.com\/no\/wp-json\/wp\/v2\/comments?post=384795"}],"version-history":[{"count":0,"href":"https:\/\/stylingagenten.com\/no\/wp-json\/wp\/v2\/product\/384795\/revisions"}],"wp:featuredmedia":[{"embeddable":true,"href":"https:\/\/stylingagenten.com\/no\/wp-json\/wp\/v2\/media\/384791"}],"wp:attachment":[{"href":"https:\/\/stylingagenten.com\/no\/wp-json\/wp\/v2\/media?parent=384795"}],"wp:term":[{"taxonomy":"product_brand","embeddable":true,"href":"https:\/\/stylingagenten.com\/no\/wp-json\/wp\/v2\/product_brand?post=384795"},{"taxonomy":"product_cat","embeddable":true,"href":"https:\/\/stylingagenten.com\/no\/wp-json\/wp\/v2\/product_cat?post=384795"},{"taxonomy":"product_tag","embeddable":true,"href":"https:\/\/stylingagenten.com\/no\/wp-json\/wp\/v2\/product_tag?post=384795"},{"taxonomy":"berocket_brand","embeddable":true,"href":"https:\/\/stylingagenten.com\/no\/wp-json\/wp\/v2\/berocket_brand?post=384795"}],"curies":[{"name":"wp","href":"https:\/\/api.w.org\/{rel}","templated":true}]}}