{"id":384784,"date":"2025-05-18T21:32:09","date_gmt":"2025-05-18T21:32:09","guid":{"rendered":"https:\/\/staging2.stylingagenten.com\/no\/produkt\/kokie-gel-ink-dual-ended-liner-black\/"},"modified":"2026-03-11T19:37:42","modified_gmt":"2026-03-11T19:37:42","slug":"kokie-gel-ink-dual-ended-liner-black","status":"publish","type":"product","link":"https:\/\/stylingagenten.com\/no\/produkt\/kokie-gel-ink-dual-ended-liner-black\/","title":{"rendered":"Kokie Gel-Ink Dual Ended Liner Black"},"content":{"rendered":"<p>Kokie Gel Ink Dual Ended Eyeliner har alt du trenger for \u00e5 lage \u00f8yesminke p\u00e5 enhver \u00f8yeform. Inneholder en tynn flytende liner p\u00e5 den ene siden og en gelpenn p\u00e5 den andre. Formulert for \u00e5 vare i opptil 12 timer med en matt svart formel. Denne unike designen lar deg lage en enkel eyeliner eller en flerdimensjonal \u00f8yelook &#8211; et must i sminkevesken din.<\/p>\n<p>Vannbestandig<br \/>Flekkfri<br \/>Matt svart finish<br \/>Opptil 12 timers holdbarhet<\/p>\n","protected":false},"excerpt":{"rendered":"<p>Kokie Gel Ink Dual Ended Eyeliner har alt du trenger for \u00e5 lage \u00f8yesminke p\u00e5 enhver \u00f8yeform. Inneholder en tynn flytende liner p\u00e5 den ene siden og en gelpenn p\u00e5 den andre. Formulert for \u00e5 vare i opptil 12 timer med en matt svart formel. Denne unike designen lar deg lage en enkel eyeliner eller [&hellip;]<\/p>\n","protected":false},"featured_media":384766,"comment_status":"open","ping_status":"closed","template":"","meta":{"_trash_the_other_posts":false},"product_brand":[],"product_cat":[568],"product_tag":[],"berocket_brand":[1198],"class_list":{"0":"post-384784","1":"product","2":"type-product","3":"status-publish","4":"has-post-thumbnail","6":"product_cat-eyeliner-kajal","7":"pa_brand-kokie-cosmetics","8":"berocket_brand-kokie-cosmetics","10":"first","11":"instock","12":"sale","13":"taxable","14":"shipping-taxable","15":"purchasable","16":"product-type-simple"},"_links":{"self":[{"href":"https:\/\/stylingagenten.com\/no\/wp-json\/wp\/v2\/product\/384784","targetHints":{"allow":["GET"]}}],"collection":[{"href":"https:\/\/stylingagenten.com\/no\/wp-json\/wp\/v2\/product"}],"about":[{"href":"https:\/\/stylingagenten.com\/no\/wp-json\/wp\/v2\/types\/product"}],"replies":[{"embeddable":true,"href":"https:\/\/stylingagenten.com\/no\/wp-json\/wp\/v2\/comments?post=384784"}],"version-history":[{"count":0,"href":"https:\/\/stylingagenten.com\/no\/wp-json\/wp\/v2\/product\/384784\/revisions"}],"wp:featuredmedia":[{"embeddable":true,"href":"https:\/\/stylingagenten.com\/no\/wp-json\/wp\/v2\/media\/384766"}],"wp:attachment":[{"href":"https:\/\/stylingagenten.com\/no\/wp-json\/wp\/v2\/media?parent=384784"}],"wp:term":[{"taxonomy":"product_brand","embeddable":true,"href":"https:\/\/stylingagenten.com\/no\/wp-json\/wp\/v2\/product_brand?post=384784"},{"taxonomy":"product_cat","embeddable":true,"href":"https:\/\/stylingagenten.com\/no\/wp-json\/wp\/v2\/product_cat?post=384784"},{"taxonomy":"product_tag","embeddable":true,"href":"https:\/\/stylingagenten.com\/no\/wp-json\/wp\/v2\/product_tag?post=384784"},{"taxonomy":"berocket_brand","embeddable":true,"href":"https:\/\/stylingagenten.com\/no\/wp-json\/wp\/v2\/berocket_brand?post=384784"}],"curies":[{"name":"wp","href":"https:\/\/api.w.org\/{rel}","templated":true}]}}