{"id":384691,"date":"2025-05-18T21:31:58","date_gmt":"2025-05-18T21:31:58","guid":{"rendered":"https:\/\/staging2.stylingagenten.com\/no\/produkt\/shiseido-microliner-ink-eyeliner-01-black\/"},"modified":"2026-04-08T15:30:47","modified_gmt":"2026-04-08T15:30:47","slug":"shiseido-microliner-ink-eyeliner-01-black","status":"publish","type":"product","link":"https:\/\/stylingagenten.com\/no\/produkt\/shiseido-microliner-ink-eyeliner-01-black\/","title":{"rendered":"Shiseido Microliner Ink Eyeliner 01 Black"},"content":{"rendered":"<p>Shiseido Microliner Ink Eyeliner er en eyeliner med en kremet gelformel som lett glir p\u00e5 for enkel og langvarig p\u00e5f\u00f8ring. Takket v\u00e6re sin mikro-presisjonsspiss f\u00e5r du med ett str\u00f8k en jevn og ekstremt rett linje for en dramatisk og grafisk look. Vannfast, kladdfri og falmer ikke.<\/p>\n<p>Farge: Svart<\/p>\n","protected":false},"excerpt":{"rendered":"<p>Shiseido Microliner Ink Eyeliner er en eyeliner med en kremet gelformel som lett glir p\u00e5 for enkel og langvarig p\u00e5f\u00f8ring. Takket v\u00e6re sin mikro-presisjonsspiss f\u00e5r du med ett str\u00f8k en jevn og ekstremt rett linje for en dramatisk og grafisk look. Vannfast, kladdfri og falmer ikke. Farge: Svart<\/p>\n","protected":false},"featured_media":384671,"comment_status":"open","ping_status":"closed","template":"","meta":{"_trash_the_other_posts":false},"product_brand":[],"product_cat":[568],"product_tag":[3986],"berocket_brand":[1193],"class_list":{"0":"post-384691","1":"product","2":"type-product","3":"status-publish","4":"has-post-thumbnail","6":"product_cat-eyeliner-kajal","7":"product_tag-shiseido-microliner-ink-eyeliner","8":"pa_brand-shiseido","9":"pa_variant-01-black","10":"berocket_brand-shiseido","12":"first","13":"instock","14":"sale","15":"taxable","16":"shipping-taxable","17":"purchasable","18":"product-type-simple"},"_links":{"self":[{"href":"https:\/\/stylingagenten.com\/no\/wp-json\/wp\/v2\/product\/384691","targetHints":{"allow":["GET"]}}],"collection":[{"href":"https:\/\/stylingagenten.com\/no\/wp-json\/wp\/v2\/product"}],"about":[{"href":"https:\/\/stylingagenten.com\/no\/wp-json\/wp\/v2\/types\/product"}],"replies":[{"embeddable":true,"href":"https:\/\/stylingagenten.com\/no\/wp-json\/wp\/v2\/comments?post=384691"}],"version-history":[{"count":0,"href":"https:\/\/stylingagenten.com\/no\/wp-json\/wp\/v2\/product\/384691\/revisions"}],"wp:featuredmedia":[{"embeddable":true,"href":"https:\/\/stylingagenten.com\/no\/wp-json\/wp\/v2\/media\/384671"}],"wp:attachment":[{"href":"https:\/\/stylingagenten.com\/no\/wp-json\/wp\/v2\/media?parent=384691"}],"wp:term":[{"taxonomy":"product_brand","embeddable":true,"href":"https:\/\/stylingagenten.com\/no\/wp-json\/wp\/v2\/product_brand?post=384691"},{"taxonomy":"product_cat","embeddable":true,"href":"https:\/\/stylingagenten.com\/no\/wp-json\/wp\/v2\/product_cat?post=384691"},{"taxonomy":"product_tag","embeddable":true,"href":"https:\/\/stylingagenten.com\/no\/wp-json\/wp\/v2\/product_tag?post=384691"},{"taxonomy":"berocket_brand","embeddable":true,"href":"https:\/\/stylingagenten.com\/no\/wp-json\/wp\/v2\/berocket_brand?post=384691"}],"curies":[{"name":"wp","href":"https:\/\/api.w.org\/{rel}","templated":true}]}}