{"id":384689,"date":"2025-05-18T21:31:58","date_gmt":"2025-05-18T21:31:58","guid":{"rendered":"https:\/\/staging2.stylingagenten.com\/no\/produkt\/max-factor-kohl-pencil\/"},"modified":"2025-07-14T09:22:03","modified_gmt":"2025-07-14T09:22:03","slug":"max-factor-kohl-pencil","status":"publish","type":"product","link":"https:\/\/stylingagenten.com\/no\/produkt\/max-factor-kohl-pencil\/","title":{"rendered":"Max Factor Kohl Pencil 080 Cobalt Blue"},"content":{"rendered":"<p>F\u00e5 en djup och f\u00f6rtrollande blick. Max Factor Kohl Pencil l\u00e5ter dig markera dina \u00f6gon p\u00e5 n\u00e5gra sekunder. Tack vare den mjuka spetsen \u00e4r det enkelt att dra fina och uttrycksfulla linjer. Det \u00e4r upp till dig om du v\u00e4ljer att rama in hela \u00f6gat, bara rita den \u00f6vre raden eller skapa en r\u00f6kig sminkeffekt.<\/p>\n","protected":false},"excerpt":{"rendered":"<p>F\u00e5 en djup och f\u00f6rtrollande blick. Max Factor Kohl Pencil l\u00e5ter dig markera dina \u00f6gon p\u00e5 n\u00e5gra sekunder. Tack vare den mjuka spetsen \u00e4r det enkelt att dra fina och uttrycksfulla linjer. Det \u00e4r upp till dig om du v\u00e4ljer att rama in hela \u00f6gat, bara rita den \u00f6vre raden eller skapa en r\u00f6kig sminkeffekt.<\/p>\n","protected":false},"featured_media":384719,"comment_status":"open","ping_status":"closed","template":"","meta":{"_trash_the_other_posts":false},"product_brand":[],"product_cat":[568],"product_tag":[],"berocket_brand":[1013],"class_list":{"0":"post-384689","1":"product","2":"type-product","3":"status-publish","4":"has-post-thumbnail","6":"product_cat-eyeliner-kajal","7":"pa_brand-max-factor","8":"pa_variant-040-taupe","9":"pa_variant-050-charcoal-grey","10":"pa_variant-060-ice-blue","11":"pa_variant-080-cobalt-blue","12":"pa_variant-090-natural-glaze","13":"berocket_brand-max-factor","15":"first","16":"instock","17":"taxable","18":"shipping-taxable","19":"product-type-variable"},"_links":{"self":[{"href":"https:\/\/stylingagenten.com\/no\/wp-json\/wp\/v2\/product\/384689","targetHints":{"allow":["GET"]}}],"collection":[{"href":"https:\/\/stylingagenten.com\/no\/wp-json\/wp\/v2\/product"}],"about":[{"href":"https:\/\/stylingagenten.com\/no\/wp-json\/wp\/v2\/types\/product"}],"replies":[{"embeddable":true,"href":"https:\/\/stylingagenten.com\/no\/wp-json\/wp\/v2\/comments?post=384689"}],"version-history":[{"count":0,"href":"https:\/\/stylingagenten.com\/no\/wp-json\/wp\/v2\/product\/384689\/revisions"}],"wp:featuredmedia":[{"embeddable":true,"href":"https:\/\/stylingagenten.com\/no\/wp-json\/wp\/v2\/media\/384719"}],"wp:attachment":[{"href":"https:\/\/stylingagenten.com\/no\/wp-json\/wp\/v2\/media?parent=384689"}],"wp:term":[{"taxonomy":"product_brand","embeddable":true,"href":"https:\/\/stylingagenten.com\/no\/wp-json\/wp\/v2\/product_brand?post=384689"},{"taxonomy":"product_cat","embeddable":true,"href":"https:\/\/stylingagenten.com\/no\/wp-json\/wp\/v2\/product_cat?post=384689"},{"taxonomy":"product_tag","embeddable":true,"href":"https:\/\/stylingagenten.com\/no\/wp-json\/wp\/v2\/product_tag?post=384689"},{"taxonomy":"berocket_brand","embeddable":true,"href":"https:\/\/stylingagenten.com\/no\/wp-json\/wp\/v2\/berocket_brand?post=384689"}],"curies":[{"name":"wp","href":"https:\/\/api.w.org\/{rel}","templated":true}]}}