{"id":384670,"date":"2025-05-18T21:31:56","date_gmt":"2025-05-18T21:31:56","guid":{"rendered":"https:\/\/staging2.stylingagenten.com\/no\/produkt\/beard-monkey-hair-body-wash-lemongrass-rain-250ml\/"},"modified":"2026-04-15T04:29:51","modified_gmt":"2026-04-15T04:29:51","slug":"beard-monkey-hair-body-wash-lemongrass-rain-250ml","status":"publish","type":"product","link":"https:\/\/stylingagenten.com\/no\/produkt\/beard-monkey-hair-body-wash-lemongrass-rain-250ml\/","title":{"rendered":"Beard Monkey Hair &amp; Body Wash Lemongrass Rain 250ml"},"content":{"rendered":"<p style='margin-top:0cm;margin-right:0cm;margin-bottom:8.0pt;margin-left:0cm;font-size:15px;font-family:\"Calibri\",sans-serif'> Skjeggapeh\u00e5r &amp; Body Wash Lemongrass Rain er en 2-i-1 vask som er n\u00e6rende og rensende. T\u00f8yet er utviklet for \u00e5 skape en forfriskende og frisk f\u00f8lelse i b\u00e5de h\u00e5r og hud. Vaskeriet inneholder flere gode ingredienser inkludert; som arganolje og gr\u00f8nn te.<\/p>\n<p style='margin: 0cm 0cm 8pt;font-family: \"Calibri\", sans-serif'>250 ml<\/p>\n<p><\/p>\n","protected":false},"excerpt":{"rendered":"<p>Skjeggapeh\u00e5r &amp; Body Wash Lemongrass Rain er en 2-i-1 vask som er n\u00e6rende og rensende. T\u00f8yet er utviklet for \u00e5 skape en forfriskende og frisk f\u00f8lelse i b\u00e5de h\u00e5r og hud. Vaskeriet inneholder flere gode ingredienser inkludert; som arganolje og gr\u00f8nn te. 250 ml<\/p>\n","protected":false},"featured_media":384668,"comment_status":"open","ping_status":"closed","template":"","meta":{"_trash_the_other_posts":false},"product_brand":[],"product_cat":[682,560],"product_tag":[],"berocket_brand":[1077],"class_list":{"0":"post-384670","1":"product","2":"type-product","3":"status-publish","4":"has-post-thumbnail","6":"product_cat-hudpleie-mann","7":"product_cat-shower-gel","8":"pa_brand-beard-monkey","9":"berocket_brand-beard-monkey","11":"first","12":"instock","13":"sale","14":"taxable","15":"shipping-taxable","16":"purchasable","17":"product-type-simple"},"_links":{"self":[{"href":"https:\/\/stylingagenten.com\/no\/wp-json\/wp\/v2\/product\/384670","targetHints":{"allow":["GET"]}}],"collection":[{"href":"https:\/\/stylingagenten.com\/no\/wp-json\/wp\/v2\/product"}],"about":[{"href":"https:\/\/stylingagenten.com\/no\/wp-json\/wp\/v2\/types\/product"}],"replies":[{"embeddable":true,"href":"https:\/\/stylingagenten.com\/no\/wp-json\/wp\/v2\/comments?post=384670"}],"version-history":[{"count":1,"href":"https:\/\/stylingagenten.com\/no\/wp-json\/wp\/v2\/product\/384670\/revisions"}],"predecessor-version":[{"id":469859,"href":"https:\/\/stylingagenten.com\/no\/wp-json\/wp\/v2\/product\/384670\/revisions\/469859"}],"wp:featuredmedia":[{"embeddable":true,"href":"https:\/\/stylingagenten.com\/no\/wp-json\/wp\/v2\/media\/384668"}],"wp:attachment":[{"href":"https:\/\/stylingagenten.com\/no\/wp-json\/wp\/v2\/media?parent=384670"}],"wp:term":[{"taxonomy":"product_brand","embeddable":true,"href":"https:\/\/stylingagenten.com\/no\/wp-json\/wp\/v2\/product_brand?post=384670"},{"taxonomy":"product_cat","embeddable":true,"href":"https:\/\/stylingagenten.com\/no\/wp-json\/wp\/v2\/product_cat?post=384670"},{"taxonomy":"product_tag","embeddable":true,"href":"https:\/\/stylingagenten.com\/no\/wp-json\/wp\/v2\/product_tag?post=384670"},{"taxonomy":"berocket_brand","embeddable":true,"href":"https:\/\/stylingagenten.com\/no\/wp-json\/wp\/v2\/berocket_brand?post=384670"}],"curies":[{"name":"wp","href":"https:\/\/api.w.org\/{rel}","templated":true}]}}