{"id":384641,"date":"2025-05-18T21:31:50","date_gmt":"2025-05-18T21:31:50","guid":{"rendered":"https:\/\/staging2.stylingagenten.com\/no\/produkt\/elizabeth-arden-green-tea-bath-shower-gel-500ml\/"},"modified":"2026-04-12T07:18:34","modified_gmt":"2026-04-12T07:18:34","slug":"elizabeth-arden-green-tea-bath-shower-gel-500ml","status":"publish","type":"product","link":"https:\/\/stylingagenten.com\/no\/produkt\/elizabeth-arden-green-tea-bath-shower-gel-500ml\/","title":{"rendered":"Elizabeth Arden Green Tea Bath &amp; Shower Gel 500ml"},"content":{"rendered":"<p>Denne h\u00e5rete dusjgel\u00e9en har en lett, h\u00e5rete duft av Elizabeth Arden Green Tea, som er en oppl\u00f8ftende duft som gir kroppen energi, stimulerer sansene dine og fornyer sjelen.&nbsp; <\/p>\n","protected":false},"excerpt":{"rendered":"<p>Denne h\u00e5rete dusjgel\u00e9en har en lett, h\u00e5rete duft av Elizabeth Arden Green Tea, som er en oppl\u00f8ftende duft som gir kroppen energi, stimulerer sansene dine og fornyer sjelen.&nbsp;<\/p>\n","protected":false},"featured_media":384640,"comment_status":"open","ping_status":"closed","template":"","meta":{"_trash_the_other_posts":false},"product_brand":[],"product_cat":[1003,759,560],"product_tag":[],"berocket_brand":[1303],"class_list":{"0":"post-384641","1":"product","2":"type-product","3":"status-publish","4":"has-post-thumbnail","6":"product_cat-bestselgere","7":"product_cat-elizabeth-arden-green-tea","8":"product_cat-shower-gel","9":"pa_brand-elizabeth-arden","10":"berocket_brand-elizabeth-arden","12":"first","13":"instock","14":"sale","15":"taxable","16":"shipping-taxable","17":"purchasable","18":"product-type-simple"},"_links":{"self":[{"href":"https:\/\/stylingagenten.com\/no\/wp-json\/wp\/v2\/product\/384641","targetHints":{"allow":["GET"]}}],"collection":[{"href":"https:\/\/stylingagenten.com\/no\/wp-json\/wp\/v2\/product"}],"about":[{"href":"https:\/\/stylingagenten.com\/no\/wp-json\/wp\/v2\/types\/product"}],"replies":[{"embeddable":true,"href":"https:\/\/stylingagenten.com\/no\/wp-json\/wp\/v2\/comments?post=384641"}],"version-history":[{"count":0,"href":"https:\/\/stylingagenten.com\/no\/wp-json\/wp\/v2\/product\/384641\/revisions"}],"wp:featuredmedia":[{"embeddable":true,"href":"https:\/\/stylingagenten.com\/no\/wp-json\/wp\/v2\/media\/384640"}],"wp:attachment":[{"href":"https:\/\/stylingagenten.com\/no\/wp-json\/wp\/v2\/media?parent=384641"}],"wp:term":[{"taxonomy":"product_brand","embeddable":true,"href":"https:\/\/stylingagenten.com\/no\/wp-json\/wp\/v2\/product_brand?post=384641"},{"taxonomy":"product_cat","embeddable":true,"href":"https:\/\/stylingagenten.com\/no\/wp-json\/wp\/v2\/product_cat?post=384641"},{"taxonomy":"product_tag","embeddable":true,"href":"https:\/\/stylingagenten.com\/no\/wp-json\/wp\/v2\/product_tag?post=384641"},{"taxonomy":"berocket_brand","embeddable":true,"href":"https:\/\/stylingagenten.com\/no\/wp-json\/wp\/v2\/berocket_brand?post=384641"}],"curies":[{"name":"wp","href":"https:\/\/api.w.org\/{rel}","templated":true}]}}