{"id":384581,"date":"2025-05-18T21:31:41","date_gmt":"2025-05-18T21:31:41","guid":{"rendered":"https:\/\/staging2.stylingagenten.com\/no\/produkt\/ida-warg-aromatic-shower-mousse-balancing-formula-200ml\/"},"modified":"2025-11-19T08:57:11","modified_gmt":"2025-11-19T08:57:11","slug":"ida-warg-aromatic-shower-mousse-balancing-formula-200ml","status":"publish","type":"product","link":"https:\/\/stylingagenten.com\/no\/produkt\/ida-warg-aromatic-shower-mousse-balancing-formula-200ml\/","title":{"rendered":"Ida Warg Aromatic Shower Mousse  &#8211; Balancing Formula 200ml"},"content":{"rendered":"<p>Aromatic Shower Mousse er en kremet og krydret dusjmousse for hud som lengter etter \u00e5 bli myk og fuktet. Gelen forvandles umiddelbart til et n\u00e6rende skum ved kontakt med vann.<\/p>\n<p>Dusjmoussen er en del av h\u00e5rserien Pro Growth.<\/p>\n<p>Ta med deg luksusen til et SPA &#8211; hjemmeopplevelse , inneholder duften aromatiske toner som eukalyptus, rosmarin og sitrus.<\/p>\n<p>100 % vegansk<\/p>\n<p>Free om grusomhet<\/p>\n<p>200 ml<\/p>\n","protected":false},"excerpt":{"rendered":"<p>Aromatic Shower Mousse er en kremet og krydret dusjmousse for hud som lengter etter \u00e5 bli myk og fuktet. Gelen forvandles umiddelbart til et n\u00e6rende skum ved kontakt med vann. Dusjmoussen er en del av h\u00e5rserien Pro Growth. Ta med deg luksusen til et SPA &#8211; hjemmeopplevelse , inneholder duften aromatiske toner som eukalyptus, rosmarin [&hellip;]<\/p>\n","protected":false},"featured_media":384579,"comment_status":"open","ping_status":"closed","template":"","meta":{"_trash_the_other_posts":false},"product_brand":[],"product_cat":[560],"product_tag":[],"berocket_brand":[1346],"class_list":{"0":"post-384581","1":"product","2":"type-product","3":"status-publish","4":"has-post-thumbnail","6":"product_cat-shower-gel","7":"pa_brand-ida-warg","8":"berocket_brand-ida-warg","10":"first","11":"outofstock","12":"sale","13":"taxable","14":"shipping-taxable","15":"purchasable","16":"product-type-simple"},"_links":{"self":[{"href":"https:\/\/stylingagenten.com\/no\/wp-json\/wp\/v2\/product\/384581","targetHints":{"allow":["GET"]}}],"collection":[{"href":"https:\/\/stylingagenten.com\/no\/wp-json\/wp\/v2\/product"}],"about":[{"href":"https:\/\/stylingagenten.com\/no\/wp-json\/wp\/v2\/types\/product"}],"replies":[{"embeddable":true,"href":"https:\/\/stylingagenten.com\/no\/wp-json\/wp\/v2\/comments?post=384581"}],"version-history":[{"count":0,"href":"https:\/\/stylingagenten.com\/no\/wp-json\/wp\/v2\/product\/384581\/revisions"}],"wp:featuredmedia":[{"embeddable":true,"href":"https:\/\/stylingagenten.com\/no\/wp-json\/wp\/v2\/media\/384579"}],"wp:attachment":[{"href":"https:\/\/stylingagenten.com\/no\/wp-json\/wp\/v2\/media?parent=384581"}],"wp:term":[{"taxonomy":"product_brand","embeddable":true,"href":"https:\/\/stylingagenten.com\/no\/wp-json\/wp\/v2\/product_brand?post=384581"},{"taxonomy":"product_cat","embeddable":true,"href":"https:\/\/stylingagenten.com\/no\/wp-json\/wp\/v2\/product_cat?post=384581"},{"taxonomy":"product_tag","embeddable":true,"href":"https:\/\/stylingagenten.com\/no\/wp-json\/wp\/v2\/product_tag?post=384581"},{"taxonomy":"berocket_brand","embeddable":true,"href":"https:\/\/stylingagenten.com\/no\/wp-json\/wp\/v2\/berocket_brand?post=384581"}],"curies":[{"name":"wp","href":"https:\/\/api.w.org\/{rel}","templated":true}]}}