{"id":384540,"date":"2025-05-18T21:31:36","date_gmt":"2025-05-18T21:31:36","guid":{"rendered":"https:\/\/staging2.stylingagenten.com\/no\/produkt\/jean-paul-gaultier-scandal-shower-gel-200ml\/"},"modified":"2025-12-23T07:37:31","modified_gmt":"2025-12-23T07:37:31","slug":"jean-paul-gaultier-scandal-shower-gel-200ml","status":"publish","type":"product","link":"https:\/\/stylingagenten.com\/no\/produkt\/jean-paul-gaultier-scandal-shower-gel-200ml\/","title":{"rendered":"Jean Paul Gaultier Scandal Shower Gel 200ml"},"content":{"rendered":"<p>En f\u00f8lelse av friskhet og sensualitet. Scandal Shower Gel gj\u00f8r huden myk og glatt takket v\u00e6re dens skummende tekstur. En dusjs\u00e5pe med en duft av skandale.<\/p>\n","protected":false},"excerpt":{"rendered":"<p>En f\u00f8lelse av friskhet og sensualitet. Scandal Shower Gel gj\u00f8r huden myk og glatt takket v\u00e6re dens skummende tekstur. En dusjs\u00e5pe med en duft av skandale.<\/p>\n","protected":false},"featured_media":384537,"comment_status":"open","ping_status":"closed","template":"","meta":{"_trash_the_other_posts":false},"product_brand":[],"product_cat":[1005,560],"product_tag":[],"berocket_brand":[1353],"class_list":{"0":"post-384540","1":"product","2":"type-product","3":"status-publish","4":"has-post-thumbnail","6":"product_cat-outlet","7":"product_cat-shower-gel","8":"pa_brand-jean-paul-gaultier","9":"berocket_brand-jean-paul-gaultier","11":"first","12":"instock","13":"sale","14":"taxable","15":"shipping-taxable","16":"purchasable","17":"product-type-simple"},"_links":{"self":[{"href":"https:\/\/stylingagenten.com\/no\/wp-json\/wp\/v2\/product\/384540","targetHints":{"allow":["GET"]}}],"collection":[{"href":"https:\/\/stylingagenten.com\/no\/wp-json\/wp\/v2\/product"}],"about":[{"href":"https:\/\/stylingagenten.com\/no\/wp-json\/wp\/v2\/types\/product"}],"replies":[{"embeddable":true,"href":"https:\/\/stylingagenten.com\/no\/wp-json\/wp\/v2\/comments?post=384540"}],"version-history":[{"count":0,"href":"https:\/\/stylingagenten.com\/no\/wp-json\/wp\/v2\/product\/384540\/revisions"}],"wp:featuredmedia":[{"embeddable":true,"href":"https:\/\/stylingagenten.com\/no\/wp-json\/wp\/v2\/media\/384537"}],"wp:attachment":[{"href":"https:\/\/stylingagenten.com\/no\/wp-json\/wp\/v2\/media?parent=384540"}],"wp:term":[{"taxonomy":"product_brand","embeddable":true,"href":"https:\/\/stylingagenten.com\/no\/wp-json\/wp\/v2\/product_brand?post=384540"},{"taxonomy":"product_cat","embeddable":true,"href":"https:\/\/stylingagenten.com\/no\/wp-json\/wp\/v2\/product_cat?post=384540"},{"taxonomy":"product_tag","embeddable":true,"href":"https:\/\/stylingagenten.com\/no\/wp-json\/wp\/v2\/product_tag?post=384540"},{"taxonomy":"berocket_brand","embeddable":true,"href":"https:\/\/stylingagenten.com\/no\/wp-json\/wp\/v2\/berocket_brand?post=384540"}],"curies":[{"name":"wp","href":"https:\/\/api.w.org\/{rel}","templated":true}]}}