{"id":384457,"date":"2025-05-18T21:31:18","date_gmt":"2025-05-18T21:31:18","guid":{"rendered":"https:\/\/staging2.stylingagenten.com\/no\/produkt\/elizabeth-arden-green-tea-energizing-bath-shower-gel-200ml\/"},"modified":"2026-03-19T10:17:38","modified_gmt":"2026-03-19T10:17:38","slug":"elizabeth-arden-green-tea-energizing-bath-shower-gel-200ml","status":"publish","type":"product","link":"https:\/\/stylingagenten.com\/no\/produkt\/elizabeth-arden-green-tea-energizing-bath-shower-gel-200ml\/","title":{"rendered":"Elizabeth Arden Green Tea Energizing Bath &amp; Shower Gel 200ml"},"content":{"rendered":"<p>De friske, sprudlende duftnotene og naturlige planteekstraktene i Elizabeth Arden Green Tea gir kroppen ny energi, pirrer sansene og l\u00f8fter sjelen. Energizing Bath &amp; Shower Gel har en lett skummende, s\u00e5pefri formel som renser huden uten \u00e5 fjerne dens naturlige oljer.<br \/>\n<br \/>200ml<\/p>\n","protected":false},"excerpt":{"rendered":"<p>De friske, sprudlende duftnotene og naturlige planteekstraktene i Elizabeth Arden Green Tea gir kroppen ny energi, pirrer sansene og l\u00f8fter sjelen. Energizing Bath &amp; Shower Gel har en lett skummende, s\u00e5pefri formel som renser huden uten \u00e5 fjerne dens naturlige oljer. 200ml<\/p>\n","protected":false},"featured_media":384453,"comment_status":"open","ping_status":"closed","template":"","meta":{"_trash_the_other_posts":false},"product_brand":[],"product_cat":[560],"product_tag":[],"berocket_brand":[1303],"class_list":{"0":"post-384457","1":"product","2":"type-product","3":"status-publish","4":"has-post-thumbnail","6":"product_cat-shower-gel","7":"pa_brand-elizabeth-arden","8":"berocket_brand-elizabeth-arden","10":"first","11":"instock","12":"sale","13":"taxable","14":"shipping-taxable","15":"purchasable","16":"product-type-simple"},"_links":{"self":[{"href":"https:\/\/stylingagenten.com\/no\/wp-json\/wp\/v2\/product\/384457","targetHints":{"allow":["GET"]}}],"collection":[{"href":"https:\/\/stylingagenten.com\/no\/wp-json\/wp\/v2\/product"}],"about":[{"href":"https:\/\/stylingagenten.com\/no\/wp-json\/wp\/v2\/types\/product"}],"replies":[{"embeddable":true,"href":"https:\/\/stylingagenten.com\/no\/wp-json\/wp\/v2\/comments?post=384457"}],"version-history":[{"count":0,"href":"https:\/\/stylingagenten.com\/no\/wp-json\/wp\/v2\/product\/384457\/revisions"}],"wp:featuredmedia":[{"embeddable":true,"href":"https:\/\/stylingagenten.com\/no\/wp-json\/wp\/v2\/media\/384453"}],"wp:attachment":[{"href":"https:\/\/stylingagenten.com\/no\/wp-json\/wp\/v2\/media?parent=384457"}],"wp:term":[{"taxonomy":"product_brand","embeddable":true,"href":"https:\/\/stylingagenten.com\/no\/wp-json\/wp\/v2\/product_brand?post=384457"},{"taxonomy":"product_cat","embeddable":true,"href":"https:\/\/stylingagenten.com\/no\/wp-json\/wp\/v2\/product_cat?post=384457"},{"taxonomy":"product_tag","embeddable":true,"href":"https:\/\/stylingagenten.com\/no\/wp-json\/wp\/v2\/product_tag?post=384457"},{"taxonomy":"berocket_brand","embeddable":true,"href":"https:\/\/stylingagenten.com\/no\/wp-json\/wp\/v2\/berocket_brand?post=384457"}],"curies":[{"name":"wp","href":"https:\/\/api.w.org\/{rel}","templated":true}]}}