{"id":382909,"date":"2025-05-18T21:23:03","date_gmt":"2025-05-18T21:23:03","guid":{"rendered":"https:\/\/staging2.stylingagenten.com\/no\/produkt\/carolina-herrera-212-men-nyc-deostick-75ml\/"},"modified":"2026-04-06T10:08:40","modified_gmt":"2026-04-06T10:08:40","slug":"carolina-herrera-212-men-nyc-deostick-75ml","status":"publish","type":"product","link":"https:\/\/stylingagenten.com\/no\/produkt\/carolina-herrera-212-men-nyc-deostick-75ml\/","title":{"rendered":"Carolina Herrera 212 Men NYC Deostick 75ml"},"content":{"rendered":"<p>212 Men NYC Deo Stick har en overraskende og sv\u00e6rt attraktiv duft.<br \/>Med kontrasten av varm maskulinitet og energisk gr\u00f8nn friskhet, blir denne duften uimotst\u00e5elig.<br \/>Den distinkte og subtile skaper en innovativ og eleganse som presenteres i denne treaktige duften.<\/p>\n","protected":false},"excerpt":{"rendered":"<p>212 Men NYC Deo Stick har en overraskende og sv\u00e6rt attraktiv duft.Med kontrasten av varm maskulinitet og energisk gr\u00f8nn friskhet, blir denne duften uimotst\u00e5elig.Den distinkte og subtile skaper en innovativ og eleganse som presenteres i denne treaktige duften.<\/p>\n","protected":false},"featured_media":382908,"comment_status":"open","ping_status":"closed","template":"","meta":{"_trash_the_other_posts":false},"product_brand":[],"product_cat":[720,735,1006,1000],"product_tag":[],"berocket_brand":[1099],"class_list":{"0":"post-382909","1":"product","2":"type-product","3":"status-publish","4":"has-post-thumbnail","6":"product_cat-deostick-herre","7":"product_cat-kampanje","8":"product_cat-kampanjepris","9":"product_cat-kampanjetilbud-for-ham","10":"pa_brand-carolina-herrera","11":"berocket_brand-carolina-herrera","13":"first","14":"instock","15":"sale","16":"taxable","17":"shipping-taxable","18":"purchasable","19":"product-type-simple"},"_links":{"self":[{"href":"https:\/\/stylingagenten.com\/no\/wp-json\/wp\/v2\/product\/382909","targetHints":{"allow":["GET"]}}],"collection":[{"href":"https:\/\/stylingagenten.com\/no\/wp-json\/wp\/v2\/product"}],"about":[{"href":"https:\/\/stylingagenten.com\/no\/wp-json\/wp\/v2\/types\/product"}],"replies":[{"embeddable":true,"href":"https:\/\/stylingagenten.com\/no\/wp-json\/wp\/v2\/comments?post=382909"}],"version-history":[{"count":0,"href":"https:\/\/stylingagenten.com\/no\/wp-json\/wp\/v2\/product\/382909\/revisions"}],"wp:featuredmedia":[{"embeddable":true,"href":"https:\/\/stylingagenten.com\/no\/wp-json\/wp\/v2\/media\/382908"}],"wp:attachment":[{"href":"https:\/\/stylingagenten.com\/no\/wp-json\/wp\/v2\/media?parent=382909"}],"wp:term":[{"taxonomy":"product_brand","embeddable":true,"href":"https:\/\/stylingagenten.com\/no\/wp-json\/wp\/v2\/product_brand?post=382909"},{"taxonomy":"product_cat","embeddable":true,"href":"https:\/\/stylingagenten.com\/no\/wp-json\/wp\/v2\/product_cat?post=382909"},{"taxonomy":"product_tag","embeddable":true,"href":"https:\/\/stylingagenten.com\/no\/wp-json\/wp\/v2\/product_tag?post=382909"},{"taxonomy":"berocket_brand","embeddable":true,"href":"https:\/\/stylingagenten.com\/no\/wp-json\/wp\/v2\/berocket_brand?post=382909"}],"curies":[{"name":"wp","href":"https:\/\/api.w.org\/{rel}","templated":true}]}}