{"id":382601,"date":"2025-05-18T21:22:00","date_gmt":"2025-05-18T21:22:00","guid":{"rendered":"https:\/\/staging2.stylingagenten.com\/no\/produkt\/paco-rabanne-invictus-deostick-75ml\/"},"modified":"2026-03-23T13:52:34","modified_gmt":"2026-03-23T13:52:34","slug":"paco-rabanne-invictus-deostick-75ml","status":"publish","type":"product","link":"https:\/\/stylingagenten.com\/no\/produkt\/paco-rabanne-invictus-deostick-75ml\/","title":{"rendered":"Paco Rabanne Invictus Deostick 75ml"},"content":{"rendered":"<p>Paco Rabanne Invictus er en elegant duft for mannen som er forsiktig, innovativ og skarp. En duft for mannen som elsker n\u00e5r adrenalinet pumper som er elegant og t\u00f8r \u00e5 sette seg! Parfymen \u00e5pner med s\u00f8te dufter av grapefrukt, laurb\u00e6rblad og marine toner, f\u00f8r den stenger. i et maskulint hjerte av patchouli og trenoter. Duften lander deretter mykt og sensuelt i en base av ambra.<\/p>\n<p><strong>Duftnoter:<\/strong> grapefrukt, laurb\u00e6rblad, marine toner, patchouli, tretoner og amp; ambra.<\/p>\n<p><span lang=\"NO-US\" style=\"font-size: 11.0pt;font-family: 'Calibri',sans-serif\">&nbsp;<\/span><\/p>\n<p>&nbsp;<\/p>\n","protected":false},"excerpt":{"rendered":"<p>Paco Rabanne Invictus er en elegant duft for mannen som er forsiktig, innovativ og skarp. En duft for mannen som elsker n\u00e5r adrenalinet pumper som er elegant og t\u00f8r \u00e5 sette seg! Parfymen \u00e5pner med s\u00f8te dufter av grapefrukt, laurb\u00e6rblad og marine toner, f\u00f8r den stenger. i et maskulint hjerte av patchouli og trenoter. Duften [&hellip;]<\/p>\n","protected":false},"featured_media":382599,"comment_status":"open","ping_status":"closed","template":"","meta":{"_trash_the_other_posts":false},"product_brand":[],"product_cat":[720,735,1006,1000],"product_tag":[],"berocket_brand":[1048],"class_list":{"0":"post-382601","1":"product","2":"type-product","3":"status-publish","4":"has-post-thumbnail","6":"product_cat-deostick-herre","7":"product_cat-kampanje","8":"product_cat-kampanjepris","9":"product_cat-kampanjetilbud-for-ham","10":"pa_brand-paco-rabanne","11":"berocket_brand-paco-rabanne","13":"first","14":"instock","15":"sale","16":"taxable","17":"shipping-taxable","18":"purchasable","19":"product-type-simple"},"_links":{"self":[{"href":"https:\/\/stylingagenten.com\/no\/wp-json\/wp\/v2\/product\/382601","targetHints":{"allow":["GET"]}}],"collection":[{"href":"https:\/\/stylingagenten.com\/no\/wp-json\/wp\/v2\/product"}],"about":[{"href":"https:\/\/stylingagenten.com\/no\/wp-json\/wp\/v2\/types\/product"}],"replies":[{"embeddable":true,"href":"https:\/\/stylingagenten.com\/no\/wp-json\/wp\/v2\/comments?post=382601"}],"version-history":[{"count":0,"href":"https:\/\/stylingagenten.com\/no\/wp-json\/wp\/v2\/product\/382601\/revisions"}],"wp:featuredmedia":[{"embeddable":true,"href":"https:\/\/stylingagenten.com\/no\/wp-json\/wp\/v2\/media\/382599"}],"wp:attachment":[{"href":"https:\/\/stylingagenten.com\/no\/wp-json\/wp\/v2\/media?parent=382601"}],"wp:term":[{"taxonomy":"product_brand","embeddable":true,"href":"https:\/\/stylingagenten.com\/no\/wp-json\/wp\/v2\/product_brand?post=382601"},{"taxonomy":"product_cat","embeddable":true,"href":"https:\/\/stylingagenten.com\/no\/wp-json\/wp\/v2\/product_cat?post=382601"},{"taxonomy":"product_tag","embeddable":true,"href":"https:\/\/stylingagenten.com\/no\/wp-json\/wp\/v2\/product_tag?post=382601"},{"taxonomy":"berocket_brand","embeddable":true,"href":"https:\/\/stylingagenten.com\/no\/wp-json\/wp\/v2\/berocket_brand?post=382601"}],"curies":[{"name":"wp","href":"https:\/\/api.w.org\/{rel}","templated":true}]}}