{"id":382282,"date":"2025-05-18T21:20:57","date_gmt":"2025-05-18T21:20:57","guid":{"rendered":"https:\/\/staging2.stylingagenten.com\/no\/produkt\/gift-set-beauty-uk-contour-chubby-stick\/"},"modified":"2026-04-13T13:17:30","modified_gmt":"2026-04-13T13:17:30","slug":"gift-set-beauty-uk-contour-chubby-stick","status":"publish","type":"product","link":"https:\/\/stylingagenten.com\/no\/produkt\/gift-set-beauty-uk-contour-chubby-stick\/","title":{"rendered":"Gift Set Beauty UK Contour Chubby Stick"},"content":{"rendered":"<p>Beauty UK Contour Chubby Stick er konturpinner som b\u00e5de er enkle \u00e5 bruke og deres kremete formel gir et feilfritt resultat. I dette settet f\u00e5r du fire forskjellige konturpinner i fargene Medium Contour, Dark Contour, Beige Highlight og Shimmer Highlight.<\/p>\n<p>Innhold: 4x6g<\/p>\n","protected":false},"excerpt":{"rendered":"<p>Beauty UK Contour Chubby Stick er konturpinner som b\u00e5de er enkle \u00e5 bruke og deres kremete formel gir et feilfritt resultat. I dette settet f\u00e5r du fire forskjellige konturpinner i fargene Medium Contour, Dark Contour, Beige Highlight og Shimmer Highlight. Innhold: 4x6g<\/p>\n","protected":false},"featured_media":382276,"comment_status":"open","ping_status":"closed","template":"","meta":{"_trash_the_other_posts":false},"product_brand":[],"product_cat":[1003,639],"product_tag":[],"berocket_brand":[1059],"class_list":{"0":"post-382282","1":"product","2":"type-product","3":"status-publish","4":"has-post-thumbnail","6":"product_cat-bestselgere","7":"product_cat-contour","8":"pa_brand-beautyuk","9":"berocket_brand-beautyuk","11":"first","12":"instock","13":"sale","14":"taxable","15":"shipping-taxable","16":"purchasable","17":"product-type-simple"},"_links":{"self":[{"href":"https:\/\/stylingagenten.com\/no\/wp-json\/wp\/v2\/product\/382282","targetHints":{"allow":["GET"]}}],"collection":[{"href":"https:\/\/stylingagenten.com\/no\/wp-json\/wp\/v2\/product"}],"about":[{"href":"https:\/\/stylingagenten.com\/no\/wp-json\/wp\/v2\/types\/product"}],"replies":[{"embeddable":true,"href":"https:\/\/stylingagenten.com\/no\/wp-json\/wp\/v2\/comments?post=382282"}],"version-history":[{"count":0,"href":"https:\/\/stylingagenten.com\/no\/wp-json\/wp\/v2\/product\/382282\/revisions"}],"wp:featuredmedia":[{"embeddable":true,"href":"https:\/\/stylingagenten.com\/no\/wp-json\/wp\/v2\/media\/382276"}],"wp:attachment":[{"href":"https:\/\/stylingagenten.com\/no\/wp-json\/wp\/v2\/media?parent=382282"}],"wp:term":[{"taxonomy":"product_brand","embeddable":true,"href":"https:\/\/stylingagenten.com\/no\/wp-json\/wp\/v2\/product_brand?post=382282"},{"taxonomy":"product_cat","embeddable":true,"href":"https:\/\/stylingagenten.com\/no\/wp-json\/wp\/v2\/product_cat?post=382282"},{"taxonomy":"product_tag","embeddable":true,"href":"https:\/\/stylingagenten.com\/no\/wp-json\/wp\/v2\/product_tag?post=382282"},{"taxonomy":"berocket_brand","embeddable":true,"href":"https:\/\/stylingagenten.com\/no\/wp-json\/wp\/v2\/berocket_brand?post=382282"}],"curies":[{"name":"wp","href":"https:\/\/api.w.org\/{rel}","templated":true}]}}