{"id":382279,"date":"2025-05-18T21:20:56","date_gmt":"2025-05-18T21:20:56","guid":{"rendered":"https:\/\/staging2.stylingagenten.com\/no\/produkt\/nyx-prof-makeup-highlight-contour-pro-palette\/"},"modified":"2025-12-26T18:46:38","modified_gmt":"2025-12-26T18:46:38","slug":"nyx-prof-makeup-highlight-contour-pro-palette","status":"publish","type":"product","link":"https:\/\/stylingagenten.com\/no\/produkt\/nyx-prof-makeup-highlight-contour-pro-palette\/","title":{"rendered":"NYX Highlight &amp; Contour Pro Palette"},"content":{"rendered":"<p>Med NYX PROFESSIONAL MAKEUP Highlight og Contour Pro-paletten fremhever du din vakre halslinje, neserygg og kinnbein. et spark. De matte og skimrende fargene gj\u00f8r det til en lek! Legg til en m\u00f8rkere nyanse for \u00e5 minimere og en lysere nyanse for \u00e5 fremheve funksjonene dine.<\/p>\n<p>Innhold: 8 x 2,7 g<\/p>\n","protected":false},"excerpt":{"rendered":"<p>Med NYX PROFESSIONAL MAKEUP Highlight og Contour Pro-paletten fremhever du din vakre halslinje, neserygg og kinnbein. et spark. De matte og skimrende fargene gj\u00f8r det til en lek! Legg til en m\u00f8rkere nyanse for \u00e5 minimere og en lysere nyanse for \u00e5 fremheve funksjonene dine. Innhold: 8 x 2,7 g<\/p>\n","protected":false},"featured_media":382274,"comment_status":"open","ping_status":"closed","template":"","meta":{"_trash_the_other_posts":false},"product_brand":[],"product_cat":[639],"product_tag":[],"berocket_brand":[1025],"class_list":{"0":"post-382279","1":"product","2":"type-product","3":"status-publish","4":"has-post-thumbnail","6":"product_cat-contour","7":"pa_brand-nyx","8":"berocket_brand-nyx","10":"first","11":"instock","12":"sale","13":"taxable","14":"shipping-taxable","15":"purchasable","16":"product-type-simple"},"_links":{"self":[{"href":"https:\/\/stylingagenten.com\/no\/wp-json\/wp\/v2\/product\/382279","targetHints":{"allow":["GET"]}}],"collection":[{"href":"https:\/\/stylingagenten.com\/no\/wp-json\/wp\/v2\/product"}],"about":[{"href":"https:\/\/stylingagenten.com\/no\/wp-json\/wp\/v2\/types\/product"}],"replies":[{"embeddable":true,"href":"https:\/\/stylingagenten.com\/no\/wp-json\/wp\/v2\/comments?post=382279"}],"version-history":[{"count":0,"href":"https:\/\/stylingagenten.com\/no\/wp-json\/wp\/v2\/product\/382279\/revisions"}],"wp:featuredmedia":[{"embeddable":true,"href":"https:\/\/stylingagenten.com\/no\/wp-json\/wp\/v2\/media\/382274"}],"wp:attachment":[{"href":"https:\/\/stylingagenten.com\/no\/wp-json\/wp\/v2\/media?parent=382279"}],"wp:term":[{"taxonomy":"product_brand","embeddable":true,"href":"https:\/\/stylingagenten.com\/no\/wp-json\/wp\/v2\/product_brand?post=382279"},{"taxonomy":"product_cat","embeddable":true,"href":"https:\/\/stylingagenten.com\/no\/wp-json\/wp\/v2\/product_cat?post=382279"},{"taxonomy":"product_tag","embeddable":true,"href":"https:\/\/stylingagenten.com\/no\/wp-json\/wp\/v2\/product_tag?post=382279"},{"taxonomy":"berocket_brand","embeddable":true,"href":"https:\/\/stylingagenten.com\/no\/wp-json\/wp\/v2\/berocket_brand?post=382279"}],"curies":[{"name":"wp","href":"https:\/\/api.w.org\/{rel}","templated":true}]}}