{"id":382267,"date":"2025-05-18T21:20:54","date_gmt":"2025-05-18T21:20:54","guid":{"rendered":"https:\/\/staging2.stylingagenten.com\/no\/produkt\/beauty-uk-ultimate-pro-contour-palette\/"},"modified":"2026-01-13T08:47:07","modified_gmt":"2026-01-13T08:47:07","slug":"beauty-uk-ultimate-pro-contour-palette","status":"publish","type":"product","link":"https:\/\/stylingagenten.com\/no\/produkt\/beauty-uk-ultimate-pro-contour-palette\/","title":{"rendered":"Beauty UK Ultimate Pro Contour Palette"},"content":{"rendered":"<p>Kontur som en PRO med Beauty UK Ultimate Pro Contour Palette!<\/p>\n<p>Du f\u00e5r kinnben som aldri f\u00f8r ved \u00e5 blande den unike kremen i pulverform. Paletten leveres ogs\u00e5&aring; med en komplett guide som l\u00e6rer deg hvordan du konturerer ansiktet med de tre fargenyansene.<\/p>\n","protected":false},"excerpt":{"rendered":"<p>Kontur som en PRO med Beauty UK Ultimate Pro Contour Palette! Du f\u00e5r kinnben som aldri f\u00f8r ved \u00e5 blande den unike kremen i pulverform. Paletten leveres ogs\u00e5&aring; med en komplett guide som l\u00e6rer deg hvordan du konturerer ansiktet med de tre fargenyansene.<\/p>\n","protected":false},"featured_media":382261,"comment_status":"open","ping_status":"closed","template":"","meta":{"_trash_the_other_posts":false},"product_brand":[],"product_cat":[639],"product_tag":[],"berocket_brand":[1059],"class_list":{"0":"post-382267","1":"product","2":"type-product","3":"status-publish","4":"has-post-thumbnail","6":"product_cat-contour","7":"pa_brand-beautyuk","8":"berocket_brand-beautyuk","10":"first","11":"instock","12":"sale","13":"taxable","14":"shipping-taxable","15":"purchasable","16":"product-type-simple"},"_links":{"self":[{"href":"https:\/\/stylingagenten.com\/no\/wp-json\/wp\/v2\/product\/382267","targetHints":{"allow":["GET"]}}],"collection":[{"href":"https:\/\/stylingagenten.com\/no\/wp-json\/wp\/v2\/product"}],"about":[{"href":"https:\/\/stylingagenten.com\/no\/wp-json\/wp\/v2\/types\/product"}],"replies":[{"embeddable":true,"href":"https:\/\/stylingagenten.com\/no\/wp-json\/wp\/v2\/comments?post=382267"}],"version-history":[{"count":0,"href":"https:\/\/stylingagenten.com\/no\/wp-json\/wp\/v2\/product\/382267\/revisions"}],"wp:featuredmedia":[{"embeddable":true,"href":"https:\/\/stylingagenten.com\/no\/wp-json\/wp\/v2\/media\/382261"}],"wp:attachment":[{"href":"https:\/\/stylingagenten.com\/no\/wp-json\/wp\/v2\/media?parent=382267"}],"wp:term":[{"taxonomy":"product_brand","embeddable":true,"href":"https:\/\/stylingagenten.com\/no\/wp-json\/wp\/v2\/product_brand?post=382267"},{"taxonomy":"product_cat","embeddable":true,"href":"https:\/\/stylingagenten.com\/no\/wp-json\/wp\/v2\/product_cat?post=382267"},{"taxonomy":"product_tag","embeddable":true,"href":"https:\/\/stylingagenten.com\/no\/wp-json\/wp\/v2\/product_tag?post=382267"},{"taxonomy":"berocket_brand","embeddable":true,"href":"https:\/\/stylingagenten.com\/no\/wp-json\/wp\/v2\/berocket_brand?post=382267"}],"curies":[{"name":"wp","href":"https:\/\/api.w.org\/{rel}","templated":true}]}}