{"id":382178,"date":"2025-05-18T21:20:36","date_gmt":"2025-05-18T21:20:36","guid":{"rendered":"https:\/\/staging2.stylingagenten.com\/no\/produkt\/makeup-revolution-fast-base-concealer-c1\/"},"modified":"2025-11-19T08:09:54","modified_gmt":"2025-11-19T08:09:54","slug":"makeup-revolution-fast-base-concealer-c1","status":"publish","type":"product","link":"https:\/\/stylingagenten.com\/no\/produkt\/makeup-revolution-fast-base-concealer-c1\/","title":{"rendered":"Makeup Revolution Fast Base Concealer C1"},"content":{"rendered":"<p>Uthev, lysner og dekk til undertonene. Skjul m\u00f8rke ringer ved ganske enkelt \u00e5 plassere noen f\u00e5 prikker av concealeren under \u00f8yet med den lille puteapplikatoren. Bland forsiktig produktet med fingrene, en b\u00f8rste eller en svamp for str\u00e5lende \u00f8yne. Den perfekte concealeren med middels, byggbar dekning.<\/p>\n","protected":false},"excerpt":{"rendered":"<p>Uthev, lysner og dekk til undertonene. Skjul m\u00f8rke ringer ved ganske enkelt \u00e5 plassere noen f\u00e5 prikker av concealeren under \u00f8yet med den lille puteapplikatoren. Bland forsiktig produktet med fingrene, en b\u00f8rste eller en svamp for str\u00e5lende \u00f8yne. Den perfekte concealeren med middels, byggbar dekning.<\/p>\n","protected":false},"featured_media":382176,"comment_status":"open","ping_status":"closed","template":"","meta":{"_trash_the_other_posts":false},"product_brand":[],"product_cat":[567],"product_tag":[3300],"berocket_brand":[1050],"class_list":{"0":"post-382178","1":"product","2":"type-product","3":"status-publish","4":"has-post-thumbnail","6":"product_cat-concealer","7":"product_tag-makeup-revolution-fast-base-concealer","8":"pa_brand-makeup-revolution","9":"pa_variant-c1","10":"berocket_brand-makeup-revolution","12":"first","13":"instock","14":"sale","15":"taxable","16":"shipping-taxable","17":"purchasable","18":"product-type-simple"},"_links":{"self":[{"href":"https:\/\/stylingagenten.com\/no\/wp-json\/wp\/v2\/product\/382178","targetHints":{"allow":["GET"]}}],"collection":[{"href":"https:\/\/stylingagenten.com\/no\/wp-json\/wp\/v2\/product"}],"about":[{"href":"https:\/\/stylingagenten.com\/no\/wp-json\/wp\/v2\/types\/product"}],"replies":[{"embeddable":true,"href":"https:\/\/stylingagenten.com\/no\/wp-json\/wp\/v2\/comments?post=382178"}],"version-history":[{"count":0,"href":"https:\/\/stylingagenten.com\/no\/wp-json\/wp\/v2\/product\/382178\/revisions"}],"wp:featuredmedia":[{"embeddable":true,"href":"https:\/\/stylingagenten.com\/no\/wp-json\/wp\/v2\/media\/382176"}],"wp:attachment":[{"href":"https:\/\/stylingagenten.com\/no\/wp-json\/wp\/v2\/media?parent=382178"}],"wp:term":[{"taxonomy":"product_brand","embeddable":true,"href":"https:\/\/stylingagenten.com\/no\/wp-json\/wp\/v2\/product_brand?post=382178"},{"taxonomy":"product_cat","embeddable":true,"href":"https:\/\/stylingagenten.com\/no\/wp-json\/wp\/v2\/product_cat?post=382178"},{"taxonomy":"product_tag","embeddable":true,"href":"https:\/\/stylingagenten.com\/no\/wp-json\/wp\/v2\/product_tag?post=382178"},{"taxonomy":"berocket_brand","embeddable":true,"href":"https:\/\/stylingagenten.com\/no\/wp-json\/wp\/v2\/berocket_brand?post=382178"}],"curies":[{"name":"wp","href":"https:\/\/api.w.org\/{rel}","templated":true}]}}