{"id":382160,"date":"2025-05-18T21:20:32","date_gmt":"2025-05-18T21:20:32","guid":{"rendered":"https:\/\/staging2.stylingagenten.com\/no\/produkt\/beauty-uk-colour-correcting-palette\/"},"modified":"2026-01-27T08:47:11","modified_gmt":"2026-01-27T08:47:11","slug":"beauty-uk-colour-correcting-palette","status":"publish","type":"product","link":"https:\/\/stylingagenten.com\/no\/produkt\/beauty-uk-colour-correcting-palette\/","title":{"rendered":"Beauty UK Colour Correcting Palette"},"content":{"rendered":"<p>Color Correcting Palette fra Beauty UK er en praktisk alt-i-ett concealerpalett som inneholder de fire essensielle nyansene og er det ultimate verkt\u00f8yet for \u00e5 skjule, lysne, skjule og rette opp problemomr\u00e5dene. Formelen er lett og blandbar for en supermyk finish som gir deg en perfekt base for foundationen din.<\/p>\n","protected":false},"excerpt":{"rendered":"<p>Color Correcting Palette fra Beauty UK er en praktisk alt-i-ett concealerpalett som inneholder de fire essensielle nyansene og er det ultimate verkt\u00f8yet for \u00e5 skjule, lysne, skjule og rette opp problemomr\u00e5dene. Formelen er lett og blandbar for en supermyk finish som gir deg en perfekt base for foundationen din.<\/p>\n","protected":false},"featured_media":382158,"comment_status":"open","ping_status":"closed","template":"","meta":{"_trash_the_other_posts":false},"product_brand":[],"product_cat":[567],"product_tag":[],"berocket_brand":[1059],"class_list":{"0":"post-382160","1":"product","2":"type-product","3":"status-publish","4":"has-post-thumbnail","6":"product_cat-concealer","7":"pa_brand-beautyuk","8":"berocket_brand-beautyuk","10":"first","11":"instock","12":"sale","13":"taxable","14":"shipping-taxable","15":"purchasable","16":"product-type-simple"},"_links":{"self":[{"href":"https:\/\/stylingagenten.com\/no\/wp-json\/wp\/v2\/product\/382160","targetHints":{"allow":["GET"]}}],"collection":[{"href":"https:\/\/stylingagenten.com\/no\/wp-json\/wp\/v2\/product"}],"about":[{"href":"https:\/\/stylingagenten.com\/no\/wp-json\/wp\/v2\/types\/product"}],"replies":[{"embeddable":true,"href":"https:\/\/stylingagenten.com\/no\/wp-json\/wp\/v2\/comments?post=382160"}],"version-history":[{"count":0,"href":"https:\/\/stylingagenten.com\/no\/wp-json\/wp\/v2\/product\/382160\/revisions"}],"wp:featuredmedia":[{"embeddable":true,"href":"https:\/\/stylingagenten.com\/no\/wp-json\/wp\/v2\/media\/382158"}],"wp:attachment":[{"href":"https:\/\/stylingagenten.com\/no\/wp-json\/wp\/v2\/media?parent=382160"}],"wp:term":[{"taxonomy":"product_brand","embeddable":true,"href":"https:\/\/stylingagenten.com\/no\/wp-json\/wp\/v2\/product_brand?post=382160"},{"taxonomy":"product_cat","embeddable":true,"href":"https:\/\/stylingagenten.com\/no\/wp-json\/wp\/v2\/product_cat?post=382160"},{"taxonomy":"product_tag","embeddable":true,"href":"https:\/\/stylingagenten.com\/no\/wp-json\/wp\/v2\/product_tag?post=382160"},{"taxonomy":"berocket_brand","embeddable":true,"href":"https:\/\/stylingagenten.com\/no\/wp-json\/wp\/v2\/berocket_brand?post=382160"}],"curies":[{"name":"wp","href":"https:\/\/api.w.org\/{rel}","templated":true}]}}