{"id":381934,"date":"2025-05-18T21:19:47","date_gmt":"2025-05-18T21:19:47","guid":{"rendered":"https:\/\/staging2.stylingagenten.com\/no\/produkt\/maybelline-instant-anti-age-eraser-concealer-02-nude\/"},"modified":"2025-12-18T21:54:25","modified_gmt":"2025-12-18T21:54:25","slug":"maybelline-instant-anti-age-eraser-concealer-02-nude","status":"publish","type":"product","link":"https:\/\/stylingagenten.com\/no\/produkt\/maybelline-instant-anti-age-eraser-concealer-02-nude\/","title":{"rendered":"Maybelline Instant Anti Age Eraser Concealer &#8211; 02 Nude"},"content":{"rendered":"<p>Maybelline Instant Anti-Age Eraser Concealer er en prisvinnende concealer som dekker m\u00f8rke ringer, fine linjer og frisker opp omr\u00e5det under \u00f8ynene. Denne konsentrerte concealeren er beriket med gojib\u00e6r og halokyl. Den har en innebygd svampapplikator for en flekkerfri og enkel p\u00e5f\u00f8ring.<\/p>\n","protected":false},"excerpt":{"rendered":"<p>Maybelline Instant Anti-Age Eraser Concealer er en prisvinnende concealer som dekker m\u00f8rke ringer, fine linjer og frisker opp omr\u00e5det under \u00f8ynene. Denne konsentrerte concealeren er beriket med gojib\u00e6r og halokyl. Den har en innebygd svampapplikator for en flekkerfri og enkel p\u00e5f\u00f8ring.<\/p>\n","protected":false},"featured_media":381931,"comment_status":"open","ping_status":"closed","template":"","meta":{"_trash_the_other_posts":false},"product_brand":[],"product_cat":[567,717],"product_tag":[3501],"berocket_brand":[1016],"class_list":{"0":"post-381934","1":"product","2":"type-product","3":"status-publish","4":"has-post-thumbnail","6":"product_cat-concealer","7":"product_cat-virale-produkter","8":"product_tag-maybelline-instant-anti-age-eraser-concealer","9":"pa_brand-maybelline","10":"pa_variant-02-nude","11":"berocket_brand-maybelline","13":"first","14":"instock","15":"sale","16":"taxable","17":"shipping-taxable","18":"purchasable","19":"product-type-simple"},"_links":{"self":[{"href":"https:\/\/stylingagenten.com\/no\/wp-json\/wp\/v2\/product\/381934","targetHints":{"allow":["GET"]}}],"collection":[{"href":"https:\/\/stylingagenten.com\/no\/wp-json\/wp\/v2\/product"}],"about":[{"href":"https:\/\/stylingagenten.com\/no\/wp-json\/wp\/v2\/types\/product"}],"replies":[{"embeddable":true,"href":"https:\/\/stylingagenten.com\/no\/wp-json\/wp\/v2\/comments?post=381934"}],"version-history":[{"count":0,"href":"https:\/\/stylingagenten.com\/no\/wp-json\/wp\/v2\/product\/381934\/revisions"}],"wp:featuredmedia":[{"embeddable":true,"href":"https:\/\/stylingagenten.com\/no\/wp-json\/wp\/v2\/media\/381931"}],"wp:attachment":[{"href":"https:\/\/stylingagenten.com\/no\/wp-json\/wp\/v2\/media?parent=381934"}],"wp:term":[{"taxonomy":"product_brand","embeddable":true,"href":"https:\/\/stylingagenten.com\/no\/wp-json\/wp\/v2\/product_brand?post=381934"},{"taxonomy":"product_cat","embeddable":true,"href":"https:\/\/stylingagenten.com\/no\/wp-json\/wp\/v2\/product_cat?post=381934"},{"taxonomy":"product_tag","embeddable":true,"href":"https:\/\/stylingagenten.com\/no\/wp-json\/wp\/v2\/product_tag?post=381934"},{"taxonomy":"berocket_brand","embeddable":true,"href":"https:\/\/stylingagenten.com\/no\/wp-json\/wp\/v2\/berocket_brand?post=381934"}],"curies":[{"name":"wp","href":"https:\/\/api.w.org\/{rel}","templated":true}]}}