{"id":381920,"date":"2025-05-18T21:19:44","date_gmt":"2025-05-18T21:19:44","guid":{"rendered":"https:\/\/staging2.stylingagenten.com\/no\/produkt\/beauty-uk-conceal-correct-liquid-concealer-no-2\/"},"modified":"2026-03-26T07:59:18","modified_gmt":"2026-03-26T07:59:18","slug":"beauty-uk-conceal-correct-liquid-concealer-no-2","status":"publish","type":"product","link":"https:\/\/stylingagenten.com\/no\/produkt\/beauty-uk-conceal-correct-liquid-concealer-no-2\/","title":{"rendered":"Beauty UK Conceal &amp; Correct Liquid Concealer No.2"},"content":{"rendered":"<p>Beauty UK Skjul &amp; Correct er en ny flytende concealer som et veldig effektivt sett skjuler m\u00f8rke ringer, r\u00f8dhet og pigmentflekker. Den er tilgjengelig i de tre nyansene fair, medium og dark og er veldig enkel \u00e5 p\u00e5f\u00f8re.<\/p>\n<p>&nbsp;<\/p>\n","protected":false},"excerpt":{"rendered":"<p>Beauty UK Skjul &amp; Correct er en ny flytende concealer som et veldig effektivt sett skjuler m\u00f8rke ringer, r\u00f8dhet og pigmentflekker. Den er tilgjengelig i de tre nyansene fair, medium og dark og er veldig enkel \u00e5 p\u00e5f\u00f8re. &nbsp;<\/p>\n","protected":false},"featured_media":381918,"comment_status":"open","ping_status":"closed","template":"","meta":{"_trash_the_other_posts":false},"product_brand":[],"product_cat":[567],"product_tag":[2486],"berocket_brand":[1059],"class_list":{"0":"post-381920","1":"product","2":"type-product","3":"status-publish","4":"has-post-thumbnail","6":"product_cat-concealer","7":"product_tag-beauty-uk-conceal-correct-liquid-concealer","8":"pa_brand-beautyuk","9":"pa_variant-no-2","10":"berocket_brand-beautyuk","12":"first","13":"instock","14":"sale","15":"taxable","16":"shipping-taxable","17":"purchasable","18":"product-type-simple"},"_links":{"self":[{"href":"https:\/\/stylingagenten.com\/no\/wp-json\/wp\/v2\/product\/381920","targetHints":{"allow":["GET"]}}],"collection":[{"href":"https:\/\/stylingagenten.com\/no\/wp-json\/wp\/v2\/product"}],"about":[{"href":"https:\/\/stylingagenten.com\/no\/wp-json\/wp\/v2\/types\/product"}],"replies":[{"embeddable":true,"href":"https:\/\/stylingagenten.com\/no\/wp-json\/wp\/v2\/comments?post=381920"}],"version-history":[{"count":0,"href":"https:\/\/stylingagenten.com\/no\/wp-json\/wp\/v2\/product\/381920\/revisions"}],"wp:featuredmedia":[{"embeddable":true,"href":"https:\/\/stylingagenten.com\/no\/wp-json\/wp\/v2\/media\/381918"}],"wp:attachment":[{"href":"https:\/\/stylingagenten.com\/no\/wp-json\/wp\/v2\/media?parent=381920"}],"wp:term":[{"taxonomy":"product_brand","embeddable":true,"href":"https:\/\/stylingagenten.com\/no\/wp-json\/wp\/v2\/product_brand?post=381920"},{"taxonomy":"product_cat","embeddable":true,"href":"https:\/\/stylingagenten.com\/no\/wp-json\/wp\/v2\/product_cat?post=381920"},{"taxonomy":"product_tag","embeddable":true,"href":"https:\/\/stylingagenten.com\/no\/wp-json\/wp\/v2\/product_tag?post=381920"},{"taxonomy":"berocket_brand","embeddable":true,"href":"https:\/\/stylingagenten.com\/no\/wp-json\/wp\/v2\/berocket_brand?post=381920"}],"curies":[{"name":"wp","href":"https:\/\/api.w.org\/{rel}","templated":true}]}}