{"id":381877,"date":"2025-05-18T21:19:33","date_gmt":"2025-05-18T21:19:33","guid":{"rendered":"https:\/\/staging2.stylingagenten.com\/no\/produkt\/shiseido-waso-koshirice-tinted-spot-treatment-8ml-golden-ginger\/"},"modified":"2026-03-30T07:29:52","modified_gmt":"2026-03-30T07:29:52","slug":"shiseido-waso-koshirice-tinted-spot-treatment-8ml-golden-ginger","status":"publish","type":"product","link":"https:\/\/stylingagenten.com\/no\/produkt\/shiseido-waso-koshirice-tinted-spot-treatment-8ml-golden-ginger\/","title":{"rendered":"Shiseido Waso Koshirice Tinted Spot Treatment 8ml &#8211; Golden Ginger"},"content":{"rendered":"<p lang=\"SV-SE\"><span data-contrast=\"auto\" lang=\"SV-SE\">Shiseido&nbsp;introduserer KOSHIRICE CALMING SPOT TREATMENT fra&nbsp;Shiseidos&nbsp;hudpleielinje WASO, tilpasset hudpleie ;r a younger hud. En flekkbehandling og&nbsp;concealer&nbsp;i en som umiddelbart skjuler&nbsp;flekker&nbsp;og kviser samtidig som den beroliger og motvirker dem. En blanding av&nbsp;Koshihikari-ris, en ingrediens som har&nbsp;antioksidantegenskaper&nbsp;og salisylsyre gj\u00f8r utseendet til urenhetene avtar mens&nbsp;concealeren&nbsp;dekker r\u00f8dheten. Passer for alle hudtyper og er helt vegansk.<\/span><span data-ccp-props='{\"201341983\":0,\"335559739\":160,\"335559740\":259}'>&nbsp;<\/span> <\/p>\n<p lang=\"SV-SE\">&nbsp;<br \/><span data-contrast=\"auto\" lang=\"SV\">FR&Aring;N B&Ouml;NDER TIL DITT ANSIKT Ved \u00e5 jobbe direkte med b\u00f8nder fra forskjellige regioner i Japan i stedet for konvensjonelle storskalaleverand\u00f8rer, kan vi sikre sporbarheten, friskheten og styrken til ingrediensene v\u00e5re samtidig som vi st\u00f8tter lokale \u00f8konomier .<\/span>&nbsp;<br \/><span data-contrast=\"auto\" lang=\"NO \">Kraften til hver av disse lokalt produserte ingrediensene blir deretter utnyttet av forskere for \u00e5 skape n\u00e6rende hudpleie med dokumentert klinisk effekt.<\/span>&nbsp;<br \/><span data-contrast=\"auto\" lang=\"SV \">&nbsp;&nbsp;<\/span>&nbsp;<br \/><span data-contrast=\"auto\" lang=\"EN\">Laget med ingredienser av h\u00f8y kvalitet som er bevisst valgt ut for deres hudfordeler.<\/span>&nbsp;<br \/><span data-contrast=\"auto\" lang=\"EN\">Veganer&nbsp;formel<\/span>&nbsp;<br \/><span data-contrast=\"auto\" lang=\"EN\">Formelen&nbsp;inneholder vann utvunnet fra bortkastede epler.<\/span>&nbsp;<br \/><span data-contrast=\"auto\" lang=\"SV\">Hvert materiale som brukes i emballasjen v\u00e5r, er bevisst valgt.<\/span>&nbsp;<br \/><span lang=\"NO\">For \u00e5 redusere bruken av plast bruker vi 30 % &aring;resirkulert&nbsp;risskall&nbsp;til ytterlokket.<\/span><span data-ccp-props='{\"201341983 \":0,\"335559739\":160,\"335559740\":259}'>&nbsp;<\/span><\/p>\n","protected":false},"excerpt":{"rendered":"<p>Shiseido&nbsp;introduserer KOSHIRICE CALMING SPOT TREATMENT fra&nbsp;Shiseidos&nbsp;hudpleielinje WASO, tilpasset hudpleie ;r a younger hud. En flekkbehandling og&nbsp;concealer&nbsp;i en som umiddelbart skjuler&nbsp;flekker&nbsp;og kviser samtidig som den beroliger og motvirker dem. En blanding av&nbsp;Koshihikari-ris, en ingrediens som har&nbsp;antioksidantegenskaper&nbsp;og salisylsyre gj\u00f8r utseendet til urenhetene avtar mens&nbsp;concealeren&nbsp;dekker r\u00f8dheten. Passer for alle hudtyper og er helt vegansk.&nbsp; &nbsp;FR&Aring;N B&Ouml;NDER TIL DITT [&hellip;]<\/p>\n","protected":false},"featured_media":381870,"comment_status":"open","ping_status":"closed","template":"","meta":{"_trash_the_other_posts":false},"product_brand":[],"product_cat":[567],"product_tag":[3994],"berocket_brand":[1193],"class_list":{"0":"post-381877","1":"product","2":"type-product","3":"status-publish","4":"has-post-thumbnail","6":"product_cat-concealer","7":"product_tag-shiseido-waso-koshirice-tinted-spot-treatment-8ml","8":"pa_brand-shiseido","9":"pa_variant-golden-ginger","10":"berocket_brand-shiseido","12":"first","13":"instock","14":"sale","15":"taxable","16":"shipping-taxable","17":"purchasable","18":"product-type-simple"},"_links":{"self":[{"href":"https:\/\/stylingagenten.com\/no\/wp-json\/wp\/v2\/product\/381877","targetHints":{"allow":["GET"]}}],"collection":[{"href":"https:\/\/stylingagenten.com\/no\/wp-json\/wp\/v2\/product"}],"about":[{"href":"https:\/\/stylingagenten.com\/no\/wp-json\/wp\/v2\/types\/product"}],"replies":[{"embeddable":true,"href":"https:\/\/stylingagenten.com\/no\/wp-json\/wp\/v2\/comments?post=381877"}],"version-history":[{"count":0,"href":"https:\/\/stylingagenten.com\/no\/wp-json\/wp\/v2\/product\/381877\/revisions"}],"wp:featuredmedia":[{"embeddable":true,"href":"https:\/\/stylingagenten.com\/no\/wp-json\/wp\/v2\/media\/381870"}],"wp:attachment":[{"href":"https:\/\/stylingagenten.com\/no\/wp-json\/wp\/v2\/media?parent=381877"}],"wp:term":[{"taxonomy":"product_brand","embeddable":true,"href":"https:\/\/stylingagenten.com\/no\/wp-json\/wp\/v2\/product_brand?post=381877"},{"taxonomy":"product_cat","embeddable":true,"href":"https:\/\/stylingagenten.com\/no\/wp-json\/wp\/v2\/product_cat?post=381877"},{"taxonomy":"product_tag","embeddable":true,"href":"https:\/\/stylingagenten.com\/no\/wp-json\/wp\/v2\/product_tag?post=381877"},{"taxonomy":"berocket_brand","embeddable":true,"href":"https:\/\/stylingagenten.com\/no\/wp-json\/wp\/v2\/berocket_brand?post=381877"}],"curies":[{"name":"wp","href":"https:\/\/api.w.org\/{rel}","templated":true}]}}