{"id":381869,"date":"2025-05-18T21:19:32","date_gmt":"2025-05-18T21:19:32","guid":{"rendered":"https:\/\/staging2.stylingagenten.com\/no\/produkt\/maybelline-fit-me-concealer-20-sand\/"},"modified":"2026-04-01T13:59:39","modified_gmt":"2026-04-01T13:59:39","slug":"maybelline-fit-me-concealer-20-sand","status":"publish","type":"product","link":"https:\/\/stylingagenten.com\/no\/produkt\/maybelline-fit-me-concealer-20-sand\/","title":{"rendered":"Maybelline Fit Me Concealer 20 Sand"},"content":{"rendered":"<p>Fit Me Concealer fra Maybelline er perfekt for \u00e5 korrigere ujevnheter og skjule m\u00f8rke ringer under \u00f8ynene.<br \/>Concealeren gir en naturlig dekning som gj\u00f8r huden frisk og naturlig og s\u00f8rger for at huden kan puste. Tetter ikke porene. 6,8 ml<\/p>\n","protected":false},"excerpt":{"rendered":"<p>Fit Me Concealer fra Maybelline er perfekt for \u00e5 korrigere ujevnheter og skjule m\u00f8rke ringer under \u00f8ynene.Concealeren gir en naturlig dekning som gj\u00f8r huden frisk og naturlig og s\u00f8rger for at huden kan puste. Tetter ikke porene. 6,8 ml<\/p>\n","protected":false},"featured_media":381865,"comment_status":"open","ping_status":"closed","template":"","meta":{"_trash_the_other_posts":false},"product_brand":[],"product_cat":[567],"product_tag":[3496],"berocket_brand":[1016],"class_list":{"0":"post-381869","1":"product","2":"type-product","3":"status-publish","4":"has-post-thumbnail","6":"product_cat-concealer","7":"product_tag-maybelline-fit-me-concealer","8":"pa_brand-maybelline","9":"pa_variant-20-sand","10":"berocket_brand-maybelline","12":"first","13":"instock","14":"sale","15":"taxable","16":"shipping-taxable","17":"purchasable","18":"product-type-simple"},"_links":{"self":[{"href":"https:\/\/stylingagenten.com\/no\/wp-json\/wp\/v2\/product\/381869","targetHints":{"allow":["GET"]}}],"collection":[{"href":"https:\/\/stylingagenten.com\/no\/wp-json\/wp\/v2\/product"}],"about":[{"href":"https:\/\/stylingagenten.com\/no\/wp-json\/wp\/v2\/types\/product"}],"replies":[{"embeddable":true,"href":"https:\/\/stylingagenten.com\/no\/wp-json\/wp\/v2\/comments?post=381869"}],"version-history":[{"count":0,"href":"https:\/\/stylingagenten.com\/no\/wp-json\/wp\/v2\/product\/381869\/revisions"}],"wp:featuredmedia":[{"embeddable":true,"href":"https:\/\/stylingagenten.com\/no\/wp-json\/wp\/v2\/media\/381865"}],"wp:attachment":[{"href":"https:\/\/stylingagenten.com\/no\/wp-json\/wp\/v2\/media?parent=381869"}],"wp:term":[{"taxonomy":"product_brand","embeddable":true,"href":"https:\/\/stylingagenten.com\/no\/wp-json\/wp\/v2\/product_brand?post=381869"},{"taxonomy":"product_cat","embeddable":true,"href":"https:\/\/stylingagenten.com\/no\/wp-json\/wp\/v2\/product_cat?post=381869"},{"taxonomy":"product_tag","embeddable":true,"href":"https:\/\/stylingagenten.com\/no\/wp-json\/wp\/v2\/product_tag?post=381869"},{"taxonomy":"berocket_brand","embeddable":true,"href":"https:\/\/stylingagenten.com\/no\/wp-json\/wp\/v2\/berocket_brand?post=381869"}],"curies":[{"name":"wp","href":"https:\/\/api.w.org\/{rel}","templated":true}]}}