{"id":381843,"date":"2025-05-18T21:19:28","date_gmt":"2025-05-18T21:19:28","guid":{"rendered":"https:\/\/staging2.stylingagenten.com\/no\/produkt\/nyx-prof-makeup-bare-with-me-concealer-serum-sand-96ml\/"},"modified":"2025-12-18T21:55:51","modified_gmt":"2025-12-18T21:55:51","slug":"nyx-prof-makeup-bare-with-me-concealer-serum-sand-96ml","status":"publish","type":"product","link":"https:\/\/stylingagenten.com\/no\/produkt\/nyx-prof-makeup-bare-with-me-concealer-serum-sand-96ml\/","title":{"rendered":"NYX PROF. MAKEUP Bare With Me Concealer Serum Sand 9,6ml"},"content":{"rendered":"<p>Bare With Me Concealer Serum er et serum som fukter huden i opptil 24 timer, samtidig som de dekker problemomr\u00e5der. Beriket med de hudelskende ingrediensene tremella, cica og gr\u00f8nn te. <br \/>En vegansk sammensetning for ansikt og kropp. Fuktighetsgivende og finnes i flere nyanser. En liten mengde gir middels dekning og naturlige resultater.<\/p>\n<p>Hvordan bruke: P\u00e5f\u00f8r en pumpe Bare With Me Concealer Serum direkte p\u00e5; huden (b\u00e5de ansikt og kropp) for \u00e5 dekke og fukte. Bruk en blandingsb\u00f8rste for \u00e5 blande ut fargen.<br \/>P\u00e5f\u00f8r to pumpetrykk p&aring; problemomr\u00e5der (m\u00f8rke sirkler, urenheter\/ufullkommenheter, r\u00f8dhet, t\u00f8rre omr\u00e5der) for middels dekning.<\/p>\n","protected":false},"excerpt":{"rendered":"<p>Bare With Me Concealer Serum er et serum som fukter huden i opptil 24 timer, samtidig som de dekker problemomr\u00e5der. Beriket med de hudelskende ingrediensene tremella, cica og gr\u00f8nn te. En vegansk sammensetning for ansikt og kropp. Fuktighetsgivende og finnes i flere nyanser. En liten mengde gir middels dekning og naturlige resultater. Hvordan bruke: P\u00e5f\u00f8r [&hellip;]<\/p>\n","protected":false},"featured_media":381820,"comment_status":"open","ping_status":"closed","template":"","meta":{"_trash_the_other_posts":false},"product_brand":[],"product_cat":[567],"product_tag":[3646],"berocket_brand":[1025],"class_list":{"0":"post-381843","1":"product","2":"type-product","3":"status-publish","4":"has-post-thumbnail","6":"product_cat-concealer","7":"product_tag-nyx-prof-makeup-bare-with-me-concealer-serum-96ml","8":"pa_brand-nyx","9":"pa_variant-sand","10":"berocket_brand-nyx","12":"first","13":"instock","14":"sale","15":"taxable","16":"shipping-taxable","17":"purchasable","18":"product-type-simple"},"_links":{"self":[{"href":"https:\/\/stylingagenten.com\/no\/wp-json\/wp\/v2\/product\/381843","targetHints":{"allow":["GET"]}}],"collection":[{"href":"https:\/\/stylingagenten.com\/no\/wp-json\/wp\/v2\/product"}],"about":[{"href":"https:\/\/stylingagenten.com\/no\/wp-json\/wp\/v2\/types\/product"}],"replies":[{"embeddable":true,"href":"https:\/\/stylingagenten.com\/no\/wp-json\/wp\/v2\/comments?post=381843"}],"version-history":[{"count":0,"href":"https:\/\/stylingagenten.com\/no\/wp-json\/wp\/v2\/product\/381843\/revisions"}],"wp:featuredmedia":[{"embeddable":true,"href":"https:\/\/stylingagenten.com\/no\/wp-json\/wp\/v2\/media\/381820"}],"wp:attachment":[{"href":"https:\/\/stylingagenten.com\/no\/wp-json\/wp\/v2\/media?parent=381843"}],"wp:term":[{"taxonomy":"product_brand","embeddable":true,"href":"https:\/\/stylingagenten.com\/no\/wp-json\/wp\/v2\/product_brand?post=381843"},{"taxonomy":"product_cat","embeddable":true,"href":"https:\/\/stylingagenten.com\/no\/wp-json\/wp\/v2\/product_cat?post=381843"},{"taxonomy":"product_tag","embeddable":true,"href":"https:\/\/stylingagenten.com\/no\/wp-json\/wp\/v2\/product_tag?post=381843"},{"taxonomy":"berocket_brand","embeddable":true,"href":"https:\/\/stylingagenten.com\/no\/wp-json\/wp\/v2\/berocket_brand?post=381843"}],"curies":[{"name":"wp","href":"https:\/\/api.w.org\/{rel}","templated":true}]}}