{"id":381796,"date":"2025-05-18T21:19:19","date_gmt":"2025-05-18T21:19:19","guid":{"rendered":"https:\/\/staging2.stylingagenten.com\/no\/produkt\/loreal-infallible-more-than-concealer-323-fawn\/"},"modified":"2026-04-07T00:37:38","modified_gmt":"2026-04-07T00:37:38","slug":"loreal-infallible-more-than-concealer-323-fawn","status":"publish","type":"product","link":"https:\/\/stylingagenten.com\/no\/produkt\/loreal-infallible-more-than-concealer-323-fawn\/","title":{"rendered":"L&#8217;Or\u00e9al Infallible More Than Concealer 323 Fawn"},"content":{"rendered":"<p>Infaillible More Than a Concealer er en heldekkende concealer som varer i 24 timer og f\u00f8les lett p\u00e5 huden. Formelen har et h\u00f8yt pigmentinnhold for maksimal dekning og en blanding av oljer for en behagelig p\u00e5f\u00f8ring. Holder seg som den skal hele dagen uten \u00e5 bli kakete eller fast i fine linjer. Supersize-applikatoren gj\u00f8r den enkel \u00e5 p\u00e5f\u00f8re p\u00e5 spesifikke eller st\u00f8rre hudomr\u00e5der. 11 ml<\/p>\n","protected":false},"excerpt":{"rendered":"<p>Infaillible More Than a Concealer er en heldekkende concealer som varer i 24 timer og f\u00f8les lett p\u00e5 huden. Formelen har et h\u00f8yt pigmentinnhold for maksimal dekning og en blanding av oljer for en behagelig p\u00e5f\u00f8ring. Holder seg som den skal hele dagen uten \u00e5 bli kakete eller fast i fine linjer. Supersize-applikatoren gj\u00f8r den [&hellip;]<\/p>\n","protected":false},"featured_media":381795,"comment_status":"open","ping_status":"closed","template":"","meta":{"_trash_the_other_posts":false},"product_brand":[],"product_cat":[567],"product_tag":[3236],"berocket_brand":[2001],"class_list":{"0":"post-381796","1":"product","2":"type-product","3":"status-publish","4":"has-post-thumbnail","6":"product_cat-concealer","7":"product_tag-loreal-infallible-more-than-concealer","8":"pa_brand-loreal-paris-2","9":"pa_variant-323-fawn","10":"berocket_brand-loreal-paris","12":"first","13":"instock","14":"sale","15":"taxable","16":"shipping-taxable","17":"purchasable","18":"product-type-simple"},"_links":{"self":[{"href":"https:\/\/stylingagenten.com\/no\/wp-json\/wp\/v2\/product\/381796","targetHints":{"allow":["GET"]}}],"collection":[{"href":"https:\/\/stylingagenten.com\/no\/wp-json\/wp\/v2\/product"}],"about":[{"href":"https:\/\/stylingagenten.com\/no\/wp-json\/wp\/v2\/types\/product"}],"replies":[{"embeddable":true,"href":"https:\/\/stylingagenten.com\/no\/wp-json\/wp\/v2\/comments?post=381796"}],"version-history":[{"count":0,"href":"https:\/\/stylingagenten.com\/no\/wp-json\/wp\/v2\/product\/381796\/revisions"}],"wp:featuredmedia":[{"embeddable":true,"href":"https:\/\/stylingagenten.com\/no\/wp-json\/wp\/v2\/media\/381795"}],"wp:attachment":[{"href":"https:\/\/stylingagenten.com\/no\/wp-json\/wp\/v2\/media?parent=381796"}],"wp:term":[{"taxonomy":"product_brand","embeddable":true,"href":"https:\/\/stylingagenten.com\/no\/wp-json\/wp\/v2\/product_brand?post=381796"},{"taxonomy":"product_cat","embeddable":true,"href":"https:\/\/stylingagenten.com\/no\/wp-json\/wp\/v2\/product_cat?post=381796"},{"taxonomy":"product_tag","embeddable":true,"href":"https:\/\/stylingagenten.com\/no\/wp-json\/wp\/v2\/product_tag?post=381796"},{"taxonomy":"berocket_brand","embeddable":true,"href":"https:\/\/stylingagenten.com\/no\/wp-json\/wp\/v2\/berocket_brand?post=381796"}],"curies":[{"name":"wp","href":"https:\/\/api.w.org\/{rel}","templated":true}]}}