{"id":381765,"date":"2025-05-18T21:19:11","date_gmt":"2025-05-18T21:19:11","guid":{"rendered":"https:\/\/staging2.stylingagenten.com\/no\/produkt\/nyx-prof-makeup-concealer-wand-07-tan\/"},"modified":"2025-12-18T21:55:32","modified_gmt":"2025-12-18T21:55:32","slug":"nyx-prof-makeup-concealer-wand-07-tan","status":"publish","type":"product","link":"https:\/\/stylingagenten.com\/no\/produkt\/nyx-prof-makeup-concealer-wand-07-tan\/","title":{"rendered":"NYX PROF. MAKEUP Concealer Wand &#8211; 07 Tan"},"content":{"rendered":"<p>NYX PROFESSIONAL MAKEUP Concealer Wand &#8211; Tan er den lette concealeren som skjuler flekker; skj\u00f8nnhetsfeil, ujevn hudtone og ringer under \u00f8ynene uten \u00e5 se &laquo;kakeaktig&raquo; ut eller faller ut. NYX PROFESSIONAL MAKEUP Concealer Wand er som et lite mirakel og er et av de mest st\u00f8ttede produktene. Formelen glir p\u00e5&aring; som en dr\u00f8m og gir middels til full dekning.<\/p>\n<ul>\n<li>N\u00f8ytrale nyanser: for \u00e5 redusere synligheten av for eksempel urenheter eller mindre urenheter.<\/li>\n<li>Lavendel : for blek hud. <\/li>\n<li>Gr\u00f8nn: reduser synligheten av r\u00f8dhet.<\/li>\n<li>Gul: reduser synligheten av m\u00f8rke ringer.<\/li>\n<\/ul>\n","protected":false},"excerpt":{"rendered":"<p>NYX PROFESSIONAL MAKEUP Concealer Wand &#8211; Tan er den lette concealeren som skjuler flekker; skj\u00f8nnhetsfeil, ujevn hudtone og ringer under \u00f8ynene uten \u00e5 se &laquo;kakeaktig&raquo; ut eller faller ut. NYX PROFESSIONAL MAKEUP Concealer Wand er som et lite mirakel og er et av de mest st\u00f8ttede produktene. Formelen glir p\u00e5&aring; som en dr\u00f8m og gir [&hellip;]<\/p>\n","protected":false},"featured_media":381763,"comment_status":"open","ping_status":"closed","template":"","meta":{"_trash_the_other_posts":false},"product_brand":[],"product_cat":[567],"product_tag":[3657],"berocket_brand":[1025],"class_list":{"0":"post-381765","1":"product","2":"type-product","3":"status-publish","4":"has-post-thumbnail","6":"product_cat-concealer","7":"product_tag-nyx-prof-makeup-concealer-wand","8":"pa_brand-nyx","9":"pa_variant-07-tan","10":"berocket_brand-nyx","12":"first","13":"instock","14":"sale","15":"taxable","16":"shipping-taxable","17":"purchasable","18":"product-type-simple"},"_links":{"self":[{"href":"https:\/\/stylingagenten.com\/no\/wp-json\/wp\/v2\/product\/381765","targetHints":{"allow":["GET"]}}],"collection":[{"href":"https:\/\/stylingagenten.com\/no\/wp-json\/wp\/v2\/product"}],"about":[{"href":"https:\/\/stylingagenten.com\/no\/wp-json\/wp\/v2\/types\/product"}],"replies":[{"embeddable":true,"href":"https:\/\/stylingagenten.com\/no\/wp-json\/wp\/v2\/comments?post=381765"}],"version-history":[{"count":0,"href":"https:\/\/stylingagenten.com\/no\/wp-json\/wp\/v2\/product\/381765\/revisions"}],"wp:featuredmedia":[{"embeddable":true,"href":"https:\/\/stylingagenten.com\/no\/wp-json\/wp\/v2\/media\/381763"}],"wp:attachment":[{"href":"https:\/\/stylingagenten.com\/no\/wp-json\/wp\/v2\/media?parent=381765"}],"wp:term":[{"taxonomy":"product_brand","embeddable":true,"href":"https:\/\/stylingagenten.com\/no\/wp-json\/wp\/v2\/product_brand?post=381765"},{"taxonomy":"product_cat","embeddable":true,"href":"https:\/\/stylingagenten.com\/no\/wp-json\/wp\/v2\/product_cat?post=381765"},{"taxonomy":"product_tag","embeddable":true,"href":"https:\/\/stylingagenten.com\/no\/wp-json\/wp\/v2\/product_tag?post=381765"},{"taxonomy":"berocket_brand","embeddable":true,"href":"https:\/\/stylingagenten.com\/no\/wp-json\/wp\/v2\/berocket_brand?post=381765"}],"curies":[{"name":"wp","href":"https:\/\/api.w.org\/{rel}","templated":true}]}}