{"id":381719,"date":"2025-05-18T21:19:01","date_gmt":"2025-05-18T21:19:01","guid":{"rendered":"https:\/\/staging2.stylingagenten.com\/no\/produkt\/artdeco-perfect-teint-concealer-19-light-beige-2ml\/"},"modified":"2026-04-07T13:25:32","modified_gmt":"2026-04-07T13:25:32","slug":"artdeco-perfect-teint-concealer-19-light-beige-2ml","status":"publish","type":"product","link":"https:\/\/stylingagenten.com\/no\/produkt\/artdeco-perfect-teint-concealer-19-light-beige-2ml\/","title":{"rendered":"Artdeco Perfect Teint Concealer 19 Light Beige 2ml"},"content":{"rendered":"<p>Artdeco Perfect Teint Concealer 19 Light Beige 2ml<br \/>Perfect Teint Concealer har lysreflekterende pigmenter som skjuler m\u00f8rke ringer, fine linjer og rynker. Huden ser jevnere ut og f\u00e5r en sunn gl\u00f8d. Den lette og glatte formelen er vannavst\u00f8tende og slitesterk, og applikatoren har en praktisk vrimekanisme for enkel og presis p\u00e5f\u00f8ring.<br \/>\u2022 Concealer med lysreflekterende pigmenter<br \/>\u2022 Skjuler m\u00f8rke ringer, fine linjer og rynker<br \/>\u2022 Langvarig og vannavst\u00f8tende formel<br \/>\u2022 Praktisk applikator<\/p>\n","protected":false},"excerpt":{"rendered":"<p>Artdeco Perfect Teint Concealer 19 Light Beige 2mlPerfect Teint Concealer har lysreflekterende pigmenter som skjuler m\u00f8rke ringer, fine linjer og rynker. Huden ser jevnere ut og f\u00e5r en sunn gl\u00f8d. Den lette og glatte formelen er vannavst\u00f8tende og slitesterk, og applikatoren har en praktisk vrimekanisme for enkel og presis p\u00e5f\u00f8ring.\u2022 Concealer med lysreflekterende pigmenter\u2022 Skjuler [&hellip;]<\/p>\n","protected":false},"featured_media":381706,"comment_status":"open","ping_status":"closed","template":"","meta":{"_trash_the_other_posts":false},"product_brand":[],"product_cat":[567],"product_tag":[2437],"berocket_brand":[1385],"class_list":{"0":"post-381719","1":"product","2":"type-product","3":"status-publish","4":"has-post-thumbnail","6":"product_cat-concealer","7":"product_tag-artdeco-perfect-teint-concealer-2ml","8":"pa_brand-artdeco","9":"pa_variant-19-light-beige","10":"berocket_brand-artdeco","12":"first","13":"instock","14":"sale","15":"taxable","16":"shipping-taxable","17":"purchasable","18":"product-type-simple"},"_links":{"self":[{"href":"https:\/\/stylingagenten.com\/no\/wp-json\/wp\/v2\/product\/381719","targetHints":{"allow":["GET"]}}],"collection":[{"href":"https:\/\/stylingagenten.com\/no\/wp-json\/wp\/v2\/product"}],"about":[{"href":"https:\/\/stylingagenten.com\/no\/wp-json\/wp\/v2\/types\/product"}],"replies":[{"embeddable":true,"href":"https:\/\/stylingagenten.com\/no\/wp-json\/wp\/v2\/comments?post=381719"}],"version-history":[{"count":0,"href":"https:\/\/stylingagenten.com\/no\/wp-json\/wp\/v2\/product\/381719\/revisions"}],"wp:featuredmedia":[{"embeddable":true,"href":"https:\/\/stylingagenten.com\/no\/wp-json\/wp\/v2\/media\/381706"}],"wp:attachment":[{"href":"https:\/\/stylingagenten.com\/no\/wp-json\/wp\/v2\/media?parent=381719"}],"wp:term":[{"taxonomy":"product_brand","embeddable":true,"href":"https:\/\/stylingagenten.com\/no\/wp-json\/wp\/v2\/product_brand?post=381719"},{"taxonomy":"product_cat","embeddable":true,"href":"https:\/\/stylingagenten.com\/no\/wp-json\/wp\/v2\/product_cat?post=381719"},{"taxonomy":"product_tag","embeddable":true,"href":"https:\/\/stylingagenten.com\/no\/wp-json\/wp\/v2\/product_tag?post=381719"},{"taxonomy":"berocket_brand","embeddable":true,"href":"https:\/\/stylingagenten.com\/no\/wp-json\/wp\/v2\/berocket_brand?post=381719"}],"curies":[{"name":"wp","href":"https:\/\/api.w.org\/{rel}","templated":true}]}}