{"id":381679,"date":"2025-05-18T21:18:54","date_gmt":"2025-05-18T21:18:54","guid":{"rendered":"https:\/\/staging2.stylingagenten.com\/no\/produkt\/kokie-doubletime-full-cover-concealer-110-medium-honey\/"},"modified":"2026-01-15T08:47:53","modified_gmt":"2026-01-15T08:47:53","slug":"kokie-doubletime-full-cover-concealer-110-medium-honey","status":"publish","type":"product","link":"https:\/\/stylingagenten.com\/no\/produkt\/kokie-doubletime-full-cover-concealer-110-medium-honey\/","title":{"rendered":"Kokie Doubletime Full Cover Concealer &#8211; 110 Medium Honey"},"content":{"rendered":"<p>Kokie Doubletime Full Coverage Concealer er designet for \u00e5 gi deg full dekning, kamuflere ufullkommenheter og gi deg en str\u00e5lende, bildeperfekt finish! Med sin avanserte formel og store applikator med dofotdesign, gir den overlegen dekning og enkel p\u00e5f\u00f8ring. Dens rike og kremete tekstur blander seg s\u00f8ml\u00f8st inn i huden din og skjuler effektivt urenheter, m\u00f8rke ringer, r\u00f8dhet og misfarging. Ikke bare gir concealeren eksepsjonell dekning, den har ogs\u00e5 en langvarig, flekkersikker formel som sikrer at utseendet ditt forblir intakt hele dagen.<\/p>\n<p><em>\u2022 Langvarig<br \/>\u2022 Full dekning<br \/>\u2022 Flekksikker formel<\/em><\/p>\n","protected":false},"excerpt":{"rendered":"<p>Kokie Doubletime Full Coverage Concealer er designet for \u00e5 gi deg full dekning, kamuflere ufullkommenheter og gi deg en str\u00e5lende, bildeperfekt finish! Med sin avanserte formel og store applikator med dofotdesign, gir den overlegen dekning og enkel p\u00e5f\u00f8ring. Dens rike og kremete tekstur blander seg s\u00f8ml\u00f8st inn i huden din og skjuler effektivt urenheter, m\u00f8rke [&hellip;]<\/p>\n","protected":false},"featured_media":381669,"comment_status":"open","ping_status":"closed","template":"","meta":{"_trash_the_other_posts":false},"product_brand":[],"product_cat":[567],"product_tag":[3136],"berocket_brand":[1198],"class_list":{"0":"post-381679","1":"product","2":"type-product","3":"status-publish","4":"has-post-thumbnail","6":"product_cat-concealer","7":"product_tag-kokie-doubletime-full-cover-concealer","8":"pa_brand-kokie-cosmetics","9":"pa_variant-110-medium-honey","10":"berocket_brand-kokie-cosmetics","12":"first","13":"instock","14":"taxable","15":"shipping-taxable","16":"purchasable","17":"product-type-simple"},"_links":{"self":[{"href":"https:\/\/stylingagenten.com\/no\/wp-json\/wp\/v2\/product\/381679","targetHints":{"allow":["GET"]}}],"collection":[{"href":"https:\/\/stylingagenten.com\/no\/wp-json\/wp\/v2\/product"}],"about":[{"href":"https:\/\/stylingagenten.com\/no\/wp-json\/wp\/v2\/types\/product"}],"replies":[{"embeddable":true,"href":"https:\/\/stylingagenten.com\/no\/wp-json\/wp\/v2\/comments?post=381679"}],"version-history":[{"count":0,"href":"https:\/\/stylingagenten.com\/no\/wp-json\/wp\/v2\/product\/381679\/revisions"}],"wp:featuredmedia":[{"embeddable":true,"href":"https:\/\/stylingagenten.com\/no\/wp-json\/wp\/v2\/media\/381669"}],"wp:attachment":[{"href":"https:\/\/stylingagenten.com\/no\/wp-json\/wp\/v2\/media?parent=381679"}],"wp:term":[{"taxonomy":"product_brand","embeddable":true,"href":"https:\/\/stylingagenten.com\/no\/wp-json\/wp\/v2\/product_brand?post=381679"},{"taxonomy":"product_cat","embeddable":true,"href":"https:\/\/stylingagenten.com\/no\/wp-json\/wp\/v2\/product_cat?post=381679"},{"taxonomy":"product_tag","embeddable":true,"href":"https:\/\/stylingagenten.com\/no\/wp-json\/wp\/v2\/product_tag?post=381679"},{"taxonomy":"berocket_brand","embeddable":true,"href":"https:\/\/stylingagenten.com\/no\/wp-json\/wp\/v2\/berocket_brand?post=381679"}],"curies":[{"name":"wp","href":"https:\/\/api.w.org\/{rel}","templated":true}]}}