{"id":381602,"date":"2025-05-18T21:18:40","date_gmt":"2025-05-18T21:18:40","guid":{"rendered":"https:\/\/staging2.stylingagenten.com\/no\/produkt\/wet-n-wild-photo-focus-care-color-corrector-3-3ml-white\/"},"modified":"2026-02-27T07:56:37","modified_gmt":"2026-02-27T07:56:37","slug":"wet-n-wild-photo-focus-care-color-corrector-3-3ml-white","status":"publish","type":"product","link":"https:\/\/stylingagenten.com\/no\/produkt\/wet-n-wild-photo-focus-care-color-corrector-3-3ml-white\/","title":{"rendered":"Wet n Wild Photo Focus Care Color Corrector 3.3ml &#8211; White"},"content":{"rendered":"<p>Wet n Wild Photo Focus Care Color Corrector 3,3 ml &#8211; Hvit<br \/>\n<br \/>Photo Focus Care Color Corrector skjuler, lysner og n\u00f8ytraliserer med n\u00e6rende hudpleieingredienser som gir en feilfri base. Denne color correctoren er lett, silkemyk og enkel \u00e5 blande, og f\u00e5r huden til \u00e5 se perfekt ut under foundation. Den hvite color correctoren kan brukes for \u00e5 lysne og fremheve under concealer og foundation, under \u00f8ynene, p\u00e5 ansiktets h\u00f8ydepunkter og p\u00e5 \u00f8yelokket. Den gr\u00f8nne color correctoren kan brukes til \u00e5 dekke r\u00f8dhet og skjule urenheter. Den bl\u00e5 color correctoren n\u00f8ytraliserer concealer eller foundation som er for varm og demper oransje, ferskenfargede og gule undertoner.<\/p>\n","protected":false},"excerpt":{"rendered":"<p>Wet n Wild Photo Focus Care Color Corrector 3,3 ml &#8211; Hvit Photo Focus Care Color Corrector skjuler, lysner og n\u00f8ytraliserer med n\u00e6rende hudpleieingredienser som gir en feilfri base. Denne color correctoren er lett, silkemyk og enkel \u00e5 blande, og f\u00e5r huden til \u00e5 se perfekt ut under foundation. Den hvite color correctoren kan brukes [&hellip;]<\/p>\n","protected":false},"featured_media":381585,"comment_status":"open","ping_status":"closed","template":"","meta":{"_trash_the_other_posts":false},"product_brand":[],"product_cat":[567],"product_tag":[4101],"berocket_brand":[1035],"class_list":{"0":"post-381602","1":"product","2":"type-product","3":"status-publish","4":"has-post-thumbnail","6":"product_cat-concealer","7":"product_tag-wet-n-wild-photo-focus-care-color-corrector-3-3ml","8":"pa_brand-wet-n-wild","9":"pa_variant-white","10":"berocket_brand-wet-n-wild","12":"first","13":"instock","14":"sale","15":"taxable","16":"shipping-taxable","17":"purchasable","18":"product-type-simple"},"_links":{"self":[{"href":"https:\/\/stylingagenten.com\/no\/wp-json\/wp\/v2\/product\/381602","targetHints":{"allow":["GET"]}}],"collection":[{"href":"https:\/\/stylingagenten.com\/no\/wp-json\/wp\/v2\/product"}],"about":[{"href":"https:\/\/stylingagenten.com\/no\/wp-json\/wp\/v2\/types\/product"}],"replies":[{"embeddable":true,"href":"https:\/\/stylingagenten.com\/no\/wp-json\/wp\/v2\/comments?post=381602"}],"version-history":[{"count":0,"href":"https:\/\/stylingagenten.com\/no\/wp-json\/wp\/v2\/product\/381602\/revisions"}],"wp:featuredmedia":[{"embeddable":true,"href":"https:\/\/stylingagenten.com\/no\/wp-json\/wp\/v2\/media\/381585"}],"wp:attachment":[{"href":"https:\/\/stylingagenten.com\/no\/wp-json\/wp\/v2\/media?parent=381602"}],"wp:term":[{"taxonomy":"product_brand","embeddable":true,"href":"https:\/\/stylingagenten.com\/no\/wp-json\/wp\/v2\/product_brand?post=381602"},{"taxonomy":"product_cat","embeddable":true,"href":"https:\/\/stylingagenten.com\/no\/wp-json\/wp\/v2\/product_cat?post=381602"},{"taxonomy":"product_tag","embeddable":true,"href":"https:\/\/stylingagenten.com\/no\/wp-json\/wp\/v2\/product_tag?post=381602"},{"taxonomy":"berocket_brand","embeddable":true,"href":"https:\/\/stylingagenten.com\/no\/wp-json\/wp\/v2\/berocket_brand?post=381602"}],"curies":[{"name":"wp","href":"https:\/\/api.w.org\/{rel}","templated":true}]}}