{"id":381554,"date":"2025-05-18T21:18:34","date_gmt":"2025-05-18T21:18:34","guid":{"rendered":"https:\/\/staging2.stylingagenten.com\/no\/produkt\/wet-n-wild-megalast-incognito-allday-full-coverage-concealer-5-5ml-medium-honey\/"},"modified":"2025-12-18T21:58:57","modified_gmt":"2025-12-18T21:58:57","slug":"wet-n-wild-megalast-incognito-allday-full-coverage-concealer-5-5ml-medium-honey","status":"publish","type":"product","link":"https:\/\/stylingagenten.com\/no\/produkt\/wet-n-wild-megalast-incognito-allday-full-coverage-concealer-5-5ml-medium-honey\/","title":{"rendered":"Wet n Wild MegaLast Incognito AllDay Full Coverage Concealer 5.5ml &#8211; Medium Honey"},"content":{"rendered":"<p>Wet n Wild MegaLast Incognito AllDay Full Coverage Concealer er beriket med n\u00e6rende og fuktighetsgivende ingredienser som sheasm\u00f8r, lakrisrotekstrakt og mangofr\u00f8sm\u00f8r. Den gir langvarig og byggbar medium til full dekning med en matt finish.<\/p>\n<p>Farge: Medium Honey<\/p>\n","protected":false},"excerpt":{"rendered":"<p>Wet n Wild MegaLast Incognito AllDay Full Coverage Concealer er beriket med n\u00e6rende og fuktighetsgivende ingredienser som sheasm\u00f8r, lakrisrotekstrakt og mangofr\u00f8sm\u00f8r. Den gir langvarig og byggbar medium til full dekning med en matt finish. Farge: Medium Honey<\/p>\n","protected":false},"featured_media":381551,"comment_status":"open","ping_status":"closed","template":"","meta":{"_trash_the_other_posts":false},"product_brand":[],"product_cat":[567],"product_tag":[4092],"berocket_brand":[1035],"class_list":{"0":"post-381554","1":"product","2":"type-product","3":"status-publish","4":"has-post-thumbnail","6":"product_cat-concealer","7":"product_tag-wet-n-wild-megalast-incognito-allday-full-coverage-concealer-5-5ml","8":"pa_brand-wet-n-wild","9":"pa_variant-medium-honey","10":"berocket_brand-wet-n-wild","12":"first","13":"instock","14":"sale","15":"taxable","16":"shipping-taxable","17":"purchasable","18":"product-type-simple"},"_links":{"self":[{"href":"https:\/\/stylingagenten.com\/no\/wp-json\/wp\/v2\/product\/381554","targetHints":{"allow":["GET"]}}],"collection":[{"href":"https:\/\/stylingagenten.com\/no\/wp-json\/wp\/v2\/product"}],"about":[{"href":"https:\/\/stylingagenten.com\/no\/wp-json\/wp\/v2\/types\/product"}],"replies":[{"embeddable":true,"href":"https:\/\/stylingagenten.com\/no\/wp-json\/wp\/v2\/comments?post=381554"}],"version-history":[{"count":0,"href":"https:\/\/stylingagenten.com\/no\/wp-json\/wp\/v2\/product\/381554\/revisions"}],"wp:featuredmedia":[{"embeddable":true,"href":"https:\/\/stylingagenten.com\/no\/wp-json\/wp\/v2\/media\/381551"}],"wp:attachment":[{"href":"https:\/\/stylingagenten.com\/no\/wp-json\/wp\/v2\/media?parent=381554"}],"wp:term":[{"taxonomy":"product_brand","embeddable":true,"href":"https:\/\/stylingagenten.com\/no\/wp-json\/wp\/v2\/product_brand?post=381554"},{"taxonomy":"product_cat","embeddable":true,"href":"https:\/\/stylingagenten.com\/no\/wp-json\/wp\/v2\/product_cat?post=381554"},{"taxonomy":"product_tag","embeddable":true,"href":"https:\/\/stylingagenten.com\/no\/wp-json\/wp\/v2\/product_tag?post=381554"},{"taxonomy":"berocket_brand","embeddable":true,"href":"https:\/\/stylingagenten.com\/no\/wp-json\/wp\/v2\/berocket_brand?post=381554"}],"curies":[{"name":"wp","href":"https:\/\/api.w.org\/{rel}","templated":true}]}}