{"id":381503,"date":"2025-05-18T21:18:20","date_gmt":"2025-05-18T21:18:20","guid":{"rendered":"https:\/\/staging2.stylingagenten.com\/no\/produkt\/ida-warg-self-tanning-body-lotion-200ml\/"},"modified":"2026-03-26T15:18:38","modified_gmt":"2026-03-26T15:18:38","slug":"ida-warg-self-tanning-body-lotion-200ml","status":"publish","type":"product","link":"https:\/\/stylingagenten.com\/no\/produkt\/ida-warg-self-tanning-body-lotion-200ml\/","title":{"rendered":"Ida Warg Self Tanning Body Lotion 200ml"},"content":{"rendered":"<p>Ida Warg Self Tanning Body Lotion er en mykgj\u00f8rende krem \u200b\u200bsom gir et solkysset resultat p\u00e5; kun 3 timer ved hjelp av DHA utvunnet fra naturlig sukker. Perfekt for de som \u00f8nsker \u00e5 bygge opp en gradvis brunfarge eller styrke allerede solbrun hud. <br \/>Passer alle hudtoner. 100 % vegansk!<\/p>\n<p>Bruksanvisning:<br \/>P\u00e5f\u00f8r p&aring; renset, t\u00f8rr hud. Vask hendene etter bruk. MERK F\u00d8LGENDE! Ikke eksfolier huden innen 24 timer f\u00f8r behandling. <\/p>\n<p>&nbsp;<\/p>\n<p>&nbsp;<\/p>\n","protected":false},"excerpt":{"rendered":"<p>Ida Warg Self Tanning Body Lotion er en mykgj\u00f8rende krem \u200b\u200bsom gir et solkysset resultat p\u00e5; kun 3 timer ved hjelp av DHA utvunnet fra naturlig sukker. Perfekt for de som \u00f8nsker \u00e5 bygge opp en gradvis brunfarge eller styrke allerede solbrun hud. Passer alle hudtoner. 100 % vegansk! Bruksanvisning:P\u00e5f\u00f8r p&aring; renset, t\u00f8rr hud. Vask [&hellip;]<\/p>\n","protected":false},"featured_media":381500,"comment_status":"open","ping_status":"closed","template":"","meta":{"_trash_the_other_posts":false},"product_brand":[],"product_cat":[561],"product_tag":[],"berocket_brand":[1346],"class_list":{"0":"post-381503","1":"product","2":"type-product","3":"status-publish","4":"has-post-thumbnail","6":"product_cat-brun-uten-sol","7":"pa_brand-ida-warg","8":"berocket_brand-ida-warg","10":"first","11":"instock","12":"sale","13":"taxable","14":"shipping-taxable","15":"purchasable","16":"product-type-simple"},"_links":{"self":[{"href":"https:\/\/stylingagenten.com\/no\/wp-json\/wp\/v2\/product\/381503","targetHints":{"allow":["GET"]}}],"collection":[{"href":"https:\/\/stylingagenten.com\/no\/wp-json\/wp\/v2\/product"}],"about":[{"href":"https:\/\/stylingagenten.com\/no\/wp-json\/wp\/v2\/types\/product"}],"replies":[{"embeddable":true,"href":"https:\/\/stylingagenten.com\/no\/wp-json\/wp\/v2\/comments?post=381503"}],"version-history":[{"count":0,"href":"https:\/\/stylingagenten.com\/no\/wp-json\/wp\/v2\/product\/381503\/revisions"}],"wp:featuredmedia":[{"embeddable":true,"href":"https:\/\/stylingagenten.com\/no\/wp-json\/wp\/v2\/media\/381500"}],"wp:attachment":[{"href":"https:\/\/stylingagenten.com\/no\/wp-json\/wp\/v2\/media?parent=381503"}],"wp:term":[{"taxonomy":"product_brand","embeddable":true,"href":"https:\/\/stylingagenten.com\/no\/wp-json\/wp\/v2\/product_brand?post=381503"},{"taxonomy":"product_cat","embeddable":true,"href":"https:\/\/stylingagenten.com\/no\/wp-json\/wp\/v2\/product_cat?post=381503"},{"taxonomy":"product_tag","embeddable":true,"href":"https:\/\/stylingagenten.com\/no\/wp-json\/wp\/v2\/product_tag?post=381503"},{"taxonomy":"berocket_brand","embeddable":true,"href":"https:\/\/stylingagenten.com\/no\/wp-json\/wp\/v2\/berocket_brand?post=381503"}],"curies":[{"name":"wp","href":"https:\/\/api.w.org\/{rel}","templated":true}]}}