{"id":381492,"date":"2025-05-18T21:18:17","date_gmt":"2025-05-18T21:18:17","guid":{"rendered":"https:\/\/staging2.stylingagenten.com\/no\/produkt\/ida-warg-instant-self-tanning-mousse-extra-dark-150ml\/"},"modified":"2026-03-28T00:18:32","modified_gmt":"2026-03-28T00:18:32","slug":"ida-warg-instant-self-tanning-mousse-extra-dark-150ml","status":"publish","type":"product","link":"https:\/\/stylingagenten.com\/no\/produkt\/ida-warg-instant-self-tanning-mousse-extra-dark-150ml\/","title":{"rendered":"Ida Warg Instant Self Tanning Mousse Extra Dark 150ml"},"content":{"rendered":"<p>Ida Warg Instant Self Tanning Mousse Extra Dark er en brunfarget mousse uten sol som gir deg solkysset hud umiddelbart etter p\u00e5f\u00f8ring. Utvikler seg til en dyp farge etter 3 timer. Gir raske og jevne resultater og har en fuktighetsgivende effekt. <br \/>Passer alle hudtoner. 100 % vegansk!<\/p>\n<p>Bruksanvisning:<br \/>Fukt t\u00f8rre omr\u00e5der som albuer og kn\u00e6r f\u00f8r bruk. Rist flasken forsiktig. Pump ut \u00f8nsket mengde produkt i hansken eller direkte i h\u00e5ndflaten. P\u00e5f\u00f8r produktet i et jevnt, tynt lag over huden. Unng\u00e5 \u00e5 bruke produktet i, eller rett rundt, &ouml;gon, munn og &ouml;ron. Vask hendene etter bruk. Fargen fortsetter \u00e5 utvikle seg i 12 timer. Unng\u00e5 \u00e5 fukte huden innen 3 timer etter behandlingen. MERK F\u00d8LGENDE! Ikke eksfolier huden innen en dag f\u00f8r behandling.<\/p>\n<p>&nbsp;<\/p>\n<p>&nbsp;<\/p>\n","protected":false},"excerpt":{"rendered":"<p>Ida Warg Instant Self Tanning Mousse Extra Dark er en brunfarget mousse uten sol som gir deg solkysset hud umiddelbart etter p\u00e5f\u00f8ring. Utvikler seg til en dyp farge etter 3 timer. Gir raske og jevne resultater og har en fuktighetsgivende effekt. Passer alle hudtoner. 100 % vegansk! Bruksanvisning:Fukt t\u00f8rre omr\u00e5der som albuer og kn\u00e6r f\u00f8r [&hellip;]<\/p>\n","protected":false},"featured_media":381488,"comment_status":"open","ping_status":"closed","template":"","meta":{"_trash_the_other_posts":false},"product_brand":[],"product_cat":[561],"product_tag":[],"berocket_brand":[1346],"class_list":{"0":"post-381492","1":"product","2":"type-product","3":"status-publish","4":"has-post-thumbnail","6":"product_cat-brun-uten-sol","7":"pa_brand-ida-warg","8":"berocket_brand-ida-warg","10":"first","11":"instock","12":"sale","13":"taxable","14":"shipping-taxable","15":"purchasable","16":"product-type-simple"},"_links":{"self":[{"href":"https:\/\/stylingagenten.com\/no\/wp-json\/wp\/v2\/product\/381492","targetHints":{"allow":["GET"]}}],"collection":[{"href":"https:\/\/stylingagenten.com\/no\/wp-json\/wp\/v2\/product"}],"about":[{"href":"https:\/\/stylingagenten.com\/no\/wp-json\/wp\/v2\/types\/product"}],"replies":[{"embeddable":true,"href":"https:\/\/stylingagenten.com\/no\/wp-json\/wp\/v2\/comments?post=381492"}],"version-history":[{"count":0,"href":"https:\/\/stylingagenten.com\/no\/wp-json\/wp\/v2\/product\/381492\/revisions"}],"wp:featuredmedia":[{"embeddable":true,"href":"https:\/\/stylingagenten.com\/no\/wp-json\/wp\/v2\/media\/381488"}],"wp:attachment":[{"href":"https:\/\/stylingagenten.com\/no\/wp-json\/wp\/v2\/media?parent=381492"}],"wp:term":[{"taxonomy":"product_brand","embeddable":true,"href":"https:\/\/stylingagenten.com\/no\/wp-json\/wp\/v2\/product_brand?post=381492"},{"taxonomy":"product_cat","embeddable":true,"href":"https:\/\/stylingagenten.com\/no\/wp-json\/wp\/v2\/product_cat?post=381492"},{"taxonomy":"product_tag","embeddable":true,"href":"https:\/\/stylingagenten.com\/no\/wp-json\/wp\/v2\/product_tag?post=381492"},{"taxonomy":"berocket_brand","embeddable":true,"href":"https:\/\/stylingagenten.com\/no\/wp-json\/wp\/v2\/berocket_brand?post=381492"}],"curies":[{"name":"wp","href":"https:\/\/api.w.org\/{rel}","templated":true}]}}