{"id":381345,"date":"2025-05-18T21:17:33","date_gmt":"2025-05-18T21:17:33","guid":{"rendered":"https:\/\/staging2.stylingagenten.com\/no\/produkt\/bondi-sands-pure-self-tanning-face-mist-70ml\/"},"modified":"2026-04-15T07:10:02","modified_gmt":"2026-04-15T07:10:02","slug":"bondi-sands-pure-self-tanning-face-mist-70ml","status":"publish","type":"product","link":"https:\/\/stylingagenten.com\/no\/produkt\/bondi-sands-pure-self-tanning-face-mist-70ml\/","title":{"rendered":"Bondi Sands Pure Self Tanning Face Mist 70ml"},"content":{"rendered":"<p>V\u00e5r Self Tanning Face Mist gir umiddelbar hydrert hud med en gylden gl\u00f8d. Denne fine misten med en fuktighetsgivende lettvektsformel tetter ikke porer, passer for alle hudtoner og kan p\u00e5f\u00f8res dag eller natt for en sunn gl\u00f8d.<\/p>\n<p>V\u00e5r t\u00e5ke er 100 % resirkulerbar og muliggj\u00f8r kontrollert p\u00e5f\u00f8ring med sin innovativt sprayhode, uten spiralfj\u00e6r av metall. For best resultat, p\u00e5f\u00f8r p\u00e5 ren, t\u00f8rr hud og la virke i 6-8 timer. Vask hendene grundig etter bruk.<\/p>\n<p>Passer alle hudtoner og hudtyper. Pure er pakket i 100 % resirkulerbar emballasje for \u00e5 begrense ytterligere p\u00e5virkning p\u00e5 milj\u00f8et v\u00e5rt.<\/p>\n<p>Med sin gjennomsiktige formel kombinerer Bondi Sands sin anerkjente gylne gl\u00f8deffekt med aktive hudpleieingredienser; fuktighetsgivende hyaluronsyre, gl\u00f8dende vitamin C og reparerende vitamin E. Pure er dermatologisk testet, parfymefri og fri for fargestoffer og passer derfor for alle hudtyper, ogs\u00e5 de mest sensitive.<\/p>\n","protected":false},"excerpt":{"rendered":"<p>V\u00e5r Self Tanning Face Mist gir umiddelbar hydrert hud med en gylden gl\u00f8d. Denne fine misten med en fuktighetsgivende lettvektsformel tetter ikke porer, passer for alle hudtoner og kan p\u00e5f\u00f8res dag eller natt for en sunn gl\u00f8d. V\u00e5r t\u00e5ke er 100 % resirkulerbar og muliggj\u00f8r kontrollert p\u00e5f\u00f8ring med sin innovativt sprayhode, uten spiralfj\u00e6r av metall. [&hellip;]<\/p>\n","protected":false},"featured_media":381331,"comment_status":"open","ping_status":"closed","template":"","meta":{"_trash_the_other_posts":false},"product_brand":[],"product_cat":[561],"product_tag":[],"berocket_brand":[1376],"class_list":{"0":"post-381345","1":"product","2":"type-product","3":"status-publish","4":"has-post-thumbnail","6":"product_cat-brun-uten-sol","7":"pa_brand-bondi-sands","8":"berocket_brand-bondi-sands","10":"first","11":"instock","12":"sale","13":"taxable","14":"shipping-taxable","15":"purchasable","16":"product-type-simple"},"_links":{"self":[{"href":"https:\/\/stylingagenten.com\/no\/wp-json\/wp\/v2\/product\/381345","targetHints":{"allow":["GET"]}}],"collection":[{"href":"https:\/\/stylingagenten.com\/no\/wp-json\/wp\/v2\/product"}],"about":[{"href":"https:\/\/stylingagenten.com\/no\/wp-json\/wp\/v2\/types\/product"}],"replies":[{"embeddable":true,"href":"https:\/\/stylingagenten.com\/no\/wp-json\/wp\/v2\/comments?post=381345"}],"version-history":[{"count":0,"href":"https:\/\/stylingagenten.com\/no\/wp-json\/wp\/v2\/product\/381345\/revisions"}],"wp:featuredmedia":[{"embeddable":true,"href":"https:\/\/stylingagenten.com\/no\/wp-json\/wp\/v2\/media\/381331"}],"wp:attachment":[{"href":"https:\/\/stylingagenten.com\/no\/wp-json\/wp\/v2\/media?parent=381345"}],"wp:term":[{"taxonomy":"product_brand","embeddable":true,"href":"https:\/\/stylingagenten.com\/no\/wp-json\/wp\/v2\/product_brand?post=381345"},{"taxonomy":"product_cat","embeddable":true,"href":"https:\/\/stylingagenten.com\/no\/wp-json\/wp\/v2\/product_cat?post=381345"},{"taxonomy":"product_tag","embeddable":true,"href":"https:\/\/stylingagenten.com\/no\/wp-json\/wp\/v2\/product_tag?post=381345"},{"taxonomy":"berocket_brand","embeddable":true,"href":"https:\/\/stylingagenten.com\/no\/wp-json\/wp\/v2\/berocket_brand?post=381345"}],"curies":[{"name":"wp","href":"https:\/\/api.w.org\/{rel}","templated":true}]}}