{"id":381322,"date":"2025-05-18T21:17:29","date_gmt":"2025-05-18T21:17:29","guid":{"rendered":"https:\/\/staging2.stylingagenten.com\/no\/produkt\/beauty-uk-baked-box-no-1-popsicle-pink\/"},"modified":"2026-04-08T10:08:40","modified_gmt":"2026-04-08T10:08:40","slug":"beauty-uk-baked-box-no-1-popsicle-pink","status":"publish","type":"product","link":"https:\/\/stylingagenten.com\/no\/produkt\/beauty-uk-baked-box-no-1-popsicle-pink\/","title":{"rendered":"Beauty UK Baked Box No.1 Popsicle Pink"},"content":{"rendered":"<p><strong>Beauty UK Baked Box&nbsp;<\/strong>er en samling rouger som gir et sunt og skinnende resultat. Tilgjengelig i fire nyanser som fremhever og definerer med et sl\u00f8r av fin skimmer. Komplett med flip-l\u00e5seboks og stort speil for enkel p\u00e5f\u00f8ring.<\/p>\n","protected":false},"excerpt":{"rendered":"<p>Beauty UK Baked Box&nbsp;er en samling rouger som gir et sunt og skinnende resultat. Tilgjengelig i fire nyanser som fremhever og definerer med et sl\u00f8r av fin skimmer. Komplett med flip-l\u00e5seboks og stort speil for enkel p\u00e5f\u00f8ring.<\/p>\n","protected":false},"featured_media":381320,"comment_status":"open","ping_status":"closed","template":"","meta":{"_trash_the_other_posts":false},"product_brand":[],"product_cat":[659,1005],"product_tag":[2480],"berocket_brand":[1059],"class_list":{"0":"post-381322","1":"product","2":"type-product","3":"status-publish","4":"has-post-thumbnail","6":"product_cat-bronzer","7":"product_cat-outlet","8":"product_tag-beauty-uk-baked-box","9":"pa_brand-beautyuk","10":"pa_variant-no-1-popsicle-pink","11":"berocket_brand-beautyuk","13":"first","14":"outofstock","15":"sale","16":"taxable","17":"shipping-taxable","18":"purchasable","19":"product-type-simple"},"_links":{"self":[{"href":"https:\/\/stylingagenten.com\/no\/wp-json\/wp\/v2\/product\/381322","targetHints":{"allow":["GET"]}}],"collection":[{"href":"https:\/\/stylingagenten.com\/no\/wp-json\/wp\/v2\/product"}],"about":[{"href":"https:\/\/stylingagenten.com\/no\/wp-json\/wp\/v2\/types\/product"}],"replies":[{"embeddable":true,"href":"https:\/\/stylingagenten.com\/no\/wp-json\/wp\/v2\/comments?post=381322"}],"version-history":[{"count":0,"href":"https:\/\/stylingagenten.com\/no\/wp-json\/wp\/v2\/product\/381322\/revisions"}],"wp:featuredmedia":[{"embeddable":true,"href":"https:\/\/stylingagenten.com\/no\/wp-json\/wp\/v2\/media\/381320"}],"wp:attachment":[{"href":"https:\/\/stylingagenten.com\/no\/wp-json\/wp\/v2\/media?parent=381322"}],"wp:term":[{"taxonomy":"product_brand","embeddable":true,"href":"https:\/\/stylingagenten.com\/no\/wp-json\/wp\/v2\/product_brand?post=381322"},{"taxonomy":"product_cat","embeddable":true,"href":"https:\/\/stylingagenten.com\/no\/wp-json\/wp\/v2\/product_cat?post=381322"},{"taxonomy":"product_tag","embeddable":true,"href":"https:\/\/stylingagenten.com\/no\/wp-json\/wp\/v2\/product_tag?post=381322"},{"taxonomy":"berocket_brand","embeddable":true,"href":"https:\/\/stylingagenten.com\/no\/wp-json\/wp\/v2\/berocket_brand?post=381322"}],"curies":[{"name":"wp","href":"https:\/\/api.w.org\/{rel}","templated":true}]}}