{"id":381319,"date":"2025-05-18T21:17:28","date_gmt":"2025-05-18T21:17:28","guid":{"rendered":"https:\/\/staging2.stylingagenten.com\/no\/produkt\/beauty-uk-baked-box-no-4-goddess\/"},"modified":"2026-04-11T00:58:45","modified_gmt":"2026-04-11T00:58:45","slug":"beauty-uk-baked-box-no-4-goddess","status":"publish","type":"product","link":"https:\/\/stylingagenten.com\/no\/produkt\/beauty-uk-baked-box-no-4-goddess\/","title":{"rendered":"Beauty UK Baked Box No.4 Goddess"},"content":{"rendered":"<p><strong>Beauty UK Baked Box&nbsp;<\/strong>er en samling rouger som gir et sunt og skinnende resultat. Tilgjengelig i fire nyanser som fremhever og definerer med et sl\u00f8r av fin skimmer. Komplett med flip-l\u00e5seboks og stort speil for enkel p\u00e5f\u00f8ring.<\/p>\n","protected":false},"excerpt":{"rendered":"<p>Beauty UK Baked Box&nbsp;er en samling rouger som gir et sunt og skinnende resultat. Tilgjengelig i fire nyanser som fremhever og definerer med et sl\u00f8r av fin skimmer. Komplett med flip-l\u00e5seboks og stort speil for enkel p\u00e5f\u00f8ring.<\/p>\n","protected":false},"featured_media":381317,"comment_status":"open","ping_status":"closed","template":"","meta":{"_trash_the_other_posts":false},"product_brand":[],"product_cat":[659],"product_tag":[2480],"berocket_brand":[1059],"class_list":{"0":"post-381319","1":"product","2":"type-product","3":"status-publish","4":"has-post-thumbnail","6":"product_cat-bronzer","7":"product_tag-beauty-uk-baked-box","8":"pa_brand-beautyuk","9":"pa_variant-no-4-goddess","10":"berocket_brand-beautyuk","12":"first","13":"instock","14":"sale","15":"taxable","16":"shipping-taxable","17":"purchasable","18":"product-type-simple"},"_links":{"self":[{"href":"https:\/\/stylingagenten.com\/no\/wp-json\/wp\/v2\/product\/381319","targetHints":{"allow":["GET"]}}],"collection":[{"href":"https:\/\/stylingagenten.com\/no\/wp-json\/wp\/v2\/product"}],"about":[{"href":"https:\/\/stylingagenten.com\/no\/wp-json\/wp\/v2\/types\/product"}],"replies":[{"embeddable":true,"href":"https:\/\/stylingagenten.com\/no\/wp-json\/wp\/v2\/comments?post=381319"}],"version-history":[{"count":0,"href":"https:\/\/stylingagenten.com\/no\/wp-json\/wp\/v2\/product\/381319\/revisions"}],"wp:featuredmedia":[{"embeddable":true,"href":"https:\/\/stylingagenten.com\/no\/wp-json\/wp\/v2\/media\/381317"}],"wp:attachment":[{"href":"https:\/\/stylingagenten.com\/no\/wp-json\/wp\/v2\/media?parent=381319"}],"wp:term":[{"taxonomy":"product_brand","embeddable":true,"href":"https:\/\/stylingagenten.com\/no\/wp-json\/wp\/v2\/product_brand?post=381319"},{"taxonomy":"product_cat","embeddable":true,"href":"https:\/\/stylingagenten.com\/no\/wp-json\/wp\/v2\/product_cat?post=381319"},{"taxonomy":"product_tag","embeddable":true,"href":"https:\/\/stylingagenten.com\/no\/wp-json\/wp\/v2\/product_tag?post=381319"},{"taxonomy":"berocket_brand","embeddable":true,"href":"https:\/\/stylingagenten.com\/no\/wp-json\/wp\/v2\/berocket_brand?post=381319"}],"curies":[{"name":"wp","href":"https:\/\/api.w.org\/{rel}","templated":true}]}}