{"id":381292,"date":"2025-05-18T21:17:20","date_gmt":"2025-05-18T21:17:20","guid":{"rendered":"https:\/\/staging2.stylingagenten.com\/no\/produkt\/wet-n-wild-mega-glo-dual-ended-contour-stick-light-medium-4g\/"},"modified":"2026-03-02T17:47:46","modified_gmt":"2026-03-02T17:47:46","slug":"wet-n-wild-mega-glo-dual-ended-contour-stick-light-medium-4g","status":"publish","type":"product","link":"https:\/\/stylingagenten.com\/no\/produkt\/wet-n-wild-mega-glo-dual-ended-contour-stick-light-medium-4g\/","title":{"rendered":"Wet n Wild Mega Glo Dual-Ended Contour Stick Light\/Medium 4g"},"content":{"rendered":"<p>Wet n Wild Mega Glo Dual-Ended Contour Stick er en myk, kremaktig pinne i to; forskjellige farger som gj\u00f8r kontureringen din enkel, fleksibel og feilfri! Den m\u00f8rke nyansen hjelper deg med \u00e5 forme og definere mens den lyse fargen lyser opp og fremhever de beste egenskapene dine.<\/p>\n","protected":false},"excerpt":{"rendered":"<p>Wet n Wild Mega Glo Dual-Ended Contour Stick er en myk, kremaktig pinne i to; forskjellige farger som gj\u00f8r kontureringen din enkel, fleksibel og feilfri! Den m\u00f8rke nyansen hjelper deg med \u00e5 forme og definere mens den lyse fargen lyser opp og fremhever de beste egenskapene dine.<\/p>\n","protected":false},"featured_media":381291,"comment_status":"open","ping_status":"closed","template":"","meta":{"_trash_the_other_posts":false},"product_brand":[],"product_cat":[659],"product_tag":[],"berocket_brand":[1035],"class_list":{"0":"post-381292","1":"product","2":"type-product","3":"status-publish","4":"has-post-thumbnail","6":"product_cat-bronzer","7":"pa_brand-wet-n-wild","8":"berocket_brand-wet-n-wild","10":"first","11":"instock","12":"sale","13":"taxable","14":"shipping-taxable","15":"purchasable","16":"product-type-simple"},"_links":{"self":[{"href":"https:\/\/stylingagenten.com\/no\/wp-json\/wp\/v2\/product\/381292","targetHints":{"allow":["GET"]}}],"collection":[{"href":"https:\/\/stylingagenten.com\/no\/wp-json\/wp\/v2\/product"}],"about":[{"href":"https:\/\/stylingagenten.com\/no\/wp-json\/wp\/v2\/types\/product"}],"replies":[{"embeddable":true,"href":"https:\/\/stylingagenten.com\/no\/wp-json\/wp\/v2\/comments?post=381292"}],"version-history":[{"count":0,"href":"https:\/\/stylingagenten.com\/no\/wp-json\/wp\/v2\/product\/381292\/revisions"}],"wp:featuredmedia":[{"embeddable":true,"href":"https:\/\/stylingagenten.com\/no\/wp-json\/wp\/v2\/media\/381291"}],"wp:attachment":[{"href":"https:\/\/stylingagenten.com\/no\/wp-json\/wp\/v2\/media?parent=381292"}],"wp:term":[{"taxonomy":"product_brand","embeddable":true,"href":"https:\/\/stylingagenten.com\/no\/wp-json\/wp\/v2\/product_brand?post=381292"},{"taxonomy":"product_cat","embeddable":true,"href":"https:\/\/stylingagenten.com\/no\/wp-json\/wp\/v2\/product_cat?post=381292"},{"taxonomy":"product_tag","embeddable":true,"href":"https:\/\/stylingagenten.com\/no\/wp-json\/wp\/v2\/product_tag?post=381292"},{"taxonomy":"berocket_brand","embeddable":true,"href":"https:\/\/stylingagenten.com\/no\/wp-json\/wp\/v2\/berocket_brand?post=381292"}],"curies":[{"name":"wp","href":"https:\/\/api.w.org\/{rel}","templated":true}]}}