{"id":381269,"date":"2025-05-18T21:17:13","date_gmt":"2025-05-18T21:17:13","guid":{"rendered":"https:\/\/staging2.stylingagenten.com\/no\/produkt\/wet-n-wild-color-icon-bronzer-palm-beach-ready\/"},"modified":"2026-02-04T07:56:51","modified_gmt":"2026-02-04T07:56:51","slug":"wet-n-wild-color-icon-bronzer-palm-beach-ready","status":"publish","type":"product","link":"https:\/\/stylingagenten.com\/no\/produkt\/wet-n-wild-color-icon-bronzer-palm-beach-ready\/","title":{"rendered":"Wet n Wild Color Icon Bronzer Palm Beach Ready"},"content":{"rendered":"<p>Wet n Wild&reg; Fargeikon&trade; Bronzere kommer i fire fantastiske nyanser som gir et vakkert bronsert og solkysset utseende hele \u00e5ret.<br \/>Inneholder perlepigmenter \u00e5 ta med en gyllenbrun glans. Med en ny gelkremformel f\u00e5r huden en naturlig solkysset gl\u00f8d.<br \/>Tilgjengelig i 4 nyanser, cruelty-free, gluten-free, duft-frie og veganske nyanser. Alle wet n wild-produkter er grusomhetsfrie og PETA-godkjente!<\/p>\n","protected":false},"excerpt":{"rendered":"<p>Wet n Wild&reg; Fargeikon&trade; Bronzere kommer i fire fantastiske nyanser som gir et vakkert bronsert og solkysset utseende hele \u00e5ret.Inneholder perlepigmenter \u00e5 ta med en gyllenbrun glans. Med en ny gelkremformel f\u00e5r huden en naturlig solkysset gl\u00f8d.Tilgjengelig i 4 nyanser, cruelty-free, gluten-free, duft-frie og veganske nyanser. Alle wet n wild-produkter er grusomhetsfrie og PETA-godkjente!<\/p>\n","protected":false},"featured_media":381262,"comment_status":"open","ping_status":"closed","template":"","meta":{"_trash_the_other_posts":false},"product_brand":[],"product_cat":[659],"product_tag":[4081],"berocket_brand":[1035],"class_list":{"0":"post-381269","1":"product","2":"type-product","3":"status-publish","4":"has-post-thumbnail","6":"product_cat-bronzer","7":"product_tag-wet-n-wild-color-icon-bronzer","8":"pa_brand-wet-n-wild","9":"pa_variant-palm-beach-ready","10":"berocket_brand-wet-n-wild","12":"first","13":"instock","14":"sale","15":"taxable","16":"shipping-taxable","17":"purchasable","18":"product-type-simple"},"_links":{"self":[{"href":"https:\/\/stylingagenten.com\/no\/wp-json\/wp\/v2\/product\/381269","targetHints":{"allow":["GET"]}}],"collection":[{"href":"https:\/\/stylingagenten.com\/no\/wp-json\/wp\/v2\/product"}],"about":[{"href":"https:\/\/stylingagenten.com\/no\/wp-json\/wp\/v2\/types\/product"}],"replies":[{"embeddable":true,"href":"https:\/\/stylingagenten.com\/no\/wp-json\/wp\/v2\/comments?post=381269"}],"version-history":[{"count":0,"href":"https:\/\/stylingagenten.com\/no\/wp-json\/wp\/v2\/product\/381269\/revisions"}],"wp:featuredmedia":[{"embeddable":true,"href":"https:\/\/stylingagenten.com\/no\/wp-json\/wp\/v2\/media\/381262"}],"wp:attachment":[{"href":"https:\/\/stylingagenten.com\/no\/wp-json\/wp\/v2\/media?parent=381269"}],"wp:term":[{"taxonomy":"product_brand","embeddable":true,"href":"https:\/\/stylingagenten.com\/no\/wp-json\/wp\/v2\/product_brand?post=381269"},{"taxonomy":"product_cat","embeddable":true,"href":"https:\/\/stylingagenten.com\/no\/wp-json\/wp\/v2\/product_cat?post=381269"},{"taxonomy":"product_tag","embeddable":true,"href":"https:\/\/stylingagenten.com\/no\/wp-json\/wp\/v2\/product_tag?post=381269"},{"taxonomy":"berocket_brand","embeddable":true,"href":"https:\/\/stylingagenten.com\/no\/wp-json\/wp\/v2\/berocket_brand?post=381269"}],"curies":[{"name":"wp","href":"https:\/\/api.w.org\/{rel}","templated":true}]}}