{"id":381211,"date":"2025-05-18T21:16:55","date_gmt":"2025-05-18T21:16:55","guid":{"rendered":"https:\/\/staging2.stylingagenten.com\/no\/produkt\/nuxe-poudre-eclat-prodigieux-multi-usage-compact-bronzing-powder\/"},"modified":"2025-11-19T08:19:30","modified_gmt":"2025-11-19T08:19:30","slug":"nuxe-poudre-eclat-prodigieux-multi-usage-compact-bronzing-powder","status":"publish","type":"product","link":"https:\/\/stylingagenten.com\/no\/produkt\/nuxe-poudre-eclat-prodigieux-multi-usage-compact-bronzing-powder\/","title":{"rendered":"Nuxe Poudre Eclat Prodigieux Multi-Usage Compact Bronzing Powder"},"content":{"rendered":"<p>Nuxe Multi-Usage Compact Bronzing Powder er en bronzer med sjasminblomst for b\u00e5de kropp og ansikt.<br \/>Revitaliser brunfargen og gi huden din en vakker solkysset gl\u00f8d. Den fine, luftige teksturen reparerer t\u00f8rr hud og forekomsten av fine linjer.<\/p>\n","protected":false},"excerpt":{"rendered":"<p>Nuxe Multi-Usage Compact Bronzing Powder er en bronzer med sjasminblomst for b\u00e5de kropp og ansikt.Revitaliser brunfargen og gi huden din en vakker solkysset gl\u00f8d. Den fine, luftige teksturen reparerer t\u00f8rr hud og forekomsten av fine linjer.<\/p>\n","protected":false},"featured_media":381208,"comment_status":"open","ping_status":"closed","template":"","meta":{"_trash_the_other_posts":false},"product_brand":[],"product_cat":[659],"product_tag":[],"berocket_brand":[1024],"class_list":{"0":"post-381211","1":"product","2":"type-product","3":"status-publish","4":"has-post-thumbnail","6":"product_cat-bronzer","7":"pa_brand-nuxe","8":"berocket_brand-nuxe","10":"first","11":"outofstock","12":"sale","13":"taxable","14":"shipping-taxable","15":"purchasable","16":"product-type-simple"},"_links":{"self":[{"href":"https:\/\/stylingagenten.com\/no\/wp-json\/wp\/v2\/product\/381211","targetHints":{"allow":["GET"]}}],"collection":[{"href":"https:\/\/stylingagenten.com\/no\/wp-json\/wp\/v2\/product"}],"about":[{"href":"https:\/\/stylingagenten.com\/no\/wp-json\/wp\/v2\/types\/product"}],"replies":[{"embeddable":true,"href":"https:\/\/stylingagenten.com\/no\/wp-json\/wp\/v2\/comments?post=381211"}],"version-history":[{"count":0,"href":"https:\/\/stylingagenten.com\/no\/wp-json\/wp\/v2\/product\/381211\/revisions"}],"wp:featuredmedia":[{"embeddable":true,"href":"https:\/\/stylingagenten.com\/no\/wp-json\/wp\/v2\/media\/381208"}],"wp:attachment":[{"href":"https:\/\/stylingagenten.com\/no\/wp-json\/wp\/v2\/media?parent=381211"}],"wp:term":[{"taxonomy":"product_brand","embeddable":true,"href":"https:\/\/stylingagenten.com\/no\/wp-json\/wp\/v2\/product_brand?post=381211"},{"taxonomy":"product_cat","embeddable":true,"href":"https:\/\/stylingagenten.com\/no\/wp-json\/wp\/v2\/product_cat?post=381211"},{"taxonomy":"product_tag","embeddable":true,"href":"https:\/\/stylingagenten.com\/no\/wp-json\/wp\/v2\/product_tag?post=381211"},{"taxonomy":"berocket_brand","embeddable":true,"href":"https:\/\/stylingagenten.com\/no\/wp-json\/wp\/v2\/berocket_brand?post=381211"}],"curies":[{"name":"wp","href":"https:\/\/api.w.org\/{rel}","templated":true}]}}