{"id":381200,"date":"2025-05-18T21:16:51","date_gmt":"2025-05-18T21:16:51","guid":{"rendered":"https:\/\/staging2.stylingagenten.com\/no\/produkt\/kokie-matte-bronzer-sol-tan\/"},"modified":"2026-04-14T02:38:46","modified_gmt":"2026-04-14T02:38:46","slug":"kokie-matte-bronzer-sol-tan","status":"publish","type":"product","link":"https:\/\/stylingagenten.com\/no\/produkt\/kokie-matte-bronzer-sol-tan\/","title":{"rendered":"Kokie Matte Bronzer &#8211; Sol Tan"},"content":{"rendered":"<p>Oppkj\u00f8p; en solkysset look som varer hele dagen med denne blandbare, matte bronzeren fra Kokie Cosmetics. <br \/>De rike pigmentene gj\u00f8r det enkelt \u00e5 tilf\u00f8re dybde og varme til \u00f8nskede omr\u00e5der. <\/p>\n<p>Velg mellom fire nyanser!<br \/>Solbelyst fersken<br \/>Stay Golden<br \/>Heatwave<br \/>Sol Tan<\/p>\n","protected":false},"excerpt":{"rendered":"<p>Oppkj\u00f8p; en solkysset look som varer hele dagen med denne blandbare, matte bronzeren fra Kokie Cosmetics. De rike pigmentene gj\u00f8r det enkelt \u00e5 tilf\u00f8re dybde og varme til \u00f8nskede omr\u00e5der. Velg mellom fire nyanser!Solbelyst ferskenStay GoldenHeatwaveSol Tan<\/p>\n","protected":false},"featured_media":381198,"comment_status":"open","ping_status":"closed","template":"","meta":{"_trash_the_other_posts":false},"product_brand":[],"product_cat":[659],"product_tag":[3150],"berocket_brand":[1198],"class_list":{"0":"post-381200","1":"product","2":"type-product","3":"status-publish","4":"has-post-thumbnail","6":"product_cat-bronzer","7":"product_tag-kokie-matte-bronzer","8":"pa_brand-kokie-cosmetics","9":"pa_variant-sol-tan","10":"berocket_brand-kokie-cosmetics","12":"first","13":"instock","14":"taxable","15":"shipping-taxable","16":"purchasable","17":"product-type-simple"},"_links":{"self":[{"href":"https:\/\/stylingagenten.com\/no\/wp-json\/wp\/v2\/product\/381200","targetHints":{"allow":["GET"]}}],"collection":[{"href":"https:\/\/stylingagenten.com\/no\/wp-json\/wp\/v2\/product"}],"about":[{"href":"https:\/\/stylingagenten.com\/no\/wp-json\/wp\/v2\/types\/product"}],"replies":[{"embeddable":true,"href":"https:\/\/stylingagenten.com\/no\/wp-json\/wp\/v2\/comments?post=381200"}],"version-history":[{"count":0,"href":"https:\/\/stylingagenten.com\/no\/wp-json\/wp\/v2\/product\/381200\/revisions"}],"wp:featuredmedia":[{"embeddable":true,"href":"https:\/\/stylingagenten.com\/no\/wp-json\/wp\/v2\/media\/381198"}],"wp:attachment":[{"href":"https:\/\/stylingagenten.com\/no\/wp-json\/wp\/v2\/media?parent=381200"}],"wp:term":[{"taxonomy":"product_brand","embeddable":true,"href":"https:\/\/stylingagenten.com\/no\/wp-json\/wp\/v2\/product_brand?post=381200"},{"taxonomy":"product_cat","embeddable":true,"href":"https:\/\/stylingagenten.com\/no\/wp-json\/wp\/v2\/product_cat?post=381200"},{"taxonomy":"product_tag","embeddable":true,"href":"https:\/\/stylingagenten.com\/no\/wp-json\/wp\/v2\/product_tag?post=381200"},{"taxonomy":"berocket_brand","embeddable":true,"href":"https:\/\/stylingagenten.com\/no\/wp-json\/wp\/v2\/berocket_brand?post=381200"}],"curies":[{"name":"wp","href":"https:\/\/api.w.org\/{rel}","templated":true}]}}