{"id":381152,"date":"2025-05-18T21:16:37","date_gmt":"2025-05-18T21:16:37","guid":{"rendered":"https:\/\/staging2.stylingagenten.com\/no\/produkt\/max-factor-facefinity-powder-bronzer-01-light-bronze\/"},"modified":"2026-04-10T05:08:38","modified_gmt":"2026-04-10T05:08:38","slug":"max-factor-facefinity-powder-bronzer-01-light-bronze","status":"publish","type":"product","link":"https:\/\/stylingagenten.com\/no\/produkt\/max-factor-facefinity-powder-bronzer-01-light-bronze\/","title":{"rendered":"Max Factor Facefinity Powder Bronzer 01 Light Bronze"},"content":{"rendered":"<p>Facefinity Bronzer fra Max Factor er et solpudder som gir et naturlig solkyss og matt farge. Kan brukes til b\u00e5de ansikt og dekolletage. Facefinity Bronzer har en kompakt formel som passer alle hudtoner. P\u00e5f\u00f8r solpudderet langs ansiktskonturene for en varm forming.<\/p>\n<p>-Matt kompakt solpudder<br \/>-Myk fl\u00f8yelsmyk tekstur<br \/>-Passer alle hudtyper<\/p>\n<p>P\u00e5f\u00f8r langs ansiktskonturene for en varm skulptur. Bruk en pudder- eller r\u00f8dmeb\u00f8rste for et mykt og naturlig resultat. Bronzer er best lagt over en foundation eller et utjevningspudder som base.<br \/>Tips fra Max Factors makeupartist: matte og myke bronzere i varme nyanser for en solkysset look. P\u00e5f\u00f8r i form av en 3 fra tinningen og ned til kjeven for en myk innramming av ansiktet.<\/p>\n","protected":false},"excerpt":{"rendered":"<p>Facefinity Bronzer fra Max Factor er et solpudder som gir et naturlig solkyss og matt farge. Kan brukes til b\u00e5de ansikt og dekolletage. Facefinity Bronzer har en kompakt formel som passer alle hudtoner. P\u00e5f\u00f8r solpudderet langs ansiktskonturene for en varm forming. -Matt kompakt solpudder-Myk fl\u00f8yelsmyk tekstur-Passer alle hudtyper P\u00e5f\u00f8r langs ansiktskonturene for en varm skulptur. [&hellip;]<\/p>\n","protected":false},"featured_media":381150,"comment_status":"open","ping_status":"closed","template":"","meta":{"_trash_the_other_posts":false},"product_brand":[],"product_cat":[659],"product_tag":[3474],"berocket_brand":[1013],"class_list":{"0":"post-381152","1":"product","2":"type-product","3":"status-publish","4":"has-post-thumbnail","6":"product_cat-bronzer","7":"product_tag-max-factor-facefinity-powder-bronzer","8":"pa_brand-max-factor","9":"pa_variant-01-light-bronze","10":"berocket_brand-max-factor","12":"first","13":"instock","14":"sale","15":"taxable","16":"shipping-taxable","17":"purchasable","18":"product-type-simple"},"_links":{"self":[{"href":"https:\/\/stylingagenten.com\/no\/wp-json\/wp\/v2\/product\/381152","targetHints":{"allow":["GET"]}}],"collection":[{"href":"https:\/\/stylingagenten.com\/no\/wp-json\/wp\/v2\/product"}],"about":[{"href":"https:\/\/stylingagenten.com\/no\/wp-json\/wp\/v2\/types\/product"}],"replies":[{"embeddable":true,"href":"https:\/\/stylingagenten.com\/no\/wp-json\/wp\/v2\/comments?post=381152"}],"version-history":[{"count":0,"href":"https:\/\/stylingagenten.com\/no\/wp-json\/wp\/v2\/product\/381152\/revisions"}],"wp:featuredmedia":[{"embeddable":true,"href":"https:\/\/stylingagenten.com\/no\/wp-json\/wp\/v2\/media\/381150"}],"wp:attachment":[{"href":"https:\/\/stylingagenten.com\/no\/wp-json\/wp\/v2\/media?parent=381152"}],"wp:term":[{"taxonomy":"product_brand","embeddable":true,"href":"https:\/\/stylingagenten.com\/no\/wp-json\/wp\/v2\/product_brand?post=381152"},{"taxonomy":"product_cat","embeddable":true,"href":"https:\/\/stylingagenten.com\/no\/wp-json\/wp\/v2\/product_cat?post=381152"},{"taxonomy":"product_tag","embeddable":true,"href":"https:\/\/stylingagenten.com\/no\/wp-json\/wp\/v2\/product_tag?post=381152"},{"taxonomy":"berocket_brand","embeddable":true,"href":"https:\/\/stylingagenten.com\/no\/wp-json\/wp\/v2\/berocket_brand?post=381152"}],"curies":[{"name":"wp","href":"https:\/\/api.w.org\/{rel}","templated":true}]}}