{"id":381124,"date":"2025-05-18T21:16:27","date_gmt":"2025-05-18T21:16:27","guid":{"rendered":"https:\/\/staging2.stylingagenten.com\/no\/produkt\/artdeco-bronzing-powder-compact-50-almond-10g\/"},"modified":"2026-04-09T18:27:40","modified_gmt":"2026-04-09T18:27:40","slug":"artdeco-bronzing-powder-compact-50-almond-10g","status":"publish","type":"product","link":"https:\/\/stylingagenten.com\/no\/produkt\/artdeco-bronzing-powder-compact-50-almond-10g\/","title":{"rendered":"Artdeco Bronzing Powder Compact 50 Almond 10g"},"content":{"rendered":"<p>Artdeco Bronzing Powder Compact 50 Mandel 10g<br \/>V\u00e6r selfie-klar p\u00e5 et \u00f8yeblikk! Bronzing Powder Compact Long-Lasting er en duo bronzer som skaper en ekstremt naturlig og frisk ferielook p\u00e5 kort tid. Det nydelige soldesignet og den luksuri\u00f8se bronseemballasjen f\u00e5r deg til \u00e5 lengte etter sommeren.<\/p>\n<p>&#8211; Duobronzer<br \/>&#8211; Frisk solkysset look<br \/>&#8211; Nydelig soldesign og luksuri\u00f8s bronseemballasje<\/p>\n","protected":false},"excerpt":{"rendered":"<p>Artdeco Bronzing Powder Compact 50 Mandel 10gV\u00e6r selfie-klar p\u00e5 et \u00f8yeblikk! Bronzing Powder Compact Long-Lasting er en duo bronzer som skaper en ekstremt naturlig og frisk ferielook p\u00e5 kort tid. Det nydelige soldesignet og den luksuri\u00f8se bronseemballasjen f\u00e5r deg til \u00e5 lengte etter sommeren. &#8211; Duobronzer&#8211; Frisk solkysset look&#8211; Nydelig soldesign og luksuri\u00f8s bronseemballasje<\/p>\n","protected":false},"featured_media":381123,"comment_status":"open","ping_status":"closed","template":"","meta":{"_trash_the_other_posts":false},"product_brand":[],"product_cat":[659],"product_tag":[],"berocket_brand":[1385],"class_list":{"0":"post-381124","1":"product","2":"type-product","3":"status-publish","4":"has-post-thumbnail","6":"product_cat-bronzer","7":"pa_brand-artdeco","8":"berocket_brand-artdeco","10":"first","11":"instock","12":"sale","13":"taxable","14":"shipping-taxable","15":"purchasable","16":"product-type-simple"},"_links":{"self":[{"href":"https:\/\/stylingagenten.com\/no\/wp-json\/wp\/v2\/product\/381124","targetHints":{"allow":["GET"]}}],"collection":[{"href":"https:\/\/stylingagenten.com\/no\/wp-json\/wp\/v2\/product"}],"about":[{"href":"https:\/\/stylingagenten.com\/no\/wp-json\/wp\/v2\/types\/product"}],"replies":[{"embeddable":true,"href":"https:\/\/stylingagenten.com\/no\/wp-json\/wp\/v2\/comments?post=381124"}],"version-history":[{"count":0,"href":"https:\/\/stylingagenten.com\/no\/wp-json\/wp\/v2\/product\/381124\/revisions"}],"wp:featuredmedia":[{"embeddable":true,"href":"https:\/\/stylingagenten.com\/no\/wp-json\/wp\/v2\/media\/381123"}],"wp:attachment":[{"href":"https:\/\/stylingagenten.com\/no\/wp-json\/wp\/v2\/media?parent=381124"}],"wp:term":[{"taxonomy":"product_brand","embeddable":true,"href":"https:\/\/stylingagenten.com\/no\/wp-json\/wp\/v2\/product_brand?post=381124"},{"taxonomy":"product_cat","embeddable":true,"href":"https:\/\/stylingagenten.com\/no\/wp-json\/wp\/v2\/product_cat?post=381124"},{"taxonomy":"product_tag","embeddable":true,"href":"https:\/\/stylingagenten.com\/no\/wp-json\/wp\/v2\/product_tag?post=381124"},{"taxonomy":"berocket_brand","embeddable":true,"href":"https:\/\/stylingagenten.com\/no\/wp-json\/wp\/v2\/berocket_brand?post=381124"}],"curies":[{"name":"wp","href":"https:\/\/api.w.org\/{rel}","templated":true}]}}