{"id":381118,"date":"2025-05-18T21:16:24","date_gmt":"2025-05-18T21:16:24","guid":{"rendered":"https:\/\/staging2.stylingagenten.com\/no\/produkt\/ida-warg-illuminating-glow-cream-brisa-del-mar-85ml\/"},"modified":"2025-12-18T21:42:30","modified_gmt":"2025-12-18T21:42:30","slug":"ida-warg-illuminating-glow-cream-brisa-del-mar-85ml","status":"publish","type":"product","link":"https:\/\/stylingagenten.com\/no\/produkt\/ida-warg-illuminating-glow-cream-brisa-del-mar-85ml\/","title":{"rendered":"Ida Warg Illuminating Glow Cream Brisa Del Mar 85ml"},"content":{"rendered":"<p>Ida Warg Illuminating Glow Cream Brisa Del Mar er en gl\u00f8dgivende og mykgj\u00f8rende krem som gir deg en str\u00e5lende gl\u00f8d og etterlater huden silkemyk. Beriket med vitamin E og oljer med fuktighetsgivende og beroligende egenskaper. Champagne\/lys gullfarge.<\/p>\n<p>Duften av vanilje<br \/>\n<br \/>100 % Vegansk<br \/>\n<br \/>Cruelty-free<\/p>\n<p>85 ml<\/p>\n","protected":false},"excerpt":{"rendered":"<p>Ida Warg Illuminating Glow Cream Brisa Del Mar er en gl\u00f8dgivende og mykgj\u00f8rende krem som gir deg en str\u00e5lende gl\u00f8d og etterlater huden silkemyk. Beriket med vitamin E og oljer med fuktighetsgivende og beroligende egenskaper. Champagne\/lys gullfarge. Duften av vanilje 100 % Vegansk Cruelty-free 85 ml<\/p>\n","protected":false},"featured_media":381115,"comment_status":"open","ping_status":"closed","template":"","meta":{"_trash_the_other_posts":false},"product_brand":[],"product_cat":[659],"product_tag":[],"berocket_brand":[1346],"class_list":{"0":"post-381118","1":"product","2":"type-product","3":"status-publish","4":"has-post-thumbnail","6":"product_cat-bronzer","7":"pa_brand-ida-warg","8":"berocket_brand-ida-warg","10":"first","11":"instock","12":"sale","13":"taxable","14":"shipping-taxable","15":"purchasable","16":"product-type-simple"},"_links":{"self":[{"href":"https:\/\/stylingagenten.com\/no\/wp-json\/wp\/v2\/product\/381118","targetHints":{"allow":["GET"]}}],"collection":[{"href":"https:\/\/stylingagenten.com\/no\/wp-json\/wp\/v2\/product"}],"about":[{"href":"https:\/\/stylingagenten.com\/no\/wp-json\/wp\/v2\/types\/product"}],"replies":[{"embeddable":true,"href":"https:\/\/stylingagenten.com\/no\/wp-json\/wp\/v2\/comments?post=381118"}],"version-history":[{"count":0,"href":"https:\/\/stylingagenten.com\/no\/wp-json\/wp\/v2\/product\/381118\/revisions"}],"wp:featuredmedia":[{"embeddable":true,"href":"https:\/\/stylingagenten.com\/no\/wp-json\/wp\/v2\/media\/381115"}],"wp:attachment":[{"href":"https:\/\/stylingagenten.com\/no\/wp-json\/wp\/v2\/media?parent=381118"}],"wp:term":[{"taxonomy":"product_brand","embeddable":true,"href":"https:\/\/stylingagenten.com\/no\/wp-json\/wp\/v2\/product_brand?post=381118"},{"taxonomy":"product_cat","embeddable":true,"href":"https:\/\/stylingagenten.com\/no\/wp-json\/wp\/v2\/product_cat?post=381118"},{"taxonomy":"product_tag","embeddable":true,"href":"https:\/\/stylingagenten.com\/no\/wp-json\/wp\/v2\/product_tag?post=381118"},{"taxonomy":"berocket_brand","embeddable":true,"href":"https:\/\/stylingagenten.com\/no\/wp-json\/wp\/v2\/berocket_brand?post=381118"}],"curies":[{"name":"wp","href":"https:\/\/api.w.org\/{rel}","templated":true}]}}