{"id":381102,"date":"2025-05-18T21:16:16","date_gmt":"2025-05-18T21:16:16","guid":{"rendered":"https:\/\/staging2.stylingagenten.com\/no\/produkt\/victorias-secret-pure-seduction-fragrance-mist-250ml\/"},"modified":"2026-04-13T07:10:54","modified_gmt":"2026-04-13T07:10:54","slug":"victorias-secret-pure-seduction-fragrance-mist-250ml","status":"publish","type":"product","link":"https:\/\/stylingagenten.com\/no\/produkt\/victorias-secret-pure-seduction-fragrance-mist-250ml\/","title":{"rendered":"Victoria&#8217;s Secret Pure Seduction Fragrance Mist 250ml"},"content":{"rendered":"<p>Pure Seduction fra Victoria&#8217;s Secret kombinerer notene av melon, plomme og fresia, som sammen f\u00e5r deg til \u00e5 f\u00f8le deg utrolig uimotst\u00e5elig og farlig.<\/p>\n","protected":false},"excerpt":{"rendered":"<p>Pure Seduction fra Victoria&#8217;s Secret kombinerer notene av melon, plomme og fresia, som sammen f\u00e5r deg til \u00e5 f\u00f8le deg utrolig uimotst\u00e5elig og farlig.<\/p>\n","protected":false},"featured_media":457479,"comment_status":"open","ping_status":"closed","template":"","meta":{"_trash_the_other_posts":false},"product_brand":[],"product_cat":[585,735,999],"product_tag":[],"berocket_brand":[1160],"class_list":{"0":"post-381102","1":"product","2":"type-product","3":"status-publish","4":"has-post-thumbnail","6":"product_cat-bodymist-dame","7":"product_cat-kampanje","8":"product_cat-kampanjetilbud-for-henne","9":"pa_brand-victorias-secret","10":"berocket_brand-victorias-secret","12":"first","13":"outofstock","14":"sale","15":"taxable","16":"shipping-taxable","17":"purchasable","18":"product-type-simple"},"_links":{"self":[{"href":"https:\/\/stylingagenten.com\/no\/wp-json\/wp\/v2\/product\/381102","targetHints":{"allow":["GET"]}}],"collection":[{"href":"https:\/\/stylingagenten.com\/no\/wp-json\/wp\/v2\/product"}],"about":[{"href":"https:\/\/stylingagenten.com\/no\/wp-json\/wp\/v2\/types\/product"}],"replies":[{"embeddable":true,"href":"https:\/\/stylingagenten.com\/no\/wp-json\/wp\/v2\/comments?post=381102"}],"version-history":[{"count":0,"href":"https:\/\/stylingagenten.com\/no\/wp-json\/wp\/v2\/product\/381102\/revisions"}],"wp:featuredmedia":[{"embeddable":true,"href":"https:\/\/stylingagenten.com\/no\/wp-json\/wp\/v2\/media\/457479"}],"wp:attachment":[{"href":"https:\/\/stylingagenten.com\/no\/wp-json\/wp\/v2\/media?parent=381102"}],"wp:term":[{"taxonomy":"product_brand","embeddable":true,"href":"https:\/\/stylingagenten.com\/no\/wp-json\/wp\/v2\/product_brand?post=381102"},{"taxonomy":"product_cat","embeddable":true,"href":"https:\/\/stylingagenten.com\/no\/wp-json\/wp\/v2\/product_cat?post=381102"},{"taxonomy":"product_tag","embeddable":true,"href":"https:\/\/stylingagenten.com\/no\/wp-json\/wp\/v2\/product_tag?post=381102"},{"taxonomy":"berocket_brand","embeddable":true,"href":"https:\/\/stylingagenten.com\/no\/wp-json\/wp\/v2\/berocket_brand?post=381102"}],"curies":[{"name":"wp","href":"https:\/\/api.w.org\/{rel}","templated":true}]}}