{"id":380992,"date":"2025-05-18T21:15:15","date_gmt":"2025-05-18T21:15:15","guid":{"rendered":"https:\/\/staging2.stylingagenten.com\/no\/produkt\/lui-jou-sweet-carnation-fragrance-mist-200ml\/"},"modified":"2026-03-11T21:47:17","modified_gmt":"2026-03-11T21:47:17","slug":"lui-jou-sweet-carnation-fragrance-mist-200ml","status":"publish","type":"product","link":"https:\/\/stylingagenten.com\/no\/produkt\/lui-jou-sweet-carnation-fragrance-mist-200ml\/","title":{"rendered":"Lui Jou Sweet Carnation Fragrance Mist 200ml"},"content":{"rendered":"<p>En krydret, men s\u00f8t blomst som gleder sansene ved \u00e5 inspirere til undring og glede. <\/p>\n<p>Sweet Carnation er en fengslende og ikonisk duft som navnet. Toppnotene av saftige p\u00e6rer, r\u00f8de frukter og det fl\u00f8yelsmyke preget av solb\u00e6r driver duften og etterlater den delikat intens. Utviklende og gradvis berikende, hjertenotene forenes, den krydrede nelliken kombineres med fruktige hjertenoter av peon, rose, sjasmin og liljekonvall. De nydelige basenotene blander indisk sandeltre og musk.<\/p>\n<p>Ikonisk. Sensuell. Omsluttende.<\/p>\n<p>Toppnoter: P\u00e6re, kalabrisk bergamot, r\u00f8de frukter, solb\u00e6r<br \/>Hjertenoter: peon, rose, indisk sjasmin, liljekonvall, nellike<br \/>Basenoter: indisk sandeltre, musk<\/p>\n","protected":false},"excerpt":{"rendered":"<p>En krydret, men s\u00f8t blomst som gleder sansene ved \u00e5 inspirere til undring og glede. Sweet Carnation er en fengslende og ikonisk duft som navnet. Toppnotene av saftige p\u00e6rer, r\u00f8de frukter og det fl\u00f8yelsmyke preget av solb\u00e6r driver duften og etterlater den delikat intens. Utviklende og gradvis berikende, hjertenotene forenes, den krydrede nelliken kombineres med [&hellip;]<\/p>\n","protected":false},"featured_media":380991,"comment_status":"open","ping_status":"closed","template":"","meta":{"_trash_the_other_posts":false},"product_brand":[],"product_cat":[585,735,999],"product_tag":[],"berocket_brand":[1377],"class_list":{"0":"post-380992","1":"product","2":"type-product","3":"status-publish","4":"has-post-thumbnail","6":"product_cat-bodymist-dame","7":"product_cat-kampanje","8":"product_cat-kampanjetilbud-for-henne","9":"pa_brand-liu-jo","10":"berocket_brand-liu-jo","12":"first","13":"instock","14":"sale","15":"taxable","16":"shipping-taxable","17":"purchasable","18":"product-type-simple"},"_links":{"self":[{"href":"https:\/\/stylingagenten.com\/no\/wp-json\/wp\/v2\/product\/380992","targetHints":{"allow":["GET"]}}],"collection":[{"href":"https:\/\/stylingagenten.com\/no\/wp-json\/wp\/v2\/product"}],"about":[{"href":"https:\/\/stylingagenten.com\/no\/wp-json\/wp\/v2\/types\/product"}],"replies":[{"embeddable":true,"href":"https:\/\/stylingagenten.com\/no\/wp-json\/wp\/v2\/comments?post=380992"}],"version-history":[{"count":0,"href":"https:\/\/stylingagenten.com\/no\/wp-json\/wp\/v2\/product\/380992\/revisions"}],"wp:featuredmedia":[{"embeddable":true,"href":"https:\/\/stylingagenten.com\/no\/wp-json\/wp\/v2\/media\/380991"}],"wp:attachment":[{"href":"https:\/\/stylingagenten.com\/no\/wp-json\/wp\/v2\/media?parent=380992"}],"wp:term":[{"taxonomy":"product_brand","embeddable":true,"href":"https:\/\/stylingagenten.com\/no\/wp-json\/wp\/v2\/product_brand?post=380992"},{"taxonomy":"product_cat","embeddable":true,"href":"https:\/\/stylingagenten.com\/no\/wp-json\/wp\/v2\/product_cat?post=380992"},{"taxonomy":"product_tag","embeddable":true,"href":"https:\/\/stylingagenten.com\/no\/wp-json\/wp\/v2\/product_tag?post=380992"},{"taxonomy":"berocket_brand","embeddable":true,"href":"https:\/\/stylingagenten.com\/no\/wp-json\/wp\/v2\/berocket_brand?post=380992"}],"curies":[{"name":"wp","href":"https:\/\/api.w.org\/{rel}","templated":true}]}}