{"id":380973,"date":"2025-05-18T21:14:59","date_gmt":"2025-05-18T21:14:59","guid":{"rendered":"https:\/\/staging2.stylingagenten.com\/no\/produkt\/ida-warg-feeling-clean-hair-mist-100ml\/"},"modified":"2026-03-22T07:07:33","modified_gmt":"2026-03-22T07:07:33","slug":"ida-warg-feeling-clean-hair-mist-100ml","status":"publish","type":"product","link":"https:\/\/stylingagenten.com\/no\/produkt\/ida-warg-feeling-clean-hair-mist-100ml\/","title":{"rendered":"Ida Warg Feeling Clean Hair Mist 100ml"},"content":{"rendered":"<p>Forfriskende h\u00e5rmist med aloe vera-ekstrakt som virker beroligende p\u00e5 h\u00e5r og hodebunn samt n\u00e6rende vitaminer og mineraler som styrker slitent h\u00e5r. Etterlater h\u00e5ret oppfrisket, hydrert og skinnende. Spray p\u00e5 t\u00f8rt h\u00e5r for \u00e5 friske opp h\u00e5ret.<\/p>\n<p>Ren duft med et hint av sitrusverbena<br \/>100 % vegansk<br \/>Cruelty-free<\/p>\n","protected":false},"excerpt":{"rendered":"<p>Forfriskende h\u00e5rmist med aloe vera-ekstrakt som virker beroligende p\u00e5 h\u00e5r og hodebunn samt n\u00e6rende vitaminer og mineraler som styrker slitent h\u00e5r. Etterlater h\u00e5ret oppfrisket, hydrert og skinnende. Spray p\u00e5 t\u00f8rt h\u00e5r for \u00e5 friske opp h\u00e5ret. Ren duft med et hint av sitrusverbena100 % veganskCruelty-free<\/p>\n","protected":false},"featured_media":380969,"comment_status":"open","ping_status":"closed","template":"","meta":{"_trash_the_other_posts":false},"product_brand":[],"product_cat":[585,735,999],"product_tag":[],"berocket_brand":[1346],"class_list":{"0":"post-380973","1":"product","2":"type-product","3":"status-publish","4":"has-post-thumbnail","6":"product_cat-bodymist-dame","7":"product_cat-kampanje","8":"product_cat-kampanjetilbud-for-henne","9":"pa_brand-ida-warg","10":"berocket_brand-ida-warg","12":"first","13":"instock","14":"sale","15":"taxable","16":"shipping-taxable","17":"purchasable","18":"product-type-simple"},"_links":{"self":[{"href":"https:\/\/stylingagenten.com\/no\/wp-json\/wp\/v2\/product\/380973","targetHints":{"allow":["GET"]}}],"collection":[{"href":"https:\/\/stylingagenten.com\/no\/wp-json\/wp\/v2\/product"}],"about":[{"href":"https:\/\/stylingagenten.com\/no\/wp-json\/wp\/v2\/types\/product"}],"replies":[{"embeddable":true,"href":"https:\/\/stylingagenten.com\/no\/wp-json\/wp\/v2\/comments?post=380973"}],"version-history":[{"count":0,"href":"https:\/\/stylingagenten.com\/no\/wp-json\/wp\/v2\/product\/380973\/revisions"}],"wp:featuredmedia":[{"embeddable":true,"href":"https:\/\/stylingagenten.com\/no\/wp-json\/wp\/v2\/media\/380969"}],"wp:attachment":[{"href":"https:\/\/stylingagenten.com\/no\/wp-json\/wp\/v2\/media?parent=380973"}],"wp:term":[{"taxonomy":"product_brand","embeddable":true,"href":"https:\/\/stylingagenten.com\/no\/wp-json\/wp\/v2\/product_brand?post=380973"},{"taxonomy":"product_cat","embeddable":true,"href":"https:\/\/stylingagenten.com\/no\/wp-json\/wp\/v2\/product_cat?post=380973"},{"taxonomy":"product_tag","embeddable":true,"href":"https:\/\/stylingagenten.com\/no\/wp-json\/wp\/v2\/product_tag?post=380973"},{"taxonomy":"berocket_brand","embeddable":true,"href":"https:\/\/stylingagenten.com\/no\/wp-json\/wp\/v2\/berocket_brand?post=380973"}],"curies":[{"name":"wp","href":"https:\/\/api.w.org\/{rel}","templated":true}]}}