{"id":380952,"date":"2025-05-18T21:14:45","date_gmt":"2025-05-18T21:14:45","guid":{"rendered":"https:\/\/staging2.stylingagenten.com\/no\/produkt\/samba-coco-love-body-mist-236ml\/"},"modified":"2026-03-24T11:51:32","modified_gmt":"2026-03-24T11:51:32","slug":"samba-coco-love-body-mist-236ml","status":"publish","type":"product","link":"https:\/\/stylingagenten.com\/no\/produkt\/samba-coco-love-body-mist-236ml\/","title":{"rendered":"Samba Coco Love Body Mist 236ml"},"content":{"rendered":"<p>Coco Love er en fruktig, floral duft med en toppnote av kokosn\u00f8ttvann. Hjertenotene inkluderer monoi og davana, og basisnotene avsluttes med fyldig vaniljestang og tonkab\u00f8nner.<\/p>\n<p>Toppnoter: Kokosvann<br \/>Hjertenoter: Monoi, Davana<br \/>Basenoter: Vaniljestang, Tonkab\u00f8nne<\/p>\n","protected":false},"excerpt":{"rendered":"<p>Coco Love er en fruktig, floral duft med en toppnote av kokosn\u00f8ttvann. Hjertenotene inkluderer monoi og davana, og basisnotene avsluttes med fyldig vaniljestang og tonkab\u00f8nner. Toppnoter: KokosvannHjertenoter: Monoi, DavanaBasenoter: Vaniljestang, Tonkab\u00f8nne<\/p>\n","protected":false},"featured_media":380950,"comment_status":"open","ping_status":"closed","template":"","meta":{"_trash_the_other_posts":false},"product_brand":[],"product_cat":[585,735,999],"product_tag":[],"berocket_brand":[1381],"class_list":{"0":"post-380952","1":"product","2":"type-product","3":"status-publish","4":"has-post-thumbnail","6":"product_cat-bodymist-dame","7":"product_cat-kampanje","8":"product_cat-kampanjetilbud-for-henne","9":"pa_brand-samba","10":"berocket_brand-samba","12":"first","13":"instock","14":"sale","15":"taxable","16":"shipping-taxable","17":"purchasable","18":"product-type-simple"},"_links":{"self":[{"href":"https:\/\/stylingagenten.com\/no\/wp-json\/wp\/v2\/product\/380952","targetHints":{"allow":["GET"]}}],"collection":[{"href":"https:\/\/stylingagenten.com\/no\/wp-json\/wp\/v2\/product"}],"about":[{"href":"https:\/\/stylingagenten.com\/no\/wp-json\/wp\/v2\/types\/product"}],"replies":[{"embeddable":true,"href":"https:\/\/stylingagenten.com\/no\/wp-json\/wp\/v2\/comments?post=380952"}],"version-history":[{"count":0,"href":"https:\/\/stylingagenten.com\/no\/wp-json\/wp\/v2\/product\/380952\/revisions"}],"wp:featuredmedia":[{"embeddable":true,"href":"https:\/\/stylingagenten.com\/no\/wp-json\/wp\/v2\/media\/380950"}],"wp:attachment":[{"href":"https:\/\/stylingagenten.com\/no\/wp-json\/wp\/v2\/media?parent=380952"}],"wp:term":[{"taxonomy":"product_brand","embeddable":true,"href":"https:\/\/stylingagenten.com\/no\/wp-json\/wp\/v2\/product_brand?post=380952"},{"taxonomy":"product_cat","embeddable":true,"href":"https:\/\/stylingagenten.com\/no\/wp-json\/wp\/v2\/product_cat?post=380952"},{"taxonomy":"product_tag","embeddable":true,"href":"https:\/\/stylingagenten.com\/no\/wp-json\/wp\/v2\/product_tag?post=380952"},{"taxonomy":"berocket_brand","embeddable":true,"href":"https:\/\/stylingagenten.com\/no\/wp-json\/wp\/v2\/berocket_brand?post=380952"}],"curies":[{"name":"wp","href":"https:\/\/api.w.org\/{rel}","templated":true}]}}